{"id":61,"date":"2013-07-15T10:36:25","date_gmt":"2013-07-15T09:36:25","guid":{"rendered":"http:\/\/www.vision-laser.fr\/?page_id=61"},"modified":"2020-12-15T11:35:38","modified_gmt":"2020-12-15T10:35:38","slug":"lunettes-apres-loperation","status":"publish","type":"page","link":"https:\/\/www.vision-laser.fr\/en\/la-cataracte\/lunettes-apres-loperation\/","title":{"rendered":"Glasses after surgery"},"content":{"rendered":"<p class=\"translation-block\">In most cases, vision is significantly improved after <a href=\"http:\/\/www.vision-laser.fr\/en\/la-cataracte\/loperation\/\" target=\"_self\">cataract surgery<\/a>.<br>\nHowever, it is common for the patient to still need slightly thick lenses to correct their distance vision and it is rare to avoid wearing glasses for near vision. Some visual defects such as astigmatism cannot be corrected by glasses in the patient. Myopia and hyperopia can still be improved even after cataract surgery. In case of sensitivity to light, tinted lenses can be worn for small corrections.<\/p>\n<p class=\"translation-block\">Regarding presbyopia, in the case of a non-accommodative implant, near vision lenses will be required.<br>\nAlso note that a switch between the two eyes is often proposed:<br>\nThe first eye is adjusted to distance vision and the second adjusted to facilitate near vision, which will make it possible to be less dependent on glasses in all circumstances.<br>\nCurrently, the problem of choosing a multifocal implant, i.e. one that will also compensate for presbyopia, is increasingly arising, which is relatively new because a few years ago it was necessary to choose between clear distance vision OR clear near vision.<\/p>","protected":false},"excerpt":{"rendered":"<p>Dans la plupart des cas, la vision est nettement am\u00e9lior\u00e9e apr\u00e8s l\u2019op\u00e9ration de la cataracte. Cependant, il est fr\u00e9quent que l\u2019op\u00e9r\u00e9 n\u00e9cessite tout de m\u00eame des verres un peu \u00e9pais pour corriger sa vision de loin et il est rare d\u2019\u00e9viter le port des lunettes pour la vision de pr\u00e8s. Certains d\u00e9fauts visuels tels que [&hellip;]<\/p>\n","protected":false},"author":2,"featured_media":0,"parent":35,"menu_order":0,"comment_status":"closed","ping_status":"closed","template":"","meta":{"om_disable_all_campaigns":false,"inline_featured_image":false,"_monsterinsights_skip_tracking":false,"_monsterinsights_sitenote_active":false,"_monsterinsights_sitenote_note":"","_monsterinsights_sitenote_category":0,"footnotes":""},"class_list":["post-61","page","type-page","status-publish","hentry"],"jetpack_sharing_enabled":true,"_links":{"self":[{"href":"https:\/\/www.vision-laser.fr\/en\/wp-json\/wp\/v2\/pages\/61","targetHints":{"allow":["GET"]}}],"collection":[{"href":"https:\/\/www.vision-laser.fr\/en\/wp-json\/wp\/v2\/pages"}],"about":[{"href":"https:\/\/www.vision-laser.fr\/en\/wp-json\/wp\/v2\/types\/page"}],"author":[{"embeddable":true,"href":"https:\/\/www.vision-laser.fr\/en\/wp-json\/wp\/v2\/users\/2"}],"replies":[{"embeddable":true,"href":"https:\/\/www.vision-laser.fr\/en\/wp-json\/wp\/v2\/comments?post=61"}],"version-history":[{"count":5,"href":"https:\/\/www.vision-laser.fr\/en\/wp-json\/wp\/v2\/pages\/61\/revisions"}],"predecessor-version":[{"id":931,"href":"https:\/\/www.vision-laser.fr\/en\/wp-json\/wp\/v2\/pages\/61\/revisions\/931"}],"up":[{"embeddable":true,"href":"https:\/\/www.vision-laser.fr\/en\/wp-json\/wp\/v2\/pages\/35"}],"wp:attachment":[{"href":"https:\/\/www.vision-laser.fr\/en\/wp-json\/wp\/v2\/media?parent=61"}],"curies":[{"name":"wp","href":"https:\/\/api.w.org\/{rel}","templated":true}]}}