{"id":390,"date":"2013-07-16T13:17:41","date_gmt":"2013-07-16T12:17:41","guid":{"rendered":"http:\/\/www.vision-laser.fr\/?page_id=390"},"modified":"2025-09-16T16:30:59","modified_gmt":"2025-09-16T15:30:59","slug":"nous-contacter","status":"publish","type":"page","link":"https:\/\/www.vision-laser.fr\/en\/nous-contacter\/","title":{"rendered":"Contact Us"},"content":{"rendered":"<p><strong>Would you like to make an appointment?<\/strong><\/p>\n\n\n\n<p>Notre assistante se tient \u00e0 votre disposition au 07 59 59 63 69.<br>Vous pouvez \u00e9galement, si vous le souhaitez, nous contacter en remplissant le formulaire ici \u00e0 gauche. Nous vous contacterons d\u00e8s r\u00e9ception de votre demande.<\/p>\n\n\n\n<p>Vision Laser Hauts-de-France<br>Centre Hospitalier de Sambre Avesnois, Rue Simone Veil, 59600 Maubeuge<br>Tel : 07 59 59 63 69<br>Mail : <a title=\"Nous \u00e9crire\" href=\"mailto:contact@vision-laser.fr\">contact@vision-laser.fr<\/a><\/p>\n\n\n\n<p><strong><em>Ou bien n&rsquo;h\u00e9sitez pas \u00e0 remplir ce formulaire :<\/em><\/strong><\/p>\n\n\n\n<div class=\"wp-block-contact-form-7-contact-form-selector\">\n<div class=\"wpcf7 no-js\" id=\"wpcf7-f1964-o1\" lang=\"fr-FR\" dir=\"ltr\" data-wpcf7-id=\"1964\">\n<div class=\"screen-reader-response\"><p role=\"status\" aria-live=\"polite\" aria-atomic=\"true\"><\/p> <ul><\/ul><\/div>\n<form action=\"\/en\/wp-json\/wp\/v2\/pages\/390#wpcf7-f1964-o1\" method=\"post\" class=\"wpcf7-form init\" aria-label=\"Formulaire de contact\" novalidate=\"novalidate\" data-status=\"init\" data-trp-original-action=\"\/en\/wp-json\/wp\/v2\/pages\/390#wpcf7-f1964-o1\">\n<fieldset class=\"hidden-fields-container\"><input type=\"hidden\" name=\"_wpcf7\" value=\"1964\" \/><input type=\"hidden\" name=\"_wpcf7_version\" value=\"6.1.5\" \/><input type=\"hidden\" name=\"_wpcf7_locale\" value=\"fr_FR\" \/><input type=\"hidden\" name=\"_wpcf7_unit_tag\" value=\"wpcf7-f1964-o1\" \/><input type=\"hidden\" name=\"_wpcf7_container_post\" value=\"0\" \/><input type=\"hidden\" name=\"_wpcf7_posted_data_hash\" value=\"\" \/><input type=\"hidden\" name=\"_cf7a__timestamp\" value=\"SnfqpqfxYW\/wVGYddEptMQ==\" \/><input type=\"hidden\" name=\"_cf7a_version\" value=\"1.0\" \/><input type=\"hidden\" name=\"_cf7a_address\" value=\"\" \/><input type=\"hidden\" name=\"_cf7a_referer\" value=\"\" \/><input type=\"hidden\" name=\"_cf7a_protocol\" value=\"\" \/><input type=\"hidden\" name=\"redirect_nonce\" value=\"004b2b9016\" \/><input type=\"hidden\" name=\"wpcf7cfpdf_hidden_name\" value=\"document-pdf\" \/><input type=\"hidden\" name=\"wpcf7cfpdf_hidden_reference\" value=\"0f3e41cf\" \/><input type=\"hidden\" name=\"wpcf7cfpdf_hidden_date\" value=\"05042026\" \/><input type=\"hidden\" name=\"_wpcf7_recaptcha_response\" value=\"\" \/><input type=\"hidden\" name=\"_cf7a_bot_fingerprint\" value=\"SnfqpqfxYW\/wVGYddEptMQ==\" \/><input type=\"hidden\" name=\"_cf7a_bot_fingerprint_extras\" \/><input type=\"hidden\" name=\"_cf7a_append_on_submit\" \/>\n<\/fieldset>\n<p><label> Last Name and First Name<br \/>\n<span class=\"wpcf7-form-control-wrap\" data-name=\"your-name\"><input size=\"40\" maxlength=\"400\" class=\"wpcf7-form-control wpcf7-text wpcf7-validates-as-required\" aria-required=\"true\" aria-invalid=\"false\" value=\"\" type=\"text\" name=\"your-name\" \/><input type=\"text\" name=\"name\" value=\"\" autocomplete=\"fill\" class=\"fit-the-fullspace\" aria-hidden=\"true\" tabindex=\"-1\" \/><\/span> <\/label>\n<\/p>\n<p><label> e-mail<br \/>\n<span class=\"wpcf7-form-control-wrap\" data-name=\"your-email\"><input size=\"40\" maxlength=\"400\" class=\"wpcf7-form-control wpcf7-email wpcf7-validates-as-required wpcf7-text wpcf7-validates-as-email\" aria-required=\"true\" aria-invalid=\"false\" value=\"\" type=\"email\" name=\"your-email\" \/><\/span> <\/label>\n<\/p>\n<p><label> Phone Number<br \/>\n<span class=\"wpcf7-form-control-wrap\" data-name=\"tel-Telephone\"><input size=\"40\" maxlength=\"400\" class=\"wpcf7-form-control wpcf7-text wpcf7-validates-as-required\" aria-required=\"true\" aria-invalid=\"false\" value=\"\" type=\"text\" name=\"tel-Telephone\" \/><input type=\"text\" name=\"email\" value=\"\" autocomplete=\"fill\" class=\"fit-the-fullspace\" aria-hidden=\"true\" tabindex=\"-1\" \/><\/span><\/label>\n<\/p>\n<p><label> City<br \/>\n<span class=\"wpcf7-form-control-wrap\" data-name=\"text-Ville\"><input type=\"text\" name=\"address\" value=\"\" autocomplete=\"fill\" class=\"fit-the-fullspace\" aria-hidden=\"true\" tabindex=\"-1\" \/><input size=\"40\" maxlength=\"400\" class=\"wpcf7-form-control wpcf7-text wpcf7-validates-as-required\" aria-required=\"true\" aria-invalid=\"false\" value=\"\" type=\"text\" name=\"text-Ville\" \/><\/span><\/label>\n<\/p>\n<p>I would like to make an appointment for:<br \/>\n<span class=\"wpcf7-form-control-wrap\" data-name=\"radio-rdv\"><span class=\"wpcf7-form-control wpcf7-radio\"><span class=\"wpcf7-list-item first\"><label><input type=\"radio\" name=\"radio-rdv\" value=\"Chirurgie r\u00e9fractive\" checked=\"checked\" \/><span class=\"wpcf7-list-item-label\">Refractive Surgery<\/span><\/label><\/span><span class=\"wpcf7-list-item last\"><label><input type=\"radio\" name=\"radio-rdv\" value=\"Autre\" \/><span class=\"wpcf7-list-item-label\">Other<\/span><\/label><\/span><\/span><\/span>\n<\/p>\n<p>Your message:<br \/>\n<span class=\"wpcf7-form-control-wrap\" data-name=\"textarea-message\"><textarea cols=\"40\" rows=\"10\" maxlength=\"2000\" class=\"wpcf7-form-control wpcf7-textarea\" aria-invalid=\"false\" name=\"textarea-message\"><\/textarea><\/span>\n<\/p>\n<p>Thank you for checking if you found us through:<br \/>\n<span class=\"wpcf7-form-control-wrap\" data-name=\"menu-connu\"><select class=\"wpcf7-form-control wpcf7-select wpcf7-validates-as-required\" aria-required=\"true\" aria-invalid=\"false\" name=\"menu-connu\"><option value=\"Le bouche \u00e0 oreille\">Word of mouth<\/option><option value=\"Notre site web\">Our website<\/option><option value=\"Les r\u00e9seaux sociaux\">Social networks<\/option><option value=\"Classement Google\">Google Ranking<\/option><option value=\"Forums d&#039;op\u00e9r\u00e9s\">Operative Forums<\/option><option value=\"Autre\">Other<\/option><\/select><\/span>\n<\/p>\n<p><input class=\"wpcf7-form-control wpcf7-submit has-spinner\" type=\"submit\" value=\"Submit\" \/>\n<\/p><div class=\"wpcf7-response-output\" aria-hidden=\"true\"><\/div>\n<input type=\"hidden\" name=\"trp-form-language\" value=\"en\"\/><\/form>\n<\/div>\n<\/div>\n\n\n\n<p><iframe loading=\"lazy\" style=\"border: 0;\" src=\"https:\/\/www.google.com\/maps\/embed?pb=!1m18!1m12!1m3!1d2549.605619743913!2d3.98637057556697!3d50.280621999578536!2m3!1f0!2f0!3f0!3m2!1i1024!2i768!4f13.1!3m3!1m2!1s0x47c243c02afcc509%3A0xa4bdd5bf0d4fa7b1!2sVision%20Laser%20Hauts-de-France!5e0!3m2!1sfr!2sbe!4v1722439390411!5m2!1sfr!2sbe\" width=\"600\" height=\"450\" allowfullscreen=\"allowfullscreen\"><\/iframe><\/p>","protected":false},"excerpt":{"rendered":"<p>Vous souhaitez prendre rendez-vous ? Notre assistante se tient \u00e0 votre disposition au 07 59 59 63 69.Vous pouvez \u00e9galement, si vous le souhaitez, nous contacter en remplissant le formulaire ici \u00e0 gauche. Nous vous contacterons d\u00e8s r\u00e9ception de votre demande. Vision Laser Hauts-de-FranceCentre Hospitalier de Sambre Avesnois, Rue Simone Veil, 59600 MaubeugeTel : 07 [&hellip;]<\/p>\n","protected":false},"author":2,"featured_media":0,"parent":0,"menu_order":0,"comment_status":"closed","ping_status":"closed","template":"","meta":{"om_disable_all_campaigns":false,"inline_featured_image":false,"_monsterinsights_skip_tracking":false,"_monsterinsights_sitenote_active":false,"_monsterinsights_sitenote_note":"","_monsterinsights_sitenote_category":0,"footnotes":""},"class_list":["post-390","page","type-page","status-publish","hentry"],"jetpack_sharing_enabled":true,"_links":{"self":[{"href":"https:\/\/www.vision-laser.fr\/en\/wp-json\/wp\/v2\/pages\/390","targetHints":{"allow":["GET"]}}],"collection":[{"href":"https:\/\/www.vision-laser.fr\/en\/wp-json\/wp\/v2\/pages"}],"about":[{"href":"https:\/\/www.vision-laser.fr\/en\/wp-json\/wp\/v2\/types\/page"}],"author":[{"embeddable":true,"href":"https:\/\/www.vision-laser.fr\/en\/wp-json\/wp\/v2\/users\/2"}],"replies":[{"embeddable":true,"href":"https:\/\/www.vision-laser.fr\/en\/wp-json\/wp\/v2\/comments?post=390"}],"version-history":[{"count":55,"href":"https:\/\/www.vision-laser.fr\/en\/wp-json\/wp\/v2\/pages\/390\/revisions"}],"predecessor-version":[{"id":24750,"href":"https:\/\/www.vision-laser.fr\/en\/wp-json\/wp\/v2\/pages\/390\/revisions\/24750"}],"wp:attachment":[{"href":"https:\/\/www.vision-laser.fr\/en\/wp-json\/wp\/v2\/media?parent=390"}],"curies":[{"name":"wp","href":"https:\/\/api.w.org\/{rel}","templated":true}]}}