{"id":261,"date":"2013-07-15T11:15:07","date_gmt":"2013-07-15T10:15:07","guid":{"rendered":"http:\/\/www.vision-laser.fr\/?page_id=261"},"modified":"2020-12-15T11:25:56","modified_gmt":"2020-12-15T10:25:56","slug":"mer-membrane-epiretinienne","status":"publish","type":"page","link":"https:\/\/www.vision-laser.fr\/en\/dmla-macula-retine\/autres-maladies-maculaires\/mer-membrane-epiretinienne\/","title":{"rendered":"MER (epiretinal membrane)"},"content":{"rendered":"<h2>MER (epiretinal membrane) or macular epi.<\/h2>\n<p class=\"translation-block\">The epiretinal membrane is a membrane made of fibrous and cellular tissue that proliferates on the surface of the macula. By contracting, it causes a wrinkling of the macula, which causes the symptoms.<br>\nIn 80% of cases, it is linked to a posterior vitreous detachment, in 20% of cases it follows retinal tears, retinal detachment, ocular inflammation or even vascular pathology.<br>\nIt most often affects people over 65 years old.<\/p>\n<p>Patients complain of decreased visual acuity, metamorphopsia (rippling, distortion of lines and images seen), a sensation of veiled vision and disturbed binocular vision.<\/p>\n<p class=\"translation-block\">The ophthalmologist will perform an OCT, a FO and an angiography.<br>\nWhen the loss of vision is bothersome in the activities of daily life, surgical treatment is recommended.<br>\nIt consists of a vitrectomy (removal of the vitreous body) with dissection of the membrane with forceps.<br>\nThe improvement in visual acuity is spread over a period of 3 months, the symptoms regress but a deformation often persists which is not bothersome in binocular vision.<\/p>","protected":false},"excerpt":{"rendered":"<p>MER (membrane \u00e9pi-r\u00e9tinienne) ou \u00e9pi maculaire. La membrane \u00e9pi-r\u00e9tinienne est une membrane faite d\u2019un tissu fibreux et cellulaire qui prolif\u00e8re \u00e0 la surface de la macula. En se contractant elle entra\u00eene un plissement de la macula \u00e0 l\u2019origine des sympt\u00f4mes. Elle est \u00e0 80% des cas li\u00e9e \u00e0 un d\u00e9collement post\u00e9rieur du vitr\u00e9, dans 20% [&hellip;]<\/p>\n","protected":false},"author":2,"featured_media":0,"parent":85,"menu_order":0,"comment_status":"closed","ping_status":"closed","template":"","meta":{"om_disable_all_campaigns":false,"inline_featured_image":false,"_monsterinsights_skip_tracking":false,"_monsterinsights_sitenote_active":false,"_monsterinsights_sitenote_note":"","_monsterinsights_sitenote_category":0,"footnotes":""},"class_list":["post-261","page","type-page","status-publish","hentry"],"jetpack_sharing_enabled":true,"_links":{"self":[{"href":"https:\/\/www.vision-laser.fr\/en\/wp-json\/wp\/v2\/pages\/261","targetHints":{"allow":["GET"]}}],"collection":[{"href":"https:\/\/www.vision-laser.fr\/en\/wp-json\/wp\/v2\/pages"}],"about":[{"href":"https:\/\/www.vision-laser.fr\/en\/wp-json\/wp\/v2\/types\/page"}],"author":[{"embeddable":true,"href":"https:\/\/www.vision-laser.fr\/en\/wp-json\/wp\/v2\/users\/2"}],"replies":[{"embeddable":true,"href":"https:\/\/www.vision-laser.fr\/en\/wp-json\/wp\/v2\/comments?post=261"}],"version-history":[{"count":4,"href":"https:\/\/www.vision-laser.fr\/en\/wp-json\/wp\/v2\/pages\/261\/revisions"}],"predecessor-version":[{"id":1225,"href":"https:\/\/www.vision-laser.fr\/en\/wp-json\/wp\/v2\/pages\/261\/revisions\/1225"}],"up":[{"embeddable":true,"href":"https:\/\/www.vision-laser.fr\/en\/wp-json\/wp\/v2\/pages\/85"}],"wp:attachment":[{"href":"https:\/\/www.vision-laser.fr\/en\/wp-json\/wp\/v2\/media?parent=261"}],"curies":[{"name":"wp","href":"https:\/\/api.w.org\/{rel}","templated":true}]}}