{"id":242,"date":"2013-07-15T11:10:42","date_gmt":"2013-07-15T10:10:42","guid":{"rendered":"http:\/\/www.vision-laser.fr\/?page_id=242"},"modified":"2025-09-16T16:51:31","modified_gmt":"2025-09-16T15:51:31","slug":"equipement-du-centre","status":"publish","type":"page","link":"https:\/\/www.vision-laser.fr\/en\/le-glaucome\/examen-equipements\/equipement-du-centre\/","title":{"rendered":"The Center's equipment"},"content":{"rendered":"<p>Pour le traitement des diff\u00e9rents glaucomes&nbsp;:<\/p>\n\n\n\n<ul class=\"wp-block-list\">\n<li>For open-angle glaucoma, the Center is equipped with the very recent selective SLT laser, the value of which for the treatment of glaucoma has been demonstrated by recent studies due to its indisputable effectiveness, its total safety and the simplicity of its use due to its painless nature.<\/li>\n\n\n\n<li>Pour le glaucome \u00e0 angle ferm\u00e9, le Centre est \u00e9quip\u00e9 du laser YAG&nbsp;Ellex Tango permettant de r\u00e9aliser sans hospitalisation ni intervention chirurgicale une iridotomie p\u00e9riph\u00e9rique afin de&nbsp;pr\u00e9venir l\u2019apparition du glaucome \u00e0 angle ferm\u00e9.<\/li>\n<\/ul>\n\n\n\n<h2 class=\"wp-block-heading\"><strong>Le Laser Excimer<\/strong>&nbsp;<strong>Schwind AMARIS 1050S.<\/strong><\/h2>\n\n\n\n<p>Apr\u00e8s le&nbsp;<strong>laser Excimer VISX STAR AMO<\/strong>, le Centre Vision Laser de Hauts-de-France \u00e0 fait l\u2019acquisition d\u2019un nouveau Laser Excimer, le&nbsp;<strong>Schwind AMARIS le dernier n\u00e9 de cette prestigieuse firme allemande, le Laser&nbsp;<\/strong><strong>Schwind&nbsp;Amaris 1050 RS<\/strong>, technologiquement sup\u00e9rieur:&nbsp;le&nbsp;&nbsp;laser le plus rapide au monde qui traite une dioptrie de myopie en 1 seconde.<\/p>\n\n\n\n<figure class=\"wp-block-image aligncenter\"><img loading=\"lazy\" decoding=\"async\" width=\"300\" height=\"167\" src=\"http:\/\/www.vision-laser.fr\/wp-content\/uploads\/2013\/07\/AMARIS-1050RS.png\" alt=\"\" class=\"wp-image-1715\"\/><\/figure>\n\n\n\n<p class=\"translation-block\">The Schwind Amaris laser is one of the most advanced and innovative excimer lasers, offering the highest possible precision and reliability currently in the field of refractive eye surgery, surpassing all existing Excimer lasers. This extremely high-performance laser is <strong>the fastest in the world<\/strong>. It is, in fact, the equipment chosen by the most modern centers worldwide.<\/p>\n\n\n\n<p>The main features of the Amaris 1050S are as follows:<\/p>\n\n\n\n<ul class=\"wp-block-list\">\n<li>le laser Excimer Amaris 1050 RS est le laser le plus rapide disponible sur le march\u00e9. Sa fr\u00e9quence de traitement atteint 1050&nbsp;Hz,&nbsp;la puissance maximale,&nbsp;alors que les autres lasers \u00e0 excim\u00e8re atteignent \u00e0 peine 400&nbsp;Hz.&nbsp;Le traitement est jusqu\u2019\u00e0 7 fois plus rapide, ce qui permet un confort accru pour le patient.<\/li>\n\n\n\n<li class=\"translation-block\">This laser is equipped with the most advanced eyetracker in the world (the eyetracker allows for tracking the movements of your eyes during the laser procedure to ensure optimal centering and safety) at 1050 Hz, meaning it is programmed to track up to 1050 eye movements per second via a high-speed infrared camera, allowing it to correct or even anticipate the slightest micromovement of your eye during the treatment.<\/li>\n\n\n\n<li>la zone optique traitable est de 10&nbsp;mm, l\u00e0 o\u00f9 elle est de 8&nbsp;mm seulement avec les autres lasers Excimer, ce qui r\u00e9duit le risque de halo et d\u2019autres ph\u00e9nom\u00e8nes visuels d\u00e9rangeants apr\u00e8s la chirurgie laser des yeux.<\/li>\n<\/ul>\n\n\n\n<p><strong>Le Centre Vision Laser Hauts-de-France est d\u00e9sormais dot\u00e9 du meilleur \u00e9quipement:<br><b>le laser excimer Schwind 1050RS pour la correction du d\u00e9faut visuel, afin de r\u00e9aliser une op\u00e9ration 100\/100 laser avec un \u00e9quipement de tr\u00e8s haute technologie, le tout manag\u00e9 par une \u00e9quipe reconnue pour son s\u00e9rieux et son exp\u00e9rience.<\/b><\/strong><\/p>\n\n\n\n<p class=\"translation-block\">The Schwind AMARIS 1050S Excimer Laser also enables a revolutionary procedure: <strong>transepithelial PRK (Trans-PKR)<\/strong>.<\/p>\n\n\n\n<p>What is it about?<\/p>\n\n\n\n<p>La PKR est une op\u00e9ration type laser Excimer de surface qui n\u00e9cessite un pelage de l\u2019\u00e9pith\u00e9lium de surface de la corn\u00e9e avec le Laser Amaris 1050 RS. Il est possible de faire une PKR sans intervention sur la corn\u00e9e au pr\u00e9alable, sans&nbsp;<strong>aucun contact avec l\u2019\u0153il, c&rsquo;est vraiment \u00e0 ce jour la seule op\u00e9ration 100% laser et sans aucun contact<\/strong><\/p>","protected":false},"excerpt":{"rendered":"<p>Pour le traitement des diff\u00e9rents glaucomes&nbsp;: Le Laser Excimer&nbsp;Schwind AMARIS 1050S. Apr\u00e8s le&nbsp;laser Excimer VISX STAR AMO, le Centre Vision Laser de Hauts-de-France \u00e0 fait l\u2019acquisition d\u2019un nouveau Laser Excimer, le&nbsp;Schwind AMARIS le dernier n\u00e9 de cette prestigieuse firme allemande, le Laser&nbsp;Schwind&nbsp;Amaris 1050 RS, technologiquement sup\u00e9rieur:&nbsp;le&nbsp;&nbsp;laser le plus rapide au monde qui traite une dioptrie [&hellip;]<\/p>\n","protected":false},"author":2,"featured_media":0,"parent":67,"menu_order":0,"comment_status":"closed","ping_status":"closed","template":"","meta":{"om_disable_all_campaigns":false,"inline_featured_image":false,"_monsterinsights_skip_tracking":false,"_monsterinsights_sitenote_active":false,"_monsterinsights_sitenote_note":"","_monsterinsights_sitenote_category":0,"footnotes":""},"class_list":["post-242","page","type-page","status-publish","hentry"],"jetpack_sharing_enabled":true,"_links":{"self":[{"href":"https:\/\/www.vision-laser.fr\/en\/wp-json\/wp\/v2\/pages\/242","targetHints":{"allow":["GET"]}}],"collection":[{"href":"https:\/\/www.vision-laser.fr\/en\/wp-json\/wp\/v2\/pages"}],"about":[{"href":"https:\/\/www.vision-laser.fr\/en\/wp-json\/wp\/v2\/types\/page"}],"author":[{"embeddable":true,"href":"https:\/\/www.vision-laser.fr\/en\/wp-json\/wp\/v2\/users\/2"}],"replies":[{"embeddable":true,"href":"https:\/\/www.vision-laser.fr\/en\/wp-json\/wp\/v2\/comments?post=242"}],"version-history":[{"count":32,"href":"https:\/\/www.vision-laser.fr\/en\/wp-json\/wp\/v2\/pages\/242\/revisions"}],"predecessor-version":[{"id":24761,"href":"https:\/\/www.vision-laser.fr\/en\/wp-json\/wp\/v2\/pages\/242\/revisions\/24761"}],"up":[{"embeddable":true,"href":"https:\/\/www.vision-laser.fr\/en\/wp-json\/wp\/v2\/pages\/67"}],"wp:attachment":[{"href":"https:\/\/www.vision-laser.fr\/en\/wp-json\/wp\/v2\/media?parent=242"}],"curies":[{"name":"wp","href":"https:\/\/api.w.org\/{rel}","templated":true}]}}