{"id":238,"date":"2013-07-15T11:09:26","date_gmt":"2013-07-15T10:09:26","guid":{"rendered":"http:\/\/www.vision-laser.fr\/?page_id=238"},"modified":"2020-12-15T11:38:54","modified_gmt":"2020-12-15T10:38:54","slug":"les-autres-glaucomes","status":"publish","type":"page","link":"https:\/\/www.vision-laser.fr\/en\/le-glaucome\/les-differents-glaucomes\/les-autres-glaucomes\/","title":{"rendered":"Other glaucomas"},"content":{"rendered":"<div>\n<p align=\"justify\">There are also secondary forms of glaucoma that can result from eye trauma, inflammatory eye disease, or cortisone treatment.<\/p>\n<p align=\"justify\">Very rare forms of glaucoma can occur from birth (congenital glaucoma) and there are also many other rare forms of glaucoma associated or not with general diseases.<\/p>\n<p align=\"justify\">We can therefore speak of glaucomas rather than \"glaucoma\".<\/p>\n<p align=\"justify\">However, the most common form of glaucoma is chronic open-angle glaucoma and this is the form that is most often referred to when referring to \"glaucoma\".<\/p>\n<\/div>","protected":false},"excerpt":{"rendered":"<p>Il existe \u00e9galement des formes secondaires de glaucomes qui peuvent r\u00e9sulter d\u2019un traumatisme oculaire, d\u2019une maladie inflammatoire de l\u2019\u0153il, ou d&rsquo;un traitement par cortisone. Des formes tr\u00e8s rares de glaucome peuvent survenir d\u00e8s la naissance (glaucome cong\u00e9nital) et il existe \u00e9galement de tr\u00e8s nombreuses autres formes rares de glaucome associ\u00e9es ou non \u00e0 des maladies [&hellip;]<\/p>\n","protected":false},"author":2,"featured_media":0,"parent":64,"menu_order":0,"comment_status":"closed","ping_status":"closed","template":"","meta":{"om_disable_all_campaigns":false,"inline_featured_image":false,"_monsterinsights_skip_tracking":false,"_monsterinsights_sitenote_active":false,"_monsterinsights_sitenote_note":"","_monsterinsights_sitenote_category":0,"footnotes":""},"class_list":["post-238","page","type-page","status-publish","hentry"],"jetpack_sharing_enabled":true,"_links":{"self":[{"href":"https:\/\/www.vision-laser.fr\/en\/wp-json\/wp\/v2\/pages\/238","targetHints":{"allow":["GET"]}}],"collection":[{"href":"https:\/\/www.vision-laser.fr\/en\/wp-json\/wp\/v2\/pages"}],"about":[{"href":"https:\/\/www.vision-laser.fr\/en\/wp-json\/wp\/v2\/types\/page"}],"author":[{"embeddable":true,"href":"https:\/\/www.vision-laser.fr\/en\/wp-json\/wp\/v2\/users\/2"}],"replies":[{"embeddable":true,"href":"https:\/\/www.vision-laser.fr\/en\/wp-json\/wp\/v2\/comments?post=238"}],"version-history":[{"count":3,"href":"https:\/\/www.vision-laser.fr\/en\/wp-json\/wp\/v2\/pages\/238\/revisions"}],"predecessor-version":[{"id":1239,"href":"https:\/\/www.vision-laser.fr\/en\/wp-json\/wp\/v2\/pages\/238\/revisions\/1239"}],"up":[{"embeddable":true,"href":"https:\/\/www.vision-laser.fr\/en\/wp-json\/wp\/v2\/pages\/64"}],"wp:attachment":[{"href":"https:\/\/www.vision-laser.fr\/en\/wp-json\/wp\/v2\/media?parent=238"}],"curies":[{"name":"wp","href":"https:\/\/api.w.org\/{rel}","templated":true}]}}