{"id":23,"date":"2013-07-10T15:46:29","date_gmt":"2013-07-10T14:46:29","guid":{"rendered":"http:\/\/www.vision-laser.fr\/?page_id=23"},"modified":"2026-03-19T12:19:00","modified_gmt":"2026-03-19T11:19:00","slug":"accueil","status":"publish","type":"page","link":"https:\/\/www.vision-laser.fr\/en\/","title":{"rendered":"Centre Vision Laser des Hauts-de-France"},"content":{"rendered":"<div class=\"wp-block-group alignwide is-content-justification-center is-nowrap is-layout-flex wp-container-core-group-is-layout-23441af8 wp-block-group-is-layout-flex\">\n<div class=\"wp-block-group is-layout-flow wp-block-group-is-layout-flow\">\n<p class=\"has-text-align-center has-white-color has-text-color has-background has-link-color has-x-large-font-size wp-elements-99765becc47181eca468533dd7655abe\" style=\"background-color:#fac20b;letter-spacing:0px\"><em>\u201cKnowledge dispels fear\u201d<\/em><\/p>\n<\/div>\n<\/div>\n\n\n\n<p class=\"has-text-align-center has-medium-font-size\">Aristotle said that fear arises from the unknown and that knowledge allows us to understand better and therefore to be less afraid.<\/p>\n\n\n\n<p><\/p>\n\n\n\n<h3 class=\"wp-block-heading\"><em>About<\/em><\/h3>\n\n\n\n<p>The Hauts-de-France Laser Vision Center is an ophthalmology center specializing in refractive surgery aimed at correcting visual defects (myopia, presbyopia, hyperopia and astigmatism) using laser.<\/p>\n\n\n\n<p>Previously, the Centre Vision Laser Paris Ouest, ranked among the best ophthalmology clinics in France, used the most recent and most efficient lasers in the world.<\/p>\n\n\n\n<p>All of this high-performance equipment was purchased by the Hauts-de-France Laser Vision Center, whose sole focus is the well-being of the patient and the total success of the procedures performed.<\/p>\n\n\n\n<h3 class=\"wp-block-heading\"><em>Video presentation of the Technical Platform <\/em><\/h3>\n\n\n\n<p class=\"translation-block\">Specializing in refractive surgery, the Hauts-de-France Vision Laser Center has established itself as a center of excellence for laser surgery for myopia and other visual defects. It offers a high-performance technical platform for the management and treatment of all <a href=\"http:\/\/www.vision-laser.fr\/en\/les-defauts-visuels\/\" title=\"d\u00e9fauts visuels\" target=\"_self\">visual defects<\/a> such as hyperopia, astigmatism, myopia, and presbyopia (refractive surgery).<\/p>\n\n\n\n<p>We offer specialized expertise in \u201cno-touch\u201d surgery beyond the laser beam and invite you to visit our website for more information about the TRANS PRK technique: <\/p>\n\n\n\n<p class=\"has-text-align-center\"><a href=\"https:\/\/trans-pkr.fr\/en\/\">https:\/\/trans-pkr.fr\/en\/<\/a><\/p>\n\n\n\n<figure class=\"wp-block-embed is-type-video is-provider-tiktok wp-block-embed-tiktok\"><div class=\"wp-block-embed__wrapper\">\n<blockquote class=\"tiktok-embed\" cite=\"https:\/\/www.tiktok.com\/@centre.vision.las\/video\/7405992741089463585\" data-video-id=\"7405992741089463585\" data-embed-from=\"oembed\" style=\"max-width:605px; min-width:325px;\"> <section> <a target=\"_blank\" title=\"@centre.vision.las\" href=\"https:\/\/www.tiktok.com\/@centre.vision.las?refer=embed\">@centre.vision.las<\/a> <p>PKR Vs TransPKR Vs LASIK ? Laquelle choisir ? Cela va d\u00e9pendre de diff\u00e9rents param\u00e8tres dont vous devriez discuter avec votre chirurgien afin de prendre la meilleure d\u00e9cision adapt\u00e9e \u00e0 votre situation.<\/p> <a target=\"_blank\" title=\"\u266c son original - Centre Vision Laser\" href=\"https:\/\/www.tiktok.com\/music\/son-original-7405992798656564001?refer=embed\">\u266c son original &#8211; Centre Vision Laser<\/a> <\/section> <\/blockquote> <script async src=\"https:\/\/www.tiktok.com\/embed.js\"><\/script>\n<\/div><\/figure>\n\n\n\n<div class=\"wp-block-group has-global-padding is-layout-constrained wp-block-group-is-layout-constrained\">\n\n\n<figure class=\"wp-block-embed aligncenter is-type-video is-provider-youtube wp-block-embed-youtube\" style=\"margin-top:var(--wp--preset--spacing--30);margin-right:var(--wp--preset--spacing--30);margin-bottom:var(--wp--preset--spacing--30);margin-left:var(--wp--preset--spacing--30)\"><div class=\"wp-block-embed__wrapper\">\n<iframe loading=\"lazy\" title=\"Eng  Vision Centrum\" width=\"500\" height=\"281\" src=\"https:\/\/www.youtube.com\/embed\/ilf8y18dLdE?feature=oembed\" frameborder=\"0\" allow=\"accelerometer; autoplay; clipboard-write; encrypted-media; gyroscope; picture-in-picture; web-share\" referrerpolicy=\"strict-origin-when-cross-origin\" allowfullscreen><\/iframe>\n<\/div><\/figure>\n<\/div>\n\n\n\n<div class=\"wp-block-columns are-vertically-aligned-center is-layout-flex wp-container-core-columns-is-layout-28f84493 wp-block-columns-is-layout-flex\">\n<div class=\"wp-block-column is-vertically-aligned-center is-layout-flow wp-block-column-is-layout-flow\">\n<figure class=\"wp-block-image aligncenter size-full is-resized\"><a href=\"http:\/\/www.vision-laser.fr\/wp-content\/uploads\/2013\/07\/competences.png\"><img loading=\"lazy\" decoding=\"async\" width=\"320\" height=\"208\" src=\"http:\/\/www.vision-laser.fr\/wp-content\/uploads\/2013\/07\/competences.png\" alt=\"Chirurgie\" class=\"wp-image-1296\" style=\"width:314px;height:auto\" srcset=\"https:\/\/www.vision-laser.fr\/wp-content\/uploads\/2013\/07\/competences.png 320w, https:\/\/www.vision-laser.fr\/wp-content\/uploads\/2013\/07\/competences-300x195.png 300w\" sizes=\"auto, (max-width: 320px) 100vw, 320px\" \/><\/a><\/figure>\n\n\n\n<h4 class=\"wp-block-heading\">Our areas of expertise<\/h4>\n\n\n\n<p>From the eligibility test for refractive surgery (farsightedness, astigmatism, nearsightedness, and presbyopia) to the treatment in our operating room and post-operative follow-up.<\/p>\n<\/div>\n\n\n\n<div class=\"wp-block-column is-vertically-aligned-center is-layout-flow wp-block-column-is-layout-flow\">\n<figure class=\"wp-block-image aligncenter size-large is-resized\"><a href=\"http:\/\/www.vision-laser.fr\/wp-content\/uploads\/2024\/11\/Acceuil-vision-laser.png\"><img loading=\"lazy\" decoding=\"async\" width=\"1024\" height=\"706\" src=\"http:\/\/www.vision-laser.fr\/wp-content\/uploads\/2024\/11\/Acceuil-vision-laser-1024x706.png\" alt=\"The lobby\" class=\"wp-image-12234\" style=\"width:290px;height:auto\" srcset=\"https:\/\/www.vision-laser.fr\/wp-content\/uploads\/2024\/11\/Acceuil-vision-laser-1024x706.png 1024w, https:\/\/www.vision-laser.fr\/wp-content\/uploads\/2024\/11\/Acceuil-vision-laser-300x207.png 300w, https:\/\/www.vision-laser.fr\/wp-content\/uploads\/2024\/11\/Acceuil-vision-laser-768x529.png 768w, https:\/\/www.vision-laser.fr\/wp-content\/uploads\/2024\/11\/Acceuil-vision-laser-18x12.png 18w, https:\/\/www.vision-laser.fr\/wp-content\/uploads\/2024\/11\/Acceuil-vision-laser.png 1065w\" sizes=\"auto, (max-width: 1024px) 100vw, 1024px\" \/><\/a><\/figure>\n\n\n\n<h4 class=\"wp-block-heading\">Myopia laser surgery<\/h4>\n\n\n\n<p>The center performs treatments with the Schwind Amaris 1050 RS using FemtoLasik, PKR, Trans-PKR, and PresbyLasik. TransPKR is a truly contactless technique that allows for the correction of visual defects.<\/p>\n<\/div>\n<\/div>\n\n\n\n<div style=\"height:60px\" aria-hidden=\"true\" class=\"wp-block-spacer\"><\/div>\n\n\n\n<div class=\"wp-block-group has-background has-global-padding is-layout-constrained wp-block-group-is-layout-constrained\" style=\"background-color:#f7f1e5\">\n<div class=\"wp-block-group is-style-default has-text-color has-link-color wp-elements-c6ee88f02e49dd52992c0061e73a959a is-layout-flow wp-block-group-is-layout-flow\" style=\"color:#f7f1e8;margin-top:0;margin-bottom:0;padding-top:var(--wp--preset--spacing--20);padding-right:0;padding-bottom:var(--wp--preset--spacing--20);padding-left:0\">\n<h2 class=\"wp-block-heading has-contrast-color has-text-color has-link-color wp-elements-1d0133e311049e4000cae22acbce8d0d translation-block\">Why choose <strong>the Hauts-de-France Laser Vision Center<\/strong>?<\/h2>\n\n\n\n<div class=\"wp-block-group has-contrast-color has-text-color has-link-color wp-elements-1cc7bcf6d248ab237ecd55969ecba408 is-layout-flow wp-block-group-is-layout-flow\">\n<p class=\"translation-block\">Because your vision deserves <strong>the best<\/strong>.<\/p>\n\n\n\n<p>Since 2019, our specialist surgeons have been operating every day at the Clinique du Parc in Maubeuge.<\/p>\n\n\n\n<p style=\"line-height:0\"><a href=\"https:\/\/g.co\/kgs\/YZj1Q7p\" title=\"\">https:\/\/g.co\/kgs\/YZj1Q7p<\/a><a href=\"\"><\/a><\/p>\n\n\n\n<p class=\"translation-block\"><br>Thanks to the trust of thousands of operated patients, in 2024 we opened a center <strong>exclusively dedicated to laser refractive surgery<\/strong>, with a single ambition: to offer you perfect vision, in complete safety.<\/p>\n\n\n\n<hr class=\"wp-block-separator has-alpha-channel-opacity\"\/>\n\n\n\n<h3 class=\"wp-block-heading\" style=\"line-height:0\">&#x2b50; <strong>Recognized expertise<\/strong><\/h3>\n\n\n\n<p class=\"translation-block\">You're in good hands. Our surgeons have years of experience in refractive surgery and are committed to supporting you every step of the way, from consultation to post-operative follow-up.<\/p>\n\n\n\n<hr class=\"wp-block-separator has-alpha-channel-opacity\"\/>\n\n\n\n<h3 class=\"wp-block-heading\">&#x1f52c; <strong>State-of-the-art technology<\/strong><\/h3>\n\n\n\n<p class=\"translation-block\">We have chosen excellence with the <strong>Schwind Amaris 1050 RS Excimer laser<\/strong>, the most advanced of its generation.<br>It is the <strong>technological jewel<\/strong> of the German company SCHWIND, after the 500 and 750S models, and probably <strong>the most efficient Excimer laser on the market<\/strong>.<\/p>\n\n\n\n<hr class=\"wp-block-separator has-alpha-channel-opacity\"\/>\n\n\n\n<h3 class=\"wp-block-heading\">&#x1f6e1;&#xfe0f; <strong>Safety first<\/strong><\/h3>\n\n\n\n<p class=\"translation-block\">The Schwind Amaris 1050 RS is the <strong>only Excimer laser in the world<\/strong> to track the patient's eye <strong>in 7 dimensions without latency<\/strong>, for <strong>ultra-precise, secure and totally personalized<\/strong> treatment.<br>Your correction is adapted to your slightest movement, in real time.<\/p>\n\n\n\n<p>Learn more:<\/p>\n\n\n\n<figure class=\"wp-block-embed aligncenter is-type-video is-provider-youtube wp-block-embed-youtube wp-embed-aspect-16-9 wp-has-aspect-ratio\"><div class=\"wp-block-embed__wrapper\">\n<iframe loading=\"lazy\" title=\"Safety during laser treatment with SCHWIND AMARIS 1050RS with 7D Eyetracking\" width=\"500\" height=\"281\" src=\"https:\/\/www.youtube.com\/embed\/LB5CLRJEK54?feature=oembed\" frameborder=\"0\" allow=\"accelerometer; autoplay; clipboard-write; encrypted-media; gyroscope; picture-in-picture; web-share\" referrerpolicy=\"strict-origin-when-cross-origin\" allowfullscreen><\/iframe>\n<\/div><\/figure>\n\n\n\n<hr class=\"wp-block-separator has-alpha-channel-opacity\"\/>\n\n\n\n<h3 class=\"wp-block-heading\">&#x1f441;&#xfe0f; <strong>Reliable and lasting results<\/strong><\/h3>\n\n\n\n<p class=\"translation-block\">Since 1987, Excimer technology has been the world standard for correcting myopia, hyperopia, astigmatism and presbyopia. Millions of patients have regained clear, stable vision \u2013 why not you?<\/p>\n\n\n\n<hr class=\"wp-block-separator has-alpha-channel-opacity\"\/>\n\n\n\n<h3 class=\"wp-block-heading\">\ud83c\udfaf Our mission<\/h3>\n\n\n\n<p class=\"translation-block\">Offering you <strong>the freedom of a life without glasses or contact lenses<\/strong>, with a level of care and precision that makes the difference.<\/p>\n\n\n\n<p>The center makes it a point of honor to accompany each patient throughout their journey, from the initial assessment to attentive post-operative follow-up. With an experienced team and cutting-edge techniques, such as Lasik or Trans-PKR (contactless method), you can trust their know-how to regain clear and lasting vision.<\/p>\n\n\n\n<hr class=\"wp-block-separator has-alpha-channel-opacity\"\/>\n\n\n\n<h3 class=\"wp-block-heading\">&#x1f441;&#xfe0f; <strong>Free Laser Vision Assessment<\/strong><\/h3>\n\n\n\n<p>Find out if laser eye surgery can give you clear vision without glasses or contact lenses with a free, personalized assessment.<\/p>\n\n\n\n<p>&#x1f449; <a href=\"https:\/\/www.vision-laser.fr\/en\/bilan-visuel-laser-gratuit-centre-vision-laser-des-hauts-de-france\/\">Learn more<\/a><\/p>\n<\/div>\n<\/div>\n\n\n\n<div class=\"wp-block-group is-style-default has-text-color has-link-color wp-elements-48caca2205b40ab0a998ff9634034aad has-global-padding is-layout-constrained wp-container-core-group-is-layout-65219610 wp-block-group-is-layout-constrained\" style=\"color:#f7f1e8;margin-top:0;margin-bottom:0;padding-top:var(--wp--preset--spacing--20);padding-right:0;padding-bottom:var(--wp--preset--spacing--20);padding-left:0\">\n<div style=\"height:50px\" aria-hidden=\"true\" class=\"wp-block-spacer\"><\/div>\n\n\n\n<div class=\"wp-block-group has-contrast-color has-text-color has-link-color wp-elements-e2a8de8606d1d7996226dc726234b227 has-global-padding is-content-justification-left is-layout-constrained wp-container-core-group-is-layout-1ad27c61 wp-block-group-is-layout-constrained\" style=\"padding-right:0;padding-left:0\">\n<h2 class=\"wp-block-heading has-contrast-color has-text-color has-link-color wp-elements-eb06b0ef971cd5af0ab6a3129968819a\">Payment facilities available!<\/h2>\n\n\n\n<p class=\"has-text-align-left is-style-default has-contrast-color has-text-color has-link-color wp-elements-82b3623592b4dcf7939bcc4849b8e905 translation-block\" style=\"margin-top:0;margin-right:0;margin-bottom:0;margin-left:0\">Take advantage of our 0% rate offer!<br>Pay in 3 installments without fees over a period of 3 months. This allows you to spread out your payment while having time to receive the reimbursement from your mutual insurance company.<\/p>\n\n\n\n<ul class=\"wp-block-list\">\n<li class=\"has-contrast-color has-text-color has-link-color wp-elements-0e72e626f2257e9256c00fff2975321c\"><a href=\"https:\/\/www.vision-laser.fr\/en\/simulation-de-paiement-en-plusieurs-fois\/\">Run a simulation by clicking here<\/a><\/li>\n<\/ul>\n\n\n\n<hr class=\"wp-block-separator aligncenter has-alpha-channel-opacity is-style-default\"\/>\n\n\n\n<p><strong>Need a longer spread?<\/strong><\/p>\n\n\n\n<p>You can contact consumer credit companies recognized for their reliability:<\/p>\n\n\n\n<ul class=\"wp-block-list\">\n<li class=\"has-contrast-color has-text-color has-link-color wp-elements-4bdcc5e295e2285160d1d680503e9088\"><a href=\"https:\/\/www.cofidis.fr\/fr\/credit_en_ligne\/resultat-matrice-simulation.html\" target=\"_blank\" rel=\"noopener\" title=\"\">Cofidis \u2013 Online credit simulation<\/a><\/li>\n\n\n\n<li class=\"has-contrast-color has-text-color has-link-color wp-elements-2639f46112f2bda523b28dad932f772f\"><a href=\"https:\/\/www.cetelem.fr\/fr\/simulateur\" target=\"_blank\" rel=\"noopener\" title=\"\">Cetelem \u2013 Credit simulation<\/a><\/li>\n\n\n\n<li><a href=\"https:\/\/almapay.com\/fr-FR\/demo\" target=\"_blank\" rel=\"noreferrer noopener\">Alma<\/a><\/li>\n<\/ul>\n\n\n\n<div style=\"height:34px\" aria-hidden=\"true\" class=\"wp-block-spacer\"><\/div>\n<\/div>\n<\/div>\n<\/div>\n\n\n\n<div style=\"height:60px\" aria-hidden=\"true\" class=\"wp-block-spacer\"><\/div>\n\n\n\n<p><\/p>\n\n\n\n<p><\/p>","protected":false},"excerpt":{"rendered":"<p>\u00ab\u00a0La connaissance dissipe la peur\u00a0\u00bb Aristote affirmait que la peur na\u00eet de l\u2019inconnu et que la connaissance permet de mieux comprendre et donc de moins avoir peur. Description Le Centre Vision Laser des Hauts-de-France est un centre d\u2019ophtalmologie sp\u00e9cialis\u00e9 en chirurgie r\u00e9fractive visant \u00e0 corriger par le laser les d\u00e9fauts visuels (la myopie, la presbytie, [&hellip;]<\/p>\n","protected":false},"author":2,"featured_media":0,"parent":0,"menu_order":0,"comment_status":"closed","ping_status":"closed","template":"","meta":{"om_disable_all_campaigns":false,"inline_featured_image":false,"_monsterinsights_skip_tracking":false,"_monsterinsights_sitenote_active":false,"_monsterinsights_sitenote_note":"","_monsterinsights_sitenote_category":0,"footnotes":""},"class_list":["post-23","page","type-page","status-publish","hentry"],"jetpack_sharing_enabled":true,"_links":{"self":[{"href":"https:\/\/www.vision-laser.fr\/en\/wp-json\/wp\/v2\/pages\/23","targetHints":{"allow":["GET"]}}],"collection":[{"href":"https:\/\/www.vision-laser.fr\/en\/wp-json\/wp\/v2\/pages"}],"about":[{"href":"https:\/\/www.vision-laser.fr\/en\/wp-json\/wp\/v2\/types\/page"}],"author":[{"embeddable":true,"href":"https:\/\/www.vision-laser.fr\/en\/wp-json\/wp\/v2\/users\/2"}],"replies":[{"embeddable":true,"href":"https:\/\/www.vision-laser.fr\/en\/wp-json\/wp\/v2\/comments?post=23"}],"version-history":[{"count":202,"href":"https:\/\/www.vision-laser.fr\/en\/wp-json\/wp\/v2\/pages\/23\/revisions"}],"predecessor-version":[{"id":25237,"href":"https:\/\/www.vision-laser.fr\/en\/wp-json\/wp\/v2\/pages\/23\/revisions\/25237"}],"wp:attachment":[{"href":"https:\/\/www.vision-laser.fr\/en\/wp-json\/wp\/v2\/media?parent=23"}],"curies":[{"name":"wp","href":"https:\/\/api.w.org\/{rel}","templated":true}]}}