{"id":2,"date":"2013-07-08T14:24:04","date_gmt":"2013-07-08T14:24:04","guid":{"rendered":"http:\/\/www.vision-laser.fr\/?page_id=2"},"modified":"2020-12-15T11:49:45","modified_gmt":"2020-12-15T10:49:45","slug":"page-d-exemple","status":"publish","type":"page","link":"https:\/\/www.vision-laser.fr\/en\/page-d-exemple\/","title":{"rendered":"Page d&rsquo;exemple"},"content":{"rendered":"<p><img loading=\"lazy\" decoding=\"async\" class=\"alignleft\" src=\"http:\/\/www.vision-laser.fr\/wp-content\/uploads\/2013\/07\/img_test.png\" alt=\"img_test\" width=\"240\" height=\"161\" \/><\/p>\n<h2>Nos domaines de comp\u00e9tences CVLPO<\/h2>\n<p class=\"translation-block\">The <strong>retina<\/strong> is a membrane about 0.5 mm thick that covers about 75% of the <strong>inner surface of the eye<\/strong> and lines the back of the eye.<\/p>\n<p>The retina contains nerve cells that allow light rays to be captured and then transformed into nerve impulses to reach the brain.<\/p>\n<p class=\"translation-block\">It therefore transforms light into electrical signals which are carried to the brain by the <strong>optic nerve.<\/strong><\/p>\n<h2>The Macula<\/h2>\n<p class=\"translation-block\">The <strong>macula<\/strong>, or yellow spot, is the central region of the <strong>retina<\/strong>, located close to the optical axis.<\/p>\n<p>The name yellow spot comes from the fact that this area has a yellowish coloration compared to the rest of the retina.<\/p>\n<p class=\"translation-block\">This is where <strong>visual acuity<\/strong> is at its maximum, meaning it provides the most precise <strong>vision<\/strong>.<\/p>\n<h2>Age-related macular degeneration (AMD)<\/h2>\n<p><strong>La d\u00e9g\u00e9n\u00e9rescence maculaire li\u00e9e \u00e0 l&rsquo;\u00e2ge<\/strong> est l&rsquo;affection caract\u00e9ris\u00e9e par une atteinte \u00e9volutive de cette macula qui touche plus de 1,3 million de francais et plus de 25 millions de personnes dans le monde.<br \/>\nC&rsquo;est la 1\u00e8re cause de malvoyance apr\u00e8s 50 ans mais l&#8217;emergence de nouveaux traitement est en train de changer les donn\u00e9es du probl\u00e8me.<\/p>\n<p>&nbsp;<\/p>","protected":false},"excerpt":{"rendered":"<p>Nos domaines de comp\u00e9tences CVLPO La r\u00e9tine est une membrane d&rsquo;environ 0,5 mm d&rsquo;\u00e9paisseur qui couvre environ 75 % de la face interne de l\u2019\u0153il et qui tapisse le fond de l&rsquo;\u0153il. La r\u00e9tine contient les cellules nerveuses permettant aux rayons lumineux d\u2019\u00eatre capt\u00e9s puis transform\u00e9s en influx nerveux pour gagner le cerveau. Elle transforme [&hellip;]<\/p>\n","protected":false},"author":2,"featured_media":0,"parent":0,"menu_order":0,"comment_status":"closed","ping_status":"closed","template":"","meta":{"om_disable_all_campaigns":false,"inline_featured_image":false,"_monsterinsights_skip_tracking":false,"_monsterinsights_sitenote_active":false,"_monsterinsights_sitenote_note":"","_monsterinsights_sitenote_category":0,"footnotes":""},"class_list":["post-2","page","type-page","status-publish","hentry"],"jetpack_sharing_enabled":true,"_links":{"self":[{"href":"https:\/\/www.vision-laser.fr\/en\/wp-json\/wp\/v2\/pages\/2","targetHints":{"allow":["GET"]}}],"collection":[{"href":"https:\/\/www.vision-laser.fr\/en\/wp-json\/wp\/v2\/pages"}],"about":[{"href":"https:\/\/www.vision-laser.fr\/en\/wp-json\/wp\/v2\/types\/page"}],"author":[{"embeddable":true,"href":"https:\/\/www.vision-laser.fr\/en\/wp-json\/wp\/v2\/users\/2"}],"replies":[{"embeddable":true,"href":"https:\/\/www.vision-laser.fr\/en\/wp-json\/wp\/v2\/comments?post=2"}],"version-history":[{"count":16,"href":"https:\/\/www.vision-laser.fr\/en\/wp-json\/wp\/v2\/pages\/2\/revisions"}],"predecessor-version":[{"id":1879,"href":"https:\/\/www.vision-laser.fr\/en\/wp-json\/wp\/v2\/pages\/2\/revisions\/1879"}],"wp:attachment":[{"href":"https:\/\/www.vision-laser.fr\/en\/wp-json\/wp\/v2\/media?parent=2"}],"curies":[{"name":"wp","href":"https:\/\/api.w.org\/{rel}","templated":true}]}}