{"id":17807,"date":"2025-05-26T10:39:57","date_gmt":"2025-05-26T09:39:57","guid":{"rendered":"https:\/\/www.vision-laser.fr\/?page_id=17807"},"modified":"2025-11-12T14:42:40","modified_gmt":"2025-11-12T13:42:40","slug":"comparez-les-techniques-tprk-et-femtolasik","status":"publish","type":"page","link":"https:\/\/www.vision-laser.fr\/en\/comparez-les-techniques-tprk-et-femtolasik\/","title":{"rendered":"Compare TPRK and FemtoLASIK techniques"},"content":{"rendered":"<figure class=\"wp-block-table\"><table class=\"has-fixed-layout\"><thead><tr><th><strong>Technique<\/strong><\/th><th><strong>Avantages<\/strong><\/th><th><strong>Inconv\u00e9nients<\/strong><\/th><\/tr><\/thead><tbody><tr><td><strong>TPRK<\/strong><\/td><td class=\"translation-block\">\u2013 Contactless, no flap cutting<br>\u2013 Less anatomically invasive<br>\u2013 Suitable for thin or fragile corneas<br>\u2013 Less long-term dry eye<\/td><td class=\"translation-block\">\u2013 Post-operative pain (2 to 3 days)<br>\u2013 Slower vision recovery (several days)<br>\u2013 Temporary risk of corneal haze (opacity)<\/td><\/tr><tr><td><strong>FemtoLASIK<\/strong><\/td><td class=\"translation-block\">\u2013 Very fast clear vision (the next day)<br>\u2013 Painless procedure<br>\u2013 High precision thanks to the femtosecond laser<br>\u2013 Less risk of haze<\/td><td class=\"translation-block\">\u2013 Creation of a corneal flap (risk in case of shock)<br>\u2013 Less suitable for thin corneas<br>\u2013 Higher risk of dry eye<\/td><\/tr><\/tbody><\/table><\/figure>\n\n\n\n<figure class=\"wp-block-image aligncenter size-full\"><img loading=\"lazy\" decoding=\"async\" width=\"685\" height=\"514\" src=\"https:\/\/www.vision-laser.fr\/wp-content\/uploads\/2025\/11\/tableau-compairason-caracteristiques-principales-du-laser-femtoseconde-et-excimer.png\" alt=\"\" class=\"wp-image-24972\" srcset=\"https:\/\/www.vision-laser.fr\/wp-content\/uploads\/2025\/11\/tableau-compairason-caracteristiques-principales-du-laser-femtoseconde-et-excimer.png 685w, https:\/\/www.vision-laser.fr\/wp-content\/uploads\/2025\/11\/tableau-compairason-caracteristiques-principales-du-laser-femtoseconde-et-excimer-300x225.png 300w, https:\/\/www.vision-laser.fr\/wp-content\/uploads\/2025\/11\/tableau-compairason-caracteristiques-principales-du-laser-femtoseconde-et-excimer-16x12.png 16w\" sizes=\"auto, (max-width: 685px) 100vw, 685px\" \/><\/figure>","protected":false},"excerpt":{"rendered":"<p>Technique Avantages Inconv\u00e9nients TPRK &#8211; Sans contact, sans d\u00e9coupe de volet&#8211; Moins invasive sur le plan anatomique&#8211; Adapt\u00e9e aux corn\u00e9es fines ou fragiles&#8211; Moins de s\u00e9cheresse oculaire \u00e0 long terme &#8211; Douleurs post-op\u00e9ratoires (2 \u00e0 3 jours)&#8211; Vision plus lente \u00e0 r\u00e9cup\u00e9rer (plusieurs jours)&#8211; Risque temporaire de haze (opacit\u00e9) corn\u00e9en FemtoLASIK &#8211; Vision nette tr\u00e8s [&hellip;]<\/p>\n","protected":false},"author":2,"featured_media":0,"parent":0,"menu_order":0,"comment_status":"closed","ping_status":"closed","template":"","meta":{"om_disable_all_campaigns":false,"inline_featured_image":false,"_monsterinsights_skip_tracking":false,"_monsterinsights_sitenote_active":false,"_monsterinsights_sitenote_note":"","_monsterinsights_sitenote_category":0,"footnotes":""},"class_list":["post-17807","page","type-page","status-publish","hentry"],"jetpack_sharing_enabled":true,"_links":{"self":[{"href":"https:\/\/www.vision-laser.fr\/en\/wp-json\/wp\/v2\/pages\/17807","targetHints":{"allow":["GET"]}}],"collection":[{"href":"https:\/\/www.vision-laser.fr\/en\/wp-json\/wp\/v2\/pages"}],"about":[{"href":"https:\/\/www.vision-laser.fr\/en\/wp-json\/wp\/v2\/types\/page"}],"author":[{"embeddable":true,"href":"https:\/\/www.vision-laser.fr\/en\/wp-json\/wp\/v2\/users\/2"}],"replies":[{"embeddable":true,"href":"https:\/\/www.vision-laser.fr\/en\/wp-json\/wp\/v2\/comments?post=17807"}],"version-history":[{"count":2,"href":"https:\/\/www.vision-laser.fr\/en\/wp-json\/wp\/v2\/pages\/17807\/revisions"}],"predecessor-version":[{"id":24973,"href":"https:\/\/www.vision-laser.fr\/en\/wp-json\/wp\/v2\/pages\/17807\/revisions\/24973"}],"wp:attachment":[{"href":"https:\/\/www.vision-laser.fr\/en\/wp-json\/wp\/v2\/media?parent=17807"}],"curies":[{"name":"wp","href":"https:\/\/api.w.org\/{rel}","templated":true}]}}