{"id":17378,"date":"2025-05-06T15:42:54","date_gmt":"2025-05-06T14:42:54","guid":{"rendered":"https:\/\/www.vision-laser.fr\/?page_id=17378"},"modified":"2025-09-30T12:10:03","modified_gmt":"2025-09-30T11:10:03","slug":"schwind-amaris-1050-rs","status":"publish","type":"page","link":"https:\/\/www.vision-laser.fr\/en\/schwind-amaris-1050-rs\/","title":{"rendered":"Schwind AMARIS 1050 RS"},"content":{"rendered":"<figure class=\"wp-block-image aligncenter size-full is-resized\"><img decoding=\"async\" src=\"https:\/\/rambam.be\/wp-content\/uploads\/2014\/03\/AMARIS-1050RS_Low-Angle-Shot_RGB-1024x569-600x330.png\" alt=\"\" class=\"wp-image-32333\" style=\"width:435px;height:auto\"\/><\/figure>\n\n\n\n<p>We invest in the latest technologies to provide you with the best possible eye care. The Schwind Amaris 1050 RS is the world's fastest and most advanced excimer laser, designed for maximum precision and safety in refractive surgery.<\/p>\n\n\n\n<h2 class=\"wp-block-heading\">What makes the Amaris 1050 RS unique?<\/h2>\n\n\n\n<ul class=\"wp-block-list\">\n<li class=\"translation-block\"><strong>1050 Hz pulse rate<\/strong> \u2013 ultra-short treatment times<\/li>\n\n\n\n<li><strong>7D-eyetracker (unique au monde)<\/strong> \u2013 suit les mouvements oculaires en temps r\u00e9el avec une pr\u00e9cision extr\u00eame<\/li>\n\n\n\n<li class=\"translation-block\"><strong>Thermal control<\/strong> \u2013 prevents overheating of the cornea<\/li>\n\n\n\n<li class=\"translation-block\"><strong>SmartSurf ACE Technology<\/strong> \u2013 contactless and fully personalized treatment<\/li>\n<\/ul>\n\n\n\n<figure class=\"wp-block-table\"><table class=\"has-fixed-layout\"><thead><tr><th>Feature<\/th><th>Amaris 1050 RS<\/th><th>Amaris 750S<\/th><th>Amaris 500<\/th><\/tr><\/thead><tbody><tr><td><strong>Pulse rate<\/strong><\/td><td>1,050 Hz<\/td><td>750 Hz<\/td><td>500 Hz<\/td><\/tr><tr><td><strong>Eyetracking<\/strong><\/td><td>7D (globally unique)<\/td><td>6D<\/td><td>5D<\/td><\/tr><tr><td><strong>Duration of treatment<\/strong><\/td><td>\u00b1 1.3 s per diopter<\/td><td>\u00b1 1.5 s<\/td><td>\u00b1 2 s<\/td><\/tr><tr><td><strong>Thermal control<\/strong><\/td><td>Advanced<\/td><td>Standard<\/td><td>Basic<\/td><\/tr><tr><td><strong>Ideal for complex cases<\/strong><\/td><td>Yes<\/td><td>Yes<\/td><td>Limited<\/td><\/tr><tr><td><strong>Patient comfort<\/strong><\/td><td>Very high<\/td><td>High<\/td><td>Average<\/td><\/tr><tr><td><strong>Recovery time<\/strong><\/td><td>Very fast<\/td><td>Fast<\/td><td>Average<\/td><\/tr><\/tbody><\/table><\/figure>\n\n\n\n<h2 class=\"wp-block-heading\">Why choose treatment with the Amaris 1050 RS?<\/h2>\n\n\n\n<p>Thanks to its advanced technology, this laser offers greater comfort, faster healing, and greater precision, even with higher powers or complex corneal shapes. For you, this means safer, more comfortable, and more effective treatment.<\/p>\n\n\n\n<div class=\"wp-block-buttons is-layout-flex wp-block-buttons-is-layout-flex\">\n<div class=\"wp-block-button\"><a class=\"wp-block-button__link has-background wp-element-button\" href=\"https:\/\/www.doctolib.fr\/centre-d-ophtalmologie\/maubeuge\/laser-vision\" style=\"background-color:#0116fd\" target=\"_blank\" rel=\"noreferrer noopener\">Planifiez une consultation sans engagement<\/a><\/div>\n<\/div>\n\n\n\n<p><\/p>","protected":false},"excerpt":{"rendered":"<p>Nous investissons dans les derni\u00e8res technologies pour vous offrir les meilleurs soins oculaires possibles. Le Schwind Amaris 1050 RS est le laser excimer le plus rapide et le plus avanc\u00e9 au monde, con\u00e7u pour une pr\u00e9cision et une s\u00e9curit\u00e9 maximales en chirurgie r\u00e9fractive. Qu&rsquo;est-ce qui rend l&rsquo;Amaris 1050 RS unique ? Fonctionnalit\u00e9 Amaris 1050 RS [&hellip;]<\/p>\n","protected":false},"author":2,"featured_media":0,"parent":0,"menu_order":0,"comment_status":"closed","ping_status":"closed","template":"","meta":{"om_disable_all_campaigns":false,"inline_featured_image":false,"_monsterinsights_skip_tracking":false,"_monsterinsights_sitenote_active":false,"_monsterinsights_sitenote_note":"","_monsterinsights_sitenote_category":0,"footnotes":""},"class_list":["post-17378","page","type-page","status-publish","hentry"],"jetpack_sharing_enabled":true,"_links":{"self":[{"href":"https:\/\/www.vision-laser.fr\/en\/wp-json\/wp\/v2\/pages\/17378","targetHints":{"allow":["GET"]}}],"collection":[{"href":"https:\/\/www.vision-laser.fr\/en\/wp-json\/wp\/v2\/pages"}],"about":[{"href":"https:\/\/www.vision-laser.fr\/en\/wp-json\/wp\/v2\/types\/page"}],"author":[{"embeddable":true,"href":"https:\/\/www.vision-laser.fr\/en\/wp-json\/wp\/v2\/users\/2"}],"replies":[{"embeddable":true,"href":"https:\/\/www.vision-laser.fr\/en\/wp-json\/wp\/v2\/comments?post=17378"}],"version-history":[{"count":3,"href":"https:\/\/www.vision-laser.fr\/en\/wp-json\/wp\/v2\/pages\/17378\/revisions"}],"predecessor-version":[{"id":24818,"href":"https:\/\/www.vision-laser.fr\/en\/wp-json\/wp\/v2\/pages\/17378\/revisions\/24818"}],"wp:attachment":[{"href":"https:\/\/www.vision-laser.fr\/en\/wp-json\/wp\/v2\/media?parent=17378"}],"curies":[{"name":"wp","href":"https:\/\/api.w.org\/{rel}","templated":true}]}}