{"id":149,"date":"2013-07-15T11:01:04","date_gmt":"2013-07-15T10:01:04","guid":{"rendered":"http:\/\/www.vision-laser.fr\/?page_id=149"},"modified":"2020-12-16T12:01:59","modified_gmt":"2020-12-16T11:01:59","slug":"prescription-et-prise-en-charge-des-lentilles","status":"publish","type":"page","link":"https:\/\/www.vision-laser.fr\/en\/lentilles-de-contact\/prescription-et-prise-en-charge-des-lentilles\/","title":{"rendered":"Prescription and treatment of lenses"},"content":{"rendered":"<div><\/div>\n<div>\n<p>It is the ophthalmologist who tests, adapts and prescribes the lenses after having them tried on by the patient.<\/p>\n<p>Two situations may arise:<\/p>\n<p>\u2013 Either the person already has lenses of which they know the references (exact and detailed) in which case the prescription will be simplified and a single consultation will be enough to check, adapt, and possibly improve the lenses already worn.<\/p>\n<p>\u2013 Either the person does not know their lens references or has never worn them: it is therefore necessary to start the tests again from scratch and do tests at the center:<\/p>\n<ul>\n<li>1st short test approximately 1 hour<\/li>\n<li>2nd long test: 4 hours to check the good tolerance of the lens: the lenses are provided by the Center.<\/li>\n<\/ul>\n<p>At the end of these tests, if they are satisfactory, the ophthalmologist prescribes the definitive lenses that the patient will order from his optician who will specify the wearing times, maintenance and handling.<\/p>\n<p>On the first day, you should wear the lenses for 4 hours and then increase by one hour per day to get your eye used to it, without ever exceeding 10\/12 hours per day of continuous wear.<\/p>\n<p>In certain cases, lenses can be reimbursed by social security:<\/p>\n<ul>\n<li class=\"translation-block\"><a href=\"http:\/\/www.vision-laser.fr\/en\/les-defauts-visuels\/\" target=\"_self\">Irregular astigmatism<\/a><\/li>\n<li><a href=\"http:\/\/www.vision-laser.fr\/en\/20-maladies-frequentes\/keratocone\/\">Keratocoma<\/a><\/li>\n<li class=\"translation-block\"><a href=\"http:\/\/www.vision-laser.fr\/en\/les-defauts-visuels\/\" target=\"_self\">Myopia<\/a> greater than or equal to 8 <strong>diopters<\/strong><span style=\"color: #ff0000\"><strong>\u00a0<\/strong>*<\/span><\/li>\n<li>Aphakia<\/li>\n<li>Anisometry greater than 3 diopters not correctable by glasses<\/li>\n<li class=\"translation-block\"><a href=\"http:\/\/www.vision-laser.fr\/en\/20-maladies-frequentes\/strabismus\/\" target=\"_self\">Strabismus<\/a> accommodative<\/li>\n<\/ul>\n<p>In the cases mentioned above, health insurance reimburses 65%, based on an annual flat rate from date to date, per eye, set at 39.48 euros, or 25.70 euros (whether the lenses are reusable or not, daily or weekly).<\/p>\n<p>Most mutual insurance companies offer a variable lens package depending on the case (consult your mutual insurance company).<\/p>\n<p>&nbsp;<\/p>\n<h4><strong><span style=\"color: #ff0000;\">*\u00a0<\/span>What is the difference between visual acuity in tenths and correction in diopters?<\/strong><\/h4>\n<p class=\"translation-block\"><strong>Visual acuity<\/strong> is measured without correction. With correction, it is expressed in <strong>tenths<\/strong> or other international units.<\/p>\n<div>\n<p class=\"translation-block\"><strong>Visual correction<\/strong> is expressed in <strong>diopters<\/strong>, it is the number of diopters that you need to add to best correct your vision and therefore give you your best acuity: 10 tenths most often, sometimes less rarely more.<\/p>\n<\/div>\n<\/div>","protected":false},"excerpt":{"rendered":"<p>C&rsquo;est l&rsquo;ophtalmologiste qui fait les essais, adapte et prescrit les lentilles apr\u00e8s les avoir fait essayer au patients. Deux\u00a0situations peuvent se pr\u00e9senter : &#8211;\u00a0 Soit la personne a d\u00e9j\u00e0 des lentilles dont elle connait les r\u00e9f\u00e9rences (exactes et d\u00e9taill\u00e9es) auquel cas la prescription sera simplifi\u00e9e et une seule consultation suffira pour contr\u00f4ler,\u00a0adapter, \u00e9ventuellement am\u00e9liorer les [&hellip;]<\/p>\n","protected":false},"author":2,"featured_media":0,"parent":147,"menu_order":0,"comment_status":"closed","ping_status":"closed","template":"","meta":{"om_disable_all_campaigns":false,"inline_featured_image":false,"_monsterinsights_skip_tracking":false,"_monsterinsights_sitenote_active":false,"_monsterinsights_sitenote_note":"","_monsterinsights_sitenote_category":0,"footnotes":""},"class_list":["post-149","page","type-page","status-publish","hentry"],"jetpack_sharing_enabled":true,"_links":{"self":[{"href":"https:\/\/www.vision-laser.fr\/en\/wp-json\/wp\/v2\/pages\/149","targetHints":{"allow":["GET"]}}],"collection":[{"href":"https:\/\/www.vision-laser.fr\/en\/wp-json\/wp\/v2\/pages"}],"about":[{"href":"https:\/\/www.vision-laser.fr\/en\/wp-json\/wp\/v2\/types\/page"}],"author":[{"embeddable":true,"href":"https:\/\/www.vision-laser.fr\/en\/wp-json\/wp\/v2\/users\/2"}],"replies":[{"embeddable":true,"href":"https:\/\/www.vision-laser.fr\/en\/wp-json\/wp\/v2\/comments?post=149"}],"version-history":[{"count":11,"href":"https:\/\/www.vision-laser.fr\/en\/wp-json\/wp\/v2\/pages\/149\/revisions"}],"predecessor-version":[{"id":1914,"href":"https:\/\/www.vision-laser.fr\/en\/wp-json\/wp\/v2\/pages\/149\/revisions\/1914"}],"up":[{"embeddable":true,"href":"https:\/\/www.vision-laser.fr\/en\/wp-json\/wp\/v2\/pages\/147"}],"wp:attachment":[{"href":"https:\/\/www.vision-laser.fr\/en\/wp-json\/wp\/v2\/media?parent=149"}],"curies":[{"name":"wp","href":"https:\/\/api.w.org\/{rel}","templated":true}]}}