{"id":14754,"date":"2025-02-10T13:16:41","date_gmt":"2025-02-10T12:16:41","guid":{"rendered":"https:\/\/www.vision-laser.fr\/?page_id=14754"},"modified":"2025-02-11T12:55:31","modified_gmt":"2025-02-11T11:55:31","slug":"devis","status":"publish","type":"page","link":"https:\/\/www.vision-laser.fr\/en\/devis\/","title":{"rendered":"Devis"},"content":{"rendered":"<p>Take stock of your mutual support!<\/p>\n\n\n\n<p>Did you know that your mutual insurance company can help you financially for refractive surgery?<\/p>\n\n\n\n<p>In fact, it is often more advantageous for her to no longer reimburse glasses and lenses each year.<\/p>\n\n\n\n<p>Get a pricing information quote now.<\/p>\n\n\n\n<p>Fill out the form at the bottom of the page, you can request a quote without obligation.<\/p>\n\n\n\n<p>This document will allow you to ask your mutual insurance company about its coverage.<\/p>\n\n\n\n<p><img decoding=\"async\" alt=\"&#x26a0;&#xfe0f;\" src=\"https:\/\/fonts.gstatic.com\/s\/e\/notoemoji\/16.0\/26a0_fe0f\/32.png\">&nbsp;This quote does not guarantee your operability: only a preoperative consultation with a specialist can confirm your eligibility for the procedure.<\/p>\n\n\n\n<div class=\"wpcf7 no-js\" id=\"wpcf7-f14759-o1\" lang=\"en-US\" dir=\"ltr\" data-wpcf7-id=\"14759\">\n<div class=\"screen-reader-response\"><p role=\"status\" aria-live=\"polite\" aria-atomic=\"true\"><\/p> <ul><\/ul><\/div>\n<form action=\"\/en\/wp-json\/wp\/v2\/pages\/14754#wpcf7-f14759-o1\" method=\"post\" class=\"wpcf7-form init\" aria-label=\"Contact form\" novalidate=\"novalidate\" data-status=\"init\" data-trp-original-action=\"\/en\/wp-json\/wp\/v2\/pages\/14754#wpcf7-f14759-o1\">\n<fieldset class=\"hidden-fields-container\"><input type=\"hidden\" name=\"_wpcf7\" value=\"14759\" \/><input type=\"hidden\" name=\"_wpcf7_version\" value=\"6.1.5\" \/><input type=\"hidden\" name=\"_wpcf7_locale\" value=\"en_US\" \/><input type=\"hidden\" name=\"_wpcf7_unit_tag\" value=\"wpcf7-f14759-o1\" \/><input type=\"hidden\" name=\"_wpcf7_container_post\" value=\"0\" \/><input type=\"hidden\" name=\"_wpcf7_posted_data_hash\" value=\"\" \/><input type=\"hidden\" name=\"_cf7a__timestamp\" value=\"SnfqpqfxYW\/wVGYddEptMQ==\" \/><input type=\"hidden\" name=\"_cf7a_version\" value=\"1.0\" \/><input type=\"hidden\" name=\"_cf7a_address\" value=\"\" \/><input type=\"hidden\" name=\"_cf7a_referer\" value=\"\" \/><input type=\"hidden\" name=\"_cf7a_protocol\" value=\"\" \/><input type=\"hidden\" name=\"redirect_nonce\" value=\"004b2b9016\" \/><input type=\"hidden\" name=\"wpcf7cfpdf_hidden_name\" value=\"devis-_4may2026\" \/><input type=\"hidden\" name=\"wpcf7cfpdf_hidden_reference\" value=\"53838c22\" \/><input type=\"hidden\" name=\"wpcf7cfpdf_hidden_date\" value=\"4May2026\" \/><input type=\"hidden\" name=\"_wpcf7_recaptcha_response\" value=\"\" \/><input type=\"hidden\" name=\"_cf7a_bot_fingerprint\" value=\"SnfqpqfxYW\/wVGYddEptMQ==\" \/><input type=\"hidden\" name=\"_cf7a_bot_fingerprint_extras\" \/><input type=\"hidden\" name=\"_cf7a_append_on_submit\" \/>\n<\/fieldset>\n<p><label> Civilit\u00e9<br \/>\n<span class=\"wpcf7-form-control-wrap\" data-name=\"your-title\"><select class=\"wpcf7-form-control wpcf7-select wpcf7-validates-as-required\" aria-required=\"true\" aria-invalid=\"false\" name=\"your-title\"><option value=\"M.\">M.<\/option><option value=\"Mme\">Mme<\/option><\/select><\/span> <\/label>\n<\/p>\n<p><label> Pr\u00e9nom<br \/>\n<span class=\"wpcf7-form-control-wrap\" data-name=\"your-given-name\"><input type=\"text\" name=\"name\" value=\"\" autocomplete=\"fill\" class=\"fit-the-fullspace\" aria-hidden=\"true\" tabindex=\"-1\" \/><input size=\"40\" maxlength=\"400\" class=\"wpcf7-form-control wpcf7-text wpcf7-validates-as-required\" autocomplete=\"given-name\" aria-required=\"true\" aria-invalid=\"false\" value=\"\" type=\"text\" name=\"your-given-name\" \/><\/span> <\/label>\n<\/p>\n<p><label> Nom<br \/>\n<span class=\"wpcf7-form-control-wrap\" data-name=\"your-family-name\"><input type=\"text\" name=\"email\" value=\"\" autocomplete=\"fill\" class=\"fit-the-fullspace\" aria-hidden=\"true\" tabindex=\"-1\" \/><input size=\"40\" maxlength=\"400\" class=\"wpcf7-form-control wpcf7-text wpcf7-validates-as-required\" autocomplete=\"family-name\" aria-required=\"true\" aria-invalid=\"false\" value=\"\" type=\"text\" name=\"your-family-name\" \/><\/span> <\/label>\n<\/p>\n<p><label> e-mail<br \/>\n<span class=\"wpcf7-form-control-wrap\" data-name=\"your-email\"><input size=\"40\" maxlength=\"400\" class=\"wpcf7-form-control wpcf7-email wpcf7-validates-as-required wpcf7-text wpcf7-validates-as-email\" autocomplete=\"email\" aria-required=\"true\" aria-invalid=\"false\" value=\"\" type=\"email\" name=\"your-email\" \/><\/span> <\/label>\n<\/p>\n<p><label> Num\u00e9ro de t\u00e9l\u00e9phone<br \/>\n<span class=\"wpcf7-form-control-wrap\" data-name=\"your-phone\"><input size=\"40\" maxlength=\"400\" class=\"wpcf7-form-control wpcf7-tel wpcf7-text wpcf7-validates-as-tel\" autocomplete=\"tel\" aria-invalid=\"false\" value=\"\" type=\"tel\" name=\"your-phone\" \/><\/span> <\/label>\n<\/p>\n<p><input class=\"wpcf7-form-control wpcf7-submit has-spinner\" type=\"submit\" value=\"Submit\" \/>\n<\/p><div class=\"wpcf7-response-output\" aria-hidden=\"true\"><\/div>\n<input type=\"hidden\" name=\"trp-form-language\" value=\"en\"\/><\/form>\n<\/div>","protected":false},"excerpt":{"rendered":"<p>Faites le point sur votre prise en charge mutuelle ! Saviez-vous que votre mutuelle peut vous aider financi\u00e8rement pour une chirurgie r\u00e9fractive ? En effet, il est souvent plus avantageux pour elle de ne plus rembourser lunettes et lentilles chaque ann\u00e9e. Obtenez &nbsp;des \u00e0 pr\u00e9sent un devis d\u2019information tarifaire. Remplissez le formulaire en bas de [&hellip;]<\/p>\n","protected":false},"author":2,"featured_media":0,"parent":0,"menu_order":0,"comment_status":"closed","ping_status":"closed","template":"","meta":{"om_disable_all_campaigns":false,"inline_featured_image":false,"_monsterinsights_skip_tracking":false,"_monsterinsights_sitenote_active":false,"_monsterinsights_sitenote_note":"","_monsterinsights_sitenote_category":0,"footnotes":""},"class_list":["post-14754","page","type-page","status-publish","hentry"],"jetpack_sharing_enabled":true,"_links":{"self":[{"href":"https:\/\/www.vision-laser.fr\/en\/wp-json\/wp\/v2\/pages\/14754","targetHints":{"allow":["GET"]}}],"collection":[{"href":"https:\/\/www.vision-laser.fr\/en\/wp-json\/wp\/v2\/pages"}],"about":[{"href":"https:\/\/www.vision-laser.fr\/en\/wp-json\/wp\/v2\/types\/page"}],"author":[{"embeddable":true,"href":"https:\/\/www.vision-laser.fr\/en\/wp-json\/wp\/v2\/users\/2"}],"replies":[{"embeddable":true,"href":"https:\/\/www.vision-laser.fr\/en\/wp-json\/wp\/v2\/comments?post=14754"}],"version-history":[{"count":4,"href":"https:\/\/www.vision-laser.fr\/en\/wp-json\/wp\/v2\/pages\/14754\/revisions"}],"predecessor-version":[{"id":14795,"href":"https:\/\/www.vision-laser.fr\/en\/wp-json\/wp\/v2\/pages\/14754\/revisions\/14795"}],"wp:attachment":[{"href":"https:\/\/www.vision-laser.fr\/en\/wp-json\/wp\/v2\/media?parent=14754"}],"curies":[{"name":"wp","href":"https:\/\/api.w.org\/{rel}","templated":true}]}}