{"id":147,"date":"2013-07-15T10:59:59","date_gmt":"2013-07-15T09:59:59","guid":{"rendered":"http:\/\/www.vision-laser.fr\/?page_id=147"},"modified":"2020-12-15T11:42:56","modified_gmt":"2020-12-15T10:42:56","slug":"lentilles-de-contact","status":"publish","type":"page","link":"https:\/\/www.vision-laser.fr\/en\/lentilles-de-contact\/","title":{"rendered":"Contact lenses"},"content":{"rendered":"<div id=\"matrix_1024487990\" data-matrixid=\"1024487990\">\n<h2>Contact lens fitting<\/h2>\n<div>\n<p class=\"translation-block\">Contact lenses benefit from high technology and can correct almost all <strong><a href=\"http:\/\/www.vision-laser.fr\/en\/les-defauts-visuels\/\" target=\"_self\">visual defects<\/a><\/strong>.<\/p>\n<p>However, contact lens wearers must be made aware of the need to strictly comply with the hygiene and maintenance rules regarding their equipment.<\/p>\n<p>It is important to emphasize that the adaptation and monitoring of contact lens wearers is a medical procedure, each stage of which, from the pre-adaptation assessment to the regular monitoring of patients, requires specific medical expertise, based on established and recognized scientific, technical and clinical data.<\/p>\n<p>It is thanks to the information provided by the ophthalmologist and to prevention that serious or minor accidents can be avoided most effectively.<\/p>\n<\/div>\n<\/div>\n<p>&nbsp;<\/p>","protected":false},"excerpt":{"rendered":"<p>L&rsquo;adaptation de lentilles de contact Les lentilles de contact b\u00e9n\u00e9ficient d\u2019une haute technologie et permettent de corriger quasiment tous les d\u00e9fauts visuels. Cependant, l\u2019attention des porteurs de lentilles de contact doit imp\u00e9rativement \u00eatre attir\u00e9e sur la n\u00e9cessit\u00e9 d\u2019un respect absolu des r\u00e8gles d\u2019hygi\u00e8ne et d\u2019entretien concernant leur \u00e9quipement. Il est important de souligner que l\u2019adaptation [&hellip;]<\/p>\n","protected":false},"author":2,"featured_media":0,"parent":0,"menu_order":0,"comment_status":"closed","ping_status":"closed","template":"","meta":{"om_disable_all_campaigns":false,"inline_featured_image":false,"_monsterinsights_skip_tracking":false,"_monsterinsights_sitenote_active":false,"_monsterinsights_sitenote_note":"","_monsterinsights_sitenote_category":0,"footnotes":""},"class_list":["post-147","page","type-page","status-publish","hentry"],"jetpack_sharing_enabled":true,"_links":{"self":[{"href":"https:\/\/www.vision-laser.fr\/en\/wp-json\/wp\/v2\/pages\/147","targetHints":{"allow":["GET"]}}],"collection":[{"href":"https:\/\/www.vision-laser.fr\/en\/wp-json\/wp\/v2\/pages"}],"about":[{"href":"https:\/\/www.vision-laser.fr\/en\/wp-json\/wp\/v2\/types\/page"}],"author":[{"embeddable":true,"href":"https:\/\/www.vision-laser.fr\/en\/wp-json\/wp\/v2\/users\/2"}],"replies":[{"embeddable":true,"href":"https:\/\/www.vision-laser.fr\/en\/wp-json\/wp\/v2\/comments?post=147"}],"version-history":[{"count":8,"href":"https:\/\/www.vision-laser.fr\/en\/wp-json\/wp\/v2\/pages\/147\/revisions"}],"predecessor-version":[{"id":1832,"href":"https:\/\/www.vision-laser.fr\/en\/wp-json\/wp\/v2\/pages\/147\/revisions\/1832"}],"wp:attachment":[{"href":"https:\/\/www.vision-laser.fr\/en\/wp-json\/wp\/v2\/media?parent=147"}],"curies":[{"name":"wp","href":"https:\/\/api.w.org\/{rel}","templated":true}]}}