{"id":121,"date":"2013-07-15T10:54:11","date_gmt":"2013-07-15T09:54:11","guid":{"rendered":"http:\/\/www.vision-laser.fr\/?page_id=121"},"modified":"2026-02-16T18:19:53","modified_gmt":"2026-02-16T17:19:53","slug":"hta","status":"publish","type":"page","link":"https:\/\/www.vision-laser.fr\/en\/20-maladies-frequentes\/hta\/","title":{"rendered":"HTA"},"content":{"rendered":"<h2 class=\"wp-block-heading\">High blood pressure and the eye<\/h2>\n\n\n\n<p class=\"translation-block\">Among the many general diseases that can have an impact on the eyes, <strong>high blood pressure<\/strong> is often the reason for a consultation with an ophthalmologist at the request of the attending physician.<\/p>\n\n\n\n<p class=\"translation-block\">It aims to assess the importance of this hypertension and its impact on the back of the eye in the search for <strong>hypertensive retinopathy<\/strong>.<\/p>\n\n\n\n<p>This is a retinal disorder occurring as part of the development of high blood pressure. It is rare and generally asymptomatic.<\/p>\n\n\n\n<p>As the disease progresses, loss of vision in one eye (amaurosis) or both, diplopia (double vision) may occur.<\/p>\n\n\n\n<p>&nbsp;<\/p>\n\n\n\n<p><strong>&nbsp;Fundus:<\/strong><\/p>\n\n\n\n<p class=\"translation-block\">The examination of the fundus is performed with an ophthalmoscope or, preferably, with a <a title=\"L\u2019\u00e9quipement du centre\" href=\"http:\/\/www.vision-laser.fr\/en\/lequipement-du-centre\/\" target=\"_self\">non-mydriatic fundus camera<\/a>, which provides a high-definition digital image of the fundus, often without the need for pupil-dilating eye drops.<\/p>\n\n\n\n<p>The abnormalities detected during the fundus examination allow hypertensive retinopathy to be classified into three stages (Kirkendall classification):<\/p>\n\n\n\n<ul class=\"wp-block-list\">\n<li>stage 1: severe and disseminated arterial narrowing,<\/li>\n\n\n\n<li>Stage 2: The lesions present in stage 1 are found, associated with the **crossing sign**.<\/li>\n\n\n\n<li>stage 3: we find the lesions present in stage 2 associated with retinal hemorrhages, exudates and cotton wool nodules,<\/li>\n\n\n\n<li>Stage 4: The lesions from stage 3 are present, associated with **papillary edema**.<\/li>\n<\/ul>\n\n\n\n<p>These lesions should be distinguished from retinal lesions related to arteriosclerosis, which is much more common.<\/p>\n\n\n\n<p class=\"translation-block\">They, of course, have no relation to the lesions encountered in ocular hypertension in the context of <a title=\"Glaucoma\" href=\"http:\/\/www.vision-laser.fr\/en\/le-glaucome\/\" target=\"_self\"><strong>glaucoma<\/strong><\/a>, which is an entirely different pathology.<\/p>\n\n\n\n<figure class=\"wp-block-embed is-type-video is-provider-tiktok wp-block-embed-tiktok\"><div class=\"wp-block-embed__wrapper\">\n<blockquote class=\"tiktok-embed\" cite=\"https:\/\/www.tiktok.com\/@centre.vision.las\/video\/7485034839163276566\" data-video-id=\"7485034839163276566\" data-embed-from=\"oembed\" style=\"max-width:605px; min-width:325px;\"> <section> <a target=\"_blank\" title=\"@centre.vision.las\" href=\"https:\/\/www.tiktok.com\/@centre.vision.las?refer=embed\">@centre.vision.las<\/a> <p>R\u00e9ponse \u00e0 @AgnesDemBen les risques li\u00e9s \u00e0 l\u2019hypertension oculaire en ophtalmologie <a title=\"ophtalmologie\" target=\"_blank\" href=\"https:\/\/www.tiktok.com\/tag\/ophtalmologie?refer=embed\">#ophtalmologie<\/a> <a title=\"hypermetropie\" target=\"_blank\" href=\"https:\/\/www.tiktok.com\/tag\/hypermetropie?refer=embed\">#hypermetropie<\/a> <a title=\"hypertension\" target=\"_blank\" href=\"https:\/\/www.tiktok.com\/tag\/hypertension?refer=embed\">#hypertension<\/a> <a title=\"lasik\" target=\"_blank\" href=\"https:\/\/www.tiktok.com\/tag\/lasik?refer=embed\">#lasik<\/a> <a title=\"chirurgierefractive\" target=\"_blank\" href=\"https:\/\/www.tiktok.com\/tag\/chirurgierefractive?refer=embed\">#chirurgierefractive<\/a> <a title=\"glaucome\" target=\"_blank\" href=\"https:\/\/www.tiktok.com\/tag\/glaucome?refer=embed\">#glaucome<\/a> <\/p> <a target=\"_blank\" title=\"\u266c Last Hope (Over Slowed + Reverb) - Steve Ralph\" href=\"https:\/\/www.tiktok.com\/music\/Last-Hope-Over-Slowed-Reverb-7315831670740535298?refer=embed\">\u266c Last Hope (Over Slowed + Reverb) &#8211; Steve Ralph<\/a> <\/section> <\/blockquote> <script async src=\"https:\/\/www.tiktok.com\/embed.js\"><\/script>\n<\/div><\/figure>","protected":false},"excerpt":{"rendered":"<p>Hypertension art\u00e9rielle et \u0153il Parmi les nombreuses maladies g\u00e9n\u00e9rales pouvant avoir un retentissement oculaire, l&rsquo;hypertension art\u00e9rielle&nbsp;est souvent la cause d&rsquo;une consultation chez l&rsquo;Ophtalmologiste \u00e0 la demande du m\u00e9decin traitant. Elle vise \u00e0 appr\u00e9cier l&rsquo;importance de cette hypertension et son retentissement au&nbsp;fond de&nbsp;l\u2019\u0153il&nbsp;\u00e0 la recherche d&rsquo;une&nbsp;r\u00e9tinopathie hypertensive. Il s&rsquo;agit d&rsquo;une atteinte r\u00e9tinienne survenant dans le cadre [&hellip;]<\/p>\n","protected":false},"author":2,"featured_media":0,"parent":102,"menu_order":0,"comment_status":"closed","ping_status":"closed","template":"","meta":{"om_disable_all_campaigns":false,"inline_featured_image":false,"_monsterinsights_skip_tracking":false,"_monsterinsights_sitenote_active":false,"_monsterinsights_sitenote_note":"","_monsterinsights_sitenote_category":0,"footnotes":""},"class_list":["post-121","page","type-page","status-publish","hentry"],"jetpack_sharing_enabled":true,"_links":{"self":[{"href":"https:\/\/www.vision-laser.fr\/en\/wp-json\/wp\/v2\/pages\/121","targetHints":{"allow":["GET"]}}],"collection":[{"href":"https:\/\/www.vision-laser.fr\/en\/wp-json\/wp\/v2\/pages"}],"about":[{"href":"https:\/\/www.vision-laser.fr\/en\/wp-json\/wp\/v2\/types\/page"}],"author":[{"embeddable":true,"href":"https:\/\/www.vision-laser.fr\/en\/wp-json\/wp\/v2\/users\/2"}],"replies":[{"embeddable":true,"href":"https:\/\/www.vision-laser.fr\/en\/wp-json\/wp\/v2\/comments?post=121"}],"version-history":[{"count":8,"href":"https:\/\/www.vision-laser.fr\/en\/wp-json\/wp\/v2\/pages\/121\/revisions"}],"predecessor-version":[{"id":25168,"href":"https:\/\/www.vision-laser.fr\/en\/wp-json\/wp\/v2\/pages\/121\/revisions\/25168"}],"up":[{"embeddable":true,"href":"https:\/\/www.vision-laser.fr\/en\/wp-json\/wp\/v2\/pages\/102"}],"wp:attachment":[{"href":"https:\/\/www.vision-laser.fr\/en\/wp-json\/wp\/v2\/media?parent=121"}],"curies":[{"name":"wp","href":"https:\/\/api.w.org\/{rel}","templated":true}]}}