{"id":113,"date":"2013-07-15T10:52:56","date_gmt":"2013-07-15T09:52:56","guid":{"rendered":"http:\/\/www.vision-laser.fr\/?page_id=113"},"modified":"2026-02-16T18:31:52","modified_gmt":"2026-02-16T17:31:52","slug":"decollement-de-retine","status":"publish","type":"page","link":"https:\/\/www.vision-laser.fr\/en\/20-maladies-frequentes\/decollement-de-retine\/","title":{"rendered":"Detached retina"},"content":{"rendered":"<p><strong>Favoring factors:<\/strong><\/p>\n\n\n\n<p class=\"translation-block\">History of surgery on <a href=\"http:\/\/www.vision-laser.fr\/en\/la-cataracte\/\" target=\"_self\">cataract<\/a>,<\/p>\n\n\n\n<p><a title=\"Visual defects\" href=\"http:\/\/www.vision-laser.fr\/en\/les-defauts-visuels\/\" target=\"_blank\" rel=\"noopener noreferrer\">Myopia<\/a>,<\/p>\n\n\n\n<p>Eye trauma,<\/p>\n\n\n\n<p>Sometimes without any particular cause or contributing factors.<\/p>\n\n\n\n<p>&nbsp;<\/p>\n\n\n\n<p><strong>Mechanism<\/strong><\/p>\n\n\n\n<p class=\"translation-block\">Most retinal detachments begin with a tear in the retina allowing vitreous fluid to penetrate under the <strong><a href=\"http:\/\/www.vision-laser.fr\/en\/dmla-macula-retine\/\" target=\"_self\">retina<\/a><\/strong>, detaching the retina. These tears are often the result of normal aging of the eye, with the vitreous detaching from the retina, and are, most of the time, unimportant. These <a href=\"http:\/\/www.vision-laser.fr\/en\/20-maladies-frequentes\/decollement-du-vitre\/\" target=\"_self\">vitreous detachments<\/a> are particularly common in elderly myopic people.<\/p>\n\n\n\n<p>&nbsp;<\/p>\n\n\n\n<p><strong>Symptoms :<\/strong><\/p>\n\n\n\n<p>They are variable, sometimes very discreet, sometimes very alarming.<\/p>\n\n\n\n<p>They include phosphenes, flashes, floating flies, reduction of the visual field, sudden drop in acuity.<\/p>\n\n\n\n<p>&nbsp;<\/p>\n\n\n\n<p><strong>Diagnostic :<\/strong><\/p>\n\n\n\n<p class=\"translation-block\">Faced with these symptoms, it is advisable to consult an <strong>Ophthalmologist<\/strong> quickly because only a thorough examination of the back of the eye and the retinal periphery will allow us to distinguish a posterior vitreous detachment (perfectly benign) from a retinal tear or detachment which requires urgent treatment.<\/p>\n\n\n\n<p>&nbsp;<\/p>\n\n\n\n<p><strong>Treatment :<\/strong><\/p>\n\n\n\n<p>In the event of a tear, laser photocoagulation around the tear can create a barrier and thus prevent future detachment.<\/p>\n\n\n\n<p>If the detachment is established, the treatment is more complex, of the surgical type, the final result being inconsistent, especially if the macula has been affected and the repair has been late.<\/p>\n\n\n\n<p>&nbsp;<\/p>\n\n\n\n<p><strong>There are three types of surgery:<\/strong><\/p>\n\n\n\n<p class=\"translation-block\"><strong>Directed eye banding<\/strong> allows the reattachment of the retina by external compression of the eyeball. This technique does not require opening the eye. It is an effective technique in more than three-quarters of cases. The most common complication remains recurrence of the detachment.<\/p>\n\n\n\n<p class=\"translation-block\"><strong>Vitrectomy<\/strong> consists, after opening the eye, of removing a part of the vitreous which tends, by its retraction, to pull on the edges of the tear. The extracted vitreous is replaced by a resorbable gas. Healing is directed by positioning the head during the few hours following the intervention.<\/p>\n\n\n\n<p>The outcome of the intervention is generally satisfactory.<\/p>\n\n\n\n<p class=\"translation-block\"><strong>Pneumatic retinopexy<\/strong> involves injecting a gas or gel into the eye to allow the retina to be reattached, which must be guided by correct head orientation.<\/p>\n\n\n\n<p>It is a simple technique with few side effects. However, it is not suitable for large detachments.<\/p>\n\n\n\n<p>It can be followed or combined with the other two techniques in the event of insufficient results.<\/p>\n\n\n\n<p class=\"translation-block\">It is also important in the case of <a href=\"http:\/\/www.vision-laser.fr\/en\/les-defauts-visuels\/\" target=\"_self\">myopia<\/a> to have the <strong>ophthalmologist<\/strong> perform <strong>preventative<\/strong> examinations of the back of the eye and the retinal periphery in order to detect early lesions (holes, retinal tears) which can be easily treated by retinal photocoagulation, thus avoiding a later detachment with a more severe prognosis.<\/p>\n\n\n\n<figure class=\"wp-block-embed is-type-video is-provider-youtube wp-block-embed-youtube wp-embed-aspect-16-9 wp-has-aspect-ratio\"><div class=\"wp-block-embed__wrapper\">\n<iframe loading=\"lazy\" title=\"D\u00e9collement de la r\u00e9tine et d\u00e9chirure de r\u00e9tine\" width=\"500\" height=\"281\" src=\"https:\/\/www.youtube.com\/embed\/AjeE3UuVR4g?feature=oembed\" frameborder=\"0\" allow=\"accelerometer; autoplay; clipboard-write; encrypted-media; gyroscope; picture-in-picture; web-share\" referrerpolicy=\"strict-origin-when-cross-origin\" allowfullscreen><\/iframe>\n<\/div><\/figure>","protected":false},"excerpt":{"rendered":"<p>Les facteurs favorisants : Ant\u00e9c\u00e9dents d&rsquo;op\u00e9ration sur la&nbsp;cataracte, Myopie, Traumatisme oculaire, Parfois sans cause ni facteurs favorisants particuliers. &nbsp; M\u00e9canisme La plupart des d\u00e9collements r\u00e9tiniens d\u00e9butent par un d\u00e9chirement de cette derni\u00e8re permettant au liquide vitr\u00e9en de p\u00e9n\u00e9trer sous la&nbsp;r\u00e9tine, d\u00e9collant cette derni\u00e8re. Ces d\u00e9chirures sont souvent cons\u00e9quence d&rsquo;un vieillissement normal de l&rsquo;\u0153il, avec un [&hellip;]<\/p>\n","protected":false},"author":2,"featured_media":0,"parent":102,"menu_order":0,"comment_status":"closed","ping_status":"open","template":"","meta":{"om_disable_all_campaigns":false,"inline_featured_image":false,"_monsterinsights_skip_tracking":false,"_monsterinsights_sitenote_active":false,"_monsterinsights_sitenote_note":"","_monsterinsights_sitenote_category":0,"footnotes":""},"class_list":["post-113","page","type-page","status-publish","hentry"],"jetpack_sharing_enabled":true,"_links":{"self":[{"href":"https:\/\/www.vision-laser.fr\/en\/wp-json\/wp\/v2\/pages\/113","targetHints":{"allow":["GET"]}}],"collection":[{"href":"https:\/\/www.vision-laser.fr\/en\/wp-json\/wp\/v2\/pages"}],"about":[{"href":"https:\/\/www.vision-laser.fr\/en\/wp-json\/wp\/v2\/types\/page"}],"author":[{"embeddable":true,"href":"https:\/\/www.vision-laser.fr\/en\/wp-json\/wp\/v2\/users\/2"}],"replies":[{"embeddable":true,"href":"https:\/\/www.vision-laser.fr\/en\/wp-json\/wp\/v2\/comments?post=113"}],"version-history":[{"count":8,"href":"https:\/\/www.vision-laser.fr\/en\/wp-json\/wp\/v2\/pages\/113\/revisions"}],"predecessor-version":[{"id":25175,"href":"https:\/\/www.vision-laser.fr\/en\/wp-json\/wp\/v2\/pages\/113\/revisions\/25175"}],"up":[{"embeddable":true,"href":"https:\/\/www.vision-laser.fr\/en\/wp-json\/wp\/v2\/pages\/102"}],"wp:attachment":[{"href":"https:\/\/www.vision-laser.fr\/en\/wp-json\/wp\/v2\/media?parent=113"}],"curies":[{"name":"wp","href":"https:\/\/api.w.org\/{rel}","templated":true}]}}