{"id":1088,"date":"2015-04-22T09:23:17","date_gmt":"2015-04-22T08:23:17","guid":{"rendered":"http:\/\/www.vision-laser.fr\/?page_id=1088"},"modified":"2020-12-20T11:52:27","modified_gmt":"2020-12-20T10:52:27","slug":"accueil-mobiles","status":"publish","type":"page","link":"https:\/\/www.vision-laser.fr\/en\/accueil-mobiles\/","title":{"rendered":"Home"},"content":{"rendered":"<figure style=\"width: 120px\" class=\"wp-caption aligncenter\"><a href=\"https:\/\/youtu.be\/thNKVE47niY\" target=\"_blank\" rel=\"noopener noreferrer\"><img loading=\"lazy\" decoding=\"async\" src=\"http:\/\/www.vision-laser.fr\/wp-content\/files_mf\/1373448150img_video.png\" alt=\"\" width=\"120\" height=\"123\" \/><\/a><figcaption class=\"wp-caption-text\">Vid\u00e9o de pr\u00e9sentation du Centre Vision Laser Paris Ouest<\/figcaption><\/figure>\n<p style=\"text-align: justify;\">Sp\u00e9cialis\u00e9 en chirurgie r\u00e9fractive, le Centre Vision Laser Paris Ouest s\u2019est impos\u00e9 comme un p\u00f4le d\u2019excellence pour la chirurgie laser de la\u00a0<a href=\"http:\/\/www.vision-laser.fr\/en\/les-defauts-visuels\/myopie\/\">myopie<\/a>\u00a0et des autres\u00a0<a href=\"http:\/\/www.vision-laser.fr\/en\/les-defauts-visuels\/\">d\u00e9fauts visuels<\/a>. Cr\u00e9e en 2008, il offre notamment un plateau technique performant pour la prise en charge et le traitement de tous les d\u00e9fauts visuels\u00a0tels que hyperm\u00e9tropie, astigmatisme, myopie et presbytie(chirurgie refractive).<\/p>\n<h2>NOS DOMAINES DE\u00a0<strong>COMP\u00c9TENCES<\/strong>:\u00a0<img loading=\"lazy\" decoding=\"async\" class=\"alignright\" src=\"http:\/\/www.vision-laser.fr\/wp-content\/files_mf\/1373449037article_1.png\" alt=\"\" width=\"320\" height=\"208\" \/><\/h2>\n<p>Depuis le test d\u2019\u00e9ligibilit\u00e9 a la chirurgie refractive (hyperm\u00e9tropie, astigmatisme, myopie et presbytie) jusqu\u2019au traitement dans notre bloc op\u00e9ratoire par les lasers les plus performants et le suivi post op\u00e9ratoire sur place.<\/p>\n<div class=\"texte\">\n<h2>OP\u00c9RATION LASER DE\u00a0<strong>MYOPIE:\u00a0<\/strong><img loading=\"lazy\" decoding=\"async\" class=\"alignright\" src=\"http:\/\/www.vision-laser.fr\/wp-content\/files_mf\/1373449040article_2.png\" alt=\"\" width=\"320\" height=\"208\" \/><\/h2>\n<\/div>\n<p>Depuis plus de 10 ans, le Centre traite avec les lasers les plus performants au monde:<br \/>\n<strong>Lasik, laser femto-seconde, Trans-PKR<\/strong> en exclusivit\u00e9 sur Schwind 1050 pour\u00a0le traitement sans aucun contact avec l\u2019\u0153il de la myopie et des autres d\u00e9fauts visuels.<\/p>\n<p>&nbsp;<\/p>\n<p>&nbsp;<\/p>\n<p style=\"text-align: justify;\"><a href=\"http:\/\/www.vision-laser.fr\/wp-content\/uploads\/2013\/07\/2014-AMARIS-Technology_Patient-Brochure.pdf\"><br \/>\n<\/a><br \/>\n<img loading=\"lazy\" decoding=\"async\" class=\"alignnone\" src=\"http:\/\/www.vision-laser.fr\/wp-content\/uploads\/2013\/07\/couverture-le-point-2015-n-2441.jpg\" alt=\"couverture-le-point-2015-n-2441\" width=\"151\" height=\"197\" \/><img loading=\"lazy\" decoding=\"async\" class=\"alignnone\" src=\"http:\/\/www.vision-laser.fr\/wp-content\/uploads\/2014\/08\/classement-le-point-2014.jpg\" alt=\"classement-le-point-2014\" width=\"155\" height=\"197\" \/><img loading=\"lazy\" decoding=\"async\" class=\"alignnone\" src=\"http:\/\/www.vision-laser.fr\/wp-content\/uploads\/2013\/07\/vision-laser-magasine1.jpg\" alt=\"vision-laser-magasine\" width=\"155\" height=\"197\" \/><\/p>\n<h4 style=\"text-align: left;\">Classement dans les Palmar\u00e8s du journal \u00ab\u00a0Le Point\u00a0\u00bb en 2013, 2014 et 2015 dans la cat\u00e9gorie chirurgie de la myopie:<\/h4>\n<div style=\"text-align: left;\">En 2017, comme pour l\u2019ann\u00e9e 2016,\u00a0le journal \u00ab le Point \u00bb n\u2019a pas publi\u00e9 de Palmar\u00e8s classant les meilleures cliniques et h\u00f4pitaux de France pour la cat\u00e9gorie \u00abchirurgie de la myopie\u201d.<br \/>\nLes 3 derni\u00e8res ann\u00e9es o\u00f9 \u201cLe Point\u201d a class\u00e9 les cliniques de chirurgie r\u00e9fractive, notre \u00e9tablissement a figur\u00e9 \u00e0 chaque fois au palmar\u00e8s des meilleurs \u00e9tablissements de France avec les notes suivantes: 16,99 sur 20 en 2013, puis 17,32 en 2014, et 18,52 en 2015.<\/div>\n<div style=\"text-align: left;\">D\u2019autres indicateurs tels que les classement Google sont int\u00e9ressants\u00a0et refl\u00e8tent bien l\u2019afflux toujours plus nombreux de patients et les\u00a0excellents t\u00e9moignages pr\u00e9sents sur nos pages Google, et t\u00e9moignent de l\u2019excellence et du professionnalisme de notre Centre laser.<\/div>\n<div style=\"text-align: left;\"><\/div>\n<div style=\"text-align: left;\">\n<p>&nbsp;<\/p>\n<p style=\"text-align: left;\"><strong>The Schwind Amaris 1050 RS Laser<\/strong><\/p>\n<p style=\"text-align: left;\">Soucieux d\u2019offrir le meilleur de la technologie Lasik, le Centre Vision Laser Paris Ouest s\u2019est \u00e9quip\u00e9 du Laser Amaris 1050 RS, le dernier n\u00e9 de la firme allemande r\u00e9put\u00e9e Schwind. Le syst\u00e8me laser innovant offre une vitesse in\u00e9gal\u00e9e de 1050 Hertz, actuellement la plus \u00e9lev\u00e9e de tous les lasers du march\u00e9.<\/p>\n<p style=\"text-align: left;\">Le Centre Vision Laser Paris Ouest cr\u00e9\u00e9 en 2008 est d\u00e9sormais dot\u00e9 du meilleur \u00e9quipement: Le laser Excimer Schwind 1050RS pour la correction du d\u00e9faut visuel.<br \/>\nIl permet une op\u00e9ration 100\/100 laser de tr\u00e8s haute technologie, le tout dans un Centre reconnu pour son s\u00e9rieux et son exp\u00e9rience.<br \/>\nPar cela, nous poursuivons notre objectif qui est de vous proposer le meilleur de la technologie Lasik aux meilleurs tarifs tout en conservant la facilit\u00e9 de l\u2019accueil et notre disponibilit\u00e9 qui ont contribu\u00e9 \u00e0 notre r\u00e9putation d&rsquo;excellence.<\/p>\n<p style=\"text-align: left;\"><strong>Last minute: the Schwind Ocular Wavefront Analyzer aberrometer<\/strong><\/p>\n<p style=\"text-align: left;\">Le Centre Vision Laser Paris Ouest a accueilli la derni\u00e8re g\u00e9n\u00e9ration d\u2019aberrom\u00e8tres Schwind. L\u2019aberrom\u00e8tre permet de d\u00e9tecter et d\u2019analyser les erreurs visuelles dans les moindres d\u00e9tails afin de faire un traitement personnalis\u00e9 sur mesure du d\u00e9faut visuel.<br \/>\nNotre aberrom\u00e8tre \u00e9tudie plus de 1000 points sur l\u2019\u0153il et envoie ensuite la cartographie r\u00e9alis\u00e9e directement dans le laser pour guider un traitement personnalis\u00e9 point par point de votre corn\u00e9e.<\/p>\n<hr \/>\n<p><a href=\"http:\/\/www.vision-laser.fr\/wp-content\/uploads\/2013\/07\/Charte-qualit\u00e9-N.O-cvlpo.jpg\"><img loading=\"lazy\" decoding=\"async\" class=\"wp-image-1689 size-large\" src=\"http:\/\/www.vision-laser.fr\/wp-content\/uploads\/2013\/07\/Charte-qualit\u00e9-N.O-cvlpo-1024x793.jpg\" alt=\"Charte qualit\u00e9 du Centre Vision Laser Paris Ouest\" width=\"720\" height=\"558\" \/><\/a><\/p>\n<\/div>\n<p>&nbsp;<\/p>","protected":false},"excerpt":{"rendered":"<p>Sp\u00e9cialis\u00e9 en chirurgie r\u00e9fractive, le Centre Vision Laser Paris Ouest s\u2019est impos\u00e9 comme un p\u00f4le d\u2019excellence pour la chirurgie laser de la\u00a0myopie\u00a0et des autres\u00a0d\u00e9fauts visuels. Cr\u00e9e en 2008, il offre notamment un plateau technique performant pour la prise en charge et le traitement de tous les d\u00e9fauts visuels\u00a0tels que hyperm\u00e9tropie, astigmatisme, myopie et presbytie(chirurgie refractive). [&hellip;]<\/p>\n","protected":false},"author":2,"featured_media":0,"parent":0,"menu_order":0,"comment_status":"closed","ping_status":"closed","template":"","meta":{"om_disable_all_campaigns":false,"inline_featured_image":false,"_monsterinsights_skip_tracking":false,"_monsterinsights_sitenote_active":false,"_monsterinsights_sitenote_note":"","_monsterinsights_sitenote_category":0,"footnotes":""},"class_list":["post-1088","page","type-page","status-publish","hentry"],"jetpack_sharing_enabled":true,"_links":{"self":[{"href":"https:\/\/www.vision-laser.fr\/en\/wp-json\/wp\/v2\/pages\/1088","targetHints":{"allow":["GET"]}}],"collection":[{"href":"https:\/\/www.vision-laser.fr\/en\/wp-json\/wp\/v2\/pages"}],"about":[{"href":"https:\/\/www.vision-laser.fr\/en\/wp-json\/wp\/v2\/types\/page"}],"author":[{"embeddable":true,"href":"https:\/\/www.vision-laser.fr\/en\/wp-json\/wp\/v2\/users\/2"}],"replies":[{"embeddable":true,"href":"https:\/\/www.vision-laser.fr\/en\/wp-json\/wp\/v2\/comments?post=1088"}],"version-history":[{"count":23,"href":"https:\/\/www.vision-laser.fr\/en\/wp-json\/wp\/v2\/pages\/1088\/revisions"}],"predecessor-version":[{"id":1933,"href":"https:\/\/www.vision-laser.fr\/en\/wp-json\/wp\/v2\/pages\/1088\/revisions\/1933"}],"wp:attachment":[{"href":"https:\/\/www.vision-laser.fr\/en\/wp-json\/wp\/v2\/media?parent=1088"}],"curies":[{"name":"wp","href":"https:\/\/api.w.org\/{rel}","templated":true}]}}