{"id":89,"date":"2013-07-15T10:46:14","date_gmt":"2013-07-15T09:46:14","guid":{"rendered":"http:\/\/www.vision-laser.fr\/?page_id=89"},"modified":"2020-12-16T11:17:31","modified_gmt":"2020-12-16T10:17:31","slug":"prise-en-charge-au-centre-vision-laser","status":"publish","type":"page","link":"http:\/\/www.vision-laser.fr\/en\/dmla-macula-retine\/prise-en-charge-au-centre-vision-laser\/","title":{"rendered":"AMD support"},"content":{"rendered":"<p class=\"translation-block\"><strong> Visual Acuity Tests<br>\n<\/strong><br>\nHaag Streit BQ biomicroscope for retinal examination.<br>\nTopcon non-mydriatic retinograph for retinal images without the need for dilation with eye drops.<br>\nOCT RTvue- 100 allows for fine and precise analysis with retinal thickness map and 3D scan of the macula.<br>\nRequires no injection.<br>\nThe Octopus visual field allows the analysis of the central scotoma.<\/p>\n<h2>Additional examinations<\/h2>\n<p><strong>\u00b7\u00a0\u00a0\u00a0\u00a0\u00a0\u00a0 Visual acuity<\/strong><\/p>\n<p>The patient complains of reduced vision with his glasses, which initially bothers him up close. Each eye is measured separately. In cases where measuring in tenths is no longer sufficient: the ETDRS scale allows for a better assessment of low vision.<\/p>\n<p><strong>\u00b7\u00a0\u00a0\u00a0\u00a0\u00a0\u00a0 CV<\/strong><\/p>\n<p>The visual field test allows us to assess the size of the central scotoma, i.e. the area of \u200b\u200bno vision. This is an examination that requires good patient participation to be reliable.<\/p>\n<p><strong>\u00b7\u00a0\u00a0\u00a0\u00a0\u00a0\u00a0 Fundus<\/strong><\/p>\n<p class=\"translation-block\">After instilling a few drops of eye drops to obtain pupillary dilation, the fundus examination allows the doctor to visualize the signs of AMD on the retina.<br>\nDrusen are generally visible at the macula level, they correspond to small yellow dots.<br>\nAtrophic areas can be identified at the macula level.<br>\nHemorrhagic areas are sometimes visible at the retina level.<\/p>\n<p><strong>\u00b7\u00a0\u00a0\u00a0\u00a0\u00a0\u00a0 OCT<\/strong><\/p>\n<p class=\"translation-block\">Optical Coherence Tomography is a painless and non-invasive examination, which is comparable to an eye scan. It allows for a detailed analysis of the retina, in this case the macula in the case of AMD, in order to make a diagnosis and monitor its progress.<br>\nDrusen, atrophy areas and hemorrhages are visible and measurable.<br>\nIt is possible to visualize neovascularization: these are pathological vessels developing in the macular region and are potentially very dangerous.<br>\nOCT also allows for the identification of associated signs (macular edema), and for monitoring its progress after treatment.<br>\nThis is a very quick examination that does not require prior drops.<\/p>\n<p><strong>\u00b7\u00a0\u00a0\u00a0\u00a0\u00a0\u00a0 Fluorescein angiography<\/strong><\/p>\n<p class=\"translation-block\">These are photographs of the fundus after injection of a fluorescent contrast agent into a vein in the arm. This allows the retinal vessels, hemorrhages and atrophic areas to be visualized.<br>\nThis sometimes unpleasant examination is now often replaced by OCT but remains essential at the start of treatment.<\/p>\n<p><strong>\u00b7\u00a0\u00a0\u00a0\u00a0\u00a0\u00a0 RNM<\/strong><\/p>\n<p>Non-mydriatic retinophotography has the advantage of visualizing part of the fundus including the macula without dilation. It is a digital photograph of the retina.<\/p>","protected":false},"excerpt":{"rendered":"<p>Tests d\u2019acuit\u00e9 visuelle Bio microscope Haag Streit BQ pour examen de la r\u00e9tine. R\u00e9tinographe non mydriatique Topcon pour des photos de la r\u00e9tine sans n\u00e9cessit\u00e9 de dilatation par collyres. OCT RTvue- 100 permet une analyse fine et pr\u00e9cise avec carte d&rsquo;\u00e9paisseur r\u00e9tinienne et scan 3D de la macula. Ne n\u00e9cessite aucune injection. Le champ visuel [&hellip;]<\/p>\n","protected":false},"author":2,"featured_media":0,"parent":76,"menu_order":0,"comment_status":"closed","ping_status":"closed","template":"","meta":{"om_disable_all_campaigns":false,"inline_featured_image":false,"_monsterinsights_skip_tracking":false,"_monsterinsights_sitenote_active":false,"_monsterinsights_sitenote_note":"","_monsterinsights_sitenote_category":0,"footnotes":""},"class_list":["post-89","page","type-page","status-publish","hentry"],"jetpack_sharing_enabled":true,"_links":{"self":[{"href":"http:\/\/www.vision-laser.fr\/en\/wp-json\/wp\/v2\/pages\/89","targetHints":{"allow":["GET"]}}],"collection":[{"href":"http:\/\/www.vision-laser.fr\/en\/wp-json\/wp\/v2\/pages"}],"about":[{"href":"http:\/\/www.vision-laser.fr\/en\/wp-json\/wp\/v2\/types\/page"}],"author":[{"embeddable":true,"href":"http:\/\/www.vision-laser.fr\/en\/wp-json\/wp\/v2\/users\/2"}],"replies":[{"embeddable":true,"href":"http:\/\/www.vision-laser.fr\/en\/wp-json\/wp\/v2\/comments?post=89"}],"version-history":[{"count":13,"href":"http:\/\/www.vision-laser.fr\/en\/wp-json\/wp\/v2\/pages\/89\/revisions"}],"predecessor-version":[{"id":1647,"href":"http:\/\/www.vision-laser.fr\/en\/wp-json\/wp\/v2\/pages\/89\/revisions\/1647"}],"up":[{"embeddable":true,"href":"http:\/\/www.vision-laser.fr\/en\/wp-json\/wp\/v2\/pages\/76"}],"wp:attachment":[{"href":"http:\/\/www.vision-laser.fr\/en\/wp-json\/wp\/v2\/media?parent=89"}],"curies":[{"name":"wp","href":"https:\/\/api.w.org\/{rel}","templated":true}]}}