{"id":85,"date":"2013-07-15T10:45:13","date_gmt":"2013-07-15T09:45:13","guid":{"rendered":"http:\/\/www.vision-laser.fr\/?page_id=85"},"modified":"2020-12-15T11:25:07","modified_gmt":"2020-12-15T10:25:07","slug":"autres-maladies-maculaires","status":"publish","type":"page","link":"http:\/\/www.vision-laser.fr\/en\/dmla-macula-retine\/autres-maladies-maculaires\/","title":{"rendered":"Other macular conditions"},"content":{"rendered":"<p><a href=\"http:\/\/www.vision-laser.fr\/en\/dmla-macula-retine\/autres-maladies-maculaires\/oedeme-maculaire-diabetique\/\">Diabetic macular edema<\/a><\/p>\n<p><a title=\"CRVO (central retinal vein occlusion)\" href=\"http:\/\/www.vision-laser.fr\/en\/dmla-macula-retine\/autres-maladies-maculaires\/ovcr\/\">CRVO (central retinal vein occlusion)<\/a><\/p>\n<p><a href=\"http:\/\/www.vision-laser.fr\/en\/dmla-macula-retine\/autres-maladies-maculaires\/oacr-occlusion-artere-retinienne\/\">CRAO (retinal artery occlusion)<\/a><\/p>\n<p><a href=\"http:\/\/www.vision-laser.fr\/en\/dmla-macula-retine\/autres-maladies-maculaires\/trou-maculaire\/\">Macular hole<\/a><\/p>\n<p><a href=\"http:\/\/www.vision-laser.fr\/en\/dmla-macula-retine\/autres-maladies-maculaires\/mer-membrane-epiretinienne\/\">MER (epiretinal membrane)<\/a><\/p>\n<p><a href=\"http:\/\/www.vision-laser.fr\/en\/dmla-macula-retine\/autres-maladies-maculaires\/crsc-chorio-retinopathie-sereuse-centrale\/\">CRSC (central serous chorioretinopathy)<\/a><\/p>\n<p><a href=\"http:\/\/www.vision-laser.fr\/en\/dmla-macula-retine\/autres-maladies-maculaires\/retinoschisis\/\">Retinoschisis<\/a><\/p>\n<p><a href=\"http:\/\/www.vision-laser.fr\/en\/dmla-macula-retine\/autres-maladies-maculaires\/oacr-occlusion-artere-retinienne\/\">\u00a0<\/a><\/p>","protected":false},"excerpt":{"rendered":"<p>Oed\u00e8me maculaire diab\u00e9tique OVCR\u00a0(occlusion veine centrale de la r\u00e9tine) OACR (occlusion art\u00e8re retinienne) Trou maculaire MER (membrane \u00e9pir\u00e9tinienne) CRSC (chorio r\u00e9tinopathie s\u00e9reuse centrale) R\u00e9tinoschisis \u00a0<\/p>","protected":false},"author":2,"featured_media":0,"parent":76,"menu_order":0,"comment_status":"closed","ping_status":"closed","template":"","meta":{"om_disable_all_campaigns":false,"inline_featured_image":false,"_monsterinsights_skip_tracking":false,"_monsterinsights_sitenote_active":false,"_monsterinsights_sitenote_note":"","_monsterinsights_sitenote_category":0,"footnotes":""},"class_list":["post-85","page","type-page","status-publish","hentry"],"jetpack_sharing_enabled":true,"_links":{"self":[{"href":"http:\/\/www.vision-laser.fr\/en\/wp-json\/wp\/v2\/pages\/85","targetHints":{"allow":["GET"]}}],"collection":[{"href":"http:\/\/www.vision-laser.fr\/en\/wp-json\/wp\/v2\/pages"}],"about":[{"href":"http:\/\/www.vision-laser.fr\/en\/wp-json\/wp\/v2\/types\/page"}],"author":[{"embeddable":true,"href":"http:\/\/www.vision-laser.fr\/en\/wp-json\/wp\/v2\/users\/2"}],"replies":[{"embeddable":true,"href":"http:\/\/www.vision-laser.fr\/en\/wp-json\/wp\/v2\/comments?post=85"}],"version-history":[{"count":14,"href":"http:\/\/www.vision-laser.fr\/en\/wp-json\/wp\/v2\/pages\/85\/revisions"}],"predecessor-version":[{"id":749,"href":"http:\/\/www.vision-laser.fr\/en\/wp-json\/wp\/v2\/pages\/85\/revisions\/749"}],"up":[{"embeddable":true,"href":"http:\/\/www.vision-laser.fr\/en\/wp-json\/wp\/v2\/pages\/76"}],"wp:attachment":[{"href":"http:\/\/www.vision-laser.fr\/en\/wp-json\/wp\/v2\/media?parent=85"}],"curies":[{"name":"wp","href":"https:\/\/api.w.org\/{rel}","templated":true}]}}