{"id":79,"date":"2013-07-15T10:42:52","date_gmt":"2013-07-15T09:42:52","guid":{"rendered":"http:\/\/www.vision-laser.fr\/?page_id=79"},"modified":"2020-12-15T11:27:24","modified_gmt":"2020-12-15T10:27:24","slug":"descriptions-de-la-dmla","status":"publish","type":"page","link":"http:\/\/www.vision-laser.fr\/en\/dmla-macula-retine\/descriptions-de-la-dmla\/","title":{"rendered":"AMD description"},"content":{"rendered":"<h2>Description of AMD (Age-related Macular Degeneration)<\/h2>\n<p class=\"translation-block\">The arrival of new effective treatments reinforces the importance of early detection and rapid management of AMD and other conditions affecting the macula.<br>\nAs soon as the first symptoms appear, a specialist consultation is required, including additional examinations that will confirm this diagnosis and specify the exact form of AMD in order to implement the appropriate treatments.<\/p>\n<p>&nbsp;<\/p>\n<div>\n<h2>Different forms of AMD<\/h2>\n<\/div>\n<div>The atrophic form corresponds to 80% of patients with AMD (Age-related Macular Degeneration). Commonly called the \"dry\" form, it is characterized by the disappearance of cells in the macula. It often affects both eyes, with a slow progression. Patients have a significant loss of central vision but retain the peripheral visual field useful for movement. The exudative form, or \"wet\" form, affects 20% of patients with AMD. New vessels are created in the retina but they are very fragile, which can cause hemorrhages. These new vessels are either \"occult\" (develop under the pigment epithelium) or \"visible\" (above the epithelium). They cause exudation and therefore an accumulation of fluid inside the macula. A certain number of atrophic forms can develop into exudative forms. In the early stage, common to both forms of AMD, small yellow dots called drusen appear at the back of the eye, which correspond to remnants of retinal cells.<\/div>","protected":false},"excerpt":{"rendered":"<p>Description de la DMLA (D\u00e9g\u00e9n\u00e9rescence Maculaire li\u00e9e \u00e0 l&rsquo;Age) L&rsquo;arriv\u00e9e de nouveaux traitements efficaces renforce l&rsquo;int\u00e9r\u00eat d&rsquo;un d\u00e9pistage pr\u00e9coce et d&rsquo;une prise en charge rapide de la DMLA et des autres affections touchant la macula. D\u00e8s l&rsquo;apparition des premiers sympt\u00f4mes,\u00a0une consultation sp\u00e9cialis\u00e9e s&rsquo;impose\u00a0incluant\u00a0les examens compl\u00e9mentaires\u00a0qui permettront de confirmer ce diagnostic et de pr\u00e9ciser la forme [&hellip;]<\/p>\n","protected":false},"author":2,"featured_media":0,"parent":76,"menu_order":0,"comment_status":"closed","ping_status":"closed","template":"","meta":{"om_disable_all_campaigns":false,"inline_featured_image":false,"_monsterinsights_skip_tracking":false,"_monsterinsights_sitenote_active":false,"_monsterinsights_sitenote_note":"","_monsterinsights_sitenote_category":0,"footnotes":""},"class_list":["post-79","page","type-page","status-publish","hentry"],"jetpack_sharing_enabled":true,"_links":{"self":[{"href":"http:\/\/www.vision-laser.fr\/en\/wp-json\/wp\/v2\/pages\/79","targetHints":{"allow":["GET"]}}],"collection":[{"href":"http:\/\/www.vision-laser.fr\/en\/wp-json\/wp\/v2\/pages"}],"about":[{"href":"http:\/\/www.vision-laser.fr\/en\/wp-json\/wp\/v2\/types\/page"}],"author":[{"embeddable":true,"href":"http:\/\/www.vision-laser.fr\/en\/wp-json\/wp\/v2\/users\/2"}],"replies":[{"embeddable":true,"href":"http:\/\/www.vision-laser.fr\/en\/wp-json\/wp\/v2\/comments?post=79"}],"version-history":[{"count":12,"href":"http:\/\/www.vision-laser.fr\/en\/wp-json\/wp\/v2\/pages\/79\/revisions"}],"predecessor-version":[{"id":1642,"href":"http:\/\/www.vision-laser.fr\/en\/wp-json\/wp\/v2\/pages\/79\/revisions\/1642"}],"up":[{"embeddable":true,"href":"http:\/\/www.vision-laser.fr\/en\/wp-json\/wp\/v2\/pages\/76"}],"wp:attachment":[{"href":"http:\/\/www.vision-laser.fr\/en\/wp-json\/wp\/v2\/media?parent=79"}],"curies":[{"name":"wp","href":"https:\/\/api.w.org\/{rel}","templated":true}]}}