{"id":71,"date":"2013-07-15T10:39:55","date_gmt":"2013-07-15T09:39:55","guid":{"rendered":"http:\/\/www.vision-laser.fr\/?page_id=71"},"modified":"2025-11-19T17:36:54","modified_gmt":"2025-11-19T16:36:54","slug":"laser-slt","status":"publish","type":"page","link":"http:\/\/www.vision-laser.fr\/en\/le-glaucome\/laser-slt\/","title":{"rendered":"Glaucoma operation: Laser treatment"},"content":{"rendered":"<p class=\"translation-block\">Open-angle glaucoma can be operated on with an argon laser or more recently with a <strong>SLT (Selective) laser<\/strong>. It consists of making impacts in the angle between the iris and the cornea, more precisely on the trabecular meshwork. It has the effect of widening the meshwork of the trabecular meshwork, allowing it to be more permeable to aqueous humor and therefore <a href=\"http:\/\/www.vision-laser.fr\/en\/le-glaucome\/questions\/\" target=\"_self\"><strong>reducing eye pressure<\/strong><\/a>.<\/p>\n\n\n\n<p>The operation is performed without hospitalization, it is technically simple and can be done at the ophthalmologist's office. Anesthetic eye drops are instilled on the eye and a contact lens is placed on the eye in order to practice the laser.<\/p>\n\n\n\n<p class=\"translation-block\">The after-effects of <strong>Glaucoma laser treatment surgery<\/strong> are simple. At most, there is irritation of the eye that lasts a few hours. An anti-inflammatory treatment is then prescribed for about a week. This treatment is effective because it reduces eye pressure by almost 30%, which allows you to stop taking eye drops or reduce the number prescribed.<\/p>\n\n\n\n<p>Mais son efficacit\u00e9 est transitoire. La tension oculaire peut remonter apr\u00e8s quelques ann\u00e9es dans pr\u00e8s de 40 % des cas.<br>Le principal avantage du laser S\u00e9lectif par rapport&nbsp;\u00e0 l\u2019Argon est la possibilit\u00e9 du fait de son absence d\u2019effets thermiques et son innocuit\u00e9 de retraiter le patient au laser apr\u00e8s quelques ann\u00e9es.<br>Un traitement m\u00e9dical peut \u00eatre \u00e9galement r\u00e9instaur\u00e9 apr\u00e8s quelques ann\u00e9es.<\/p>\n\n\n\n<p class=\"translation-block\">Angle-closure glaucoma can be treated with <strong>laser<\/strong>. It consists of opening the iris to prevent it from blocking the trabecular meshwork when it relaxes. Angle-closure glaucoma surgery is performed without hospitalization with the same after-effects and procedures as in laser surgery for open-angle glaucoma but with another laser: <strong>YAG laser<\/strong>.<\/p>\n\n\n\n<p>&nbsp;<\/p>\n\n\n\n<h2 class=\"wp-block-heading\">The SLT Laser<\/h2>\n\n\n\n<p>Mis au point en 1995 et approuv\u00e9 par la FDA (Foods and drugs administration USA) en 2001, &nbsp;le SLT&nbsp;est un nouveau type de laser qui permet de traiter le glaucome&nbsp;en r\u00e9g\u00e9n\u00e9rant le trab\u00e9culum de l&rsquo;angle irido-corn\u00e9en.<\/p>\n\n\n\n<p>More than 3,000 centers are equipped with it worldwide, including 1,700 in the USA and around a hundred in France, including the Paris Ouest Vision Laser Center.<\/p>\n\n\n\n<p>Le laser SLT&nbsp;qui a fait la preuve de son efficacit\u00e9 et de son innocuit\u00e9 est un nouveau traitement de r\u00e9f\u00e9rence dans le glaucome \u00e0 angle ouvert.<\/p>\n\n\n\n<p>A hundred international scientific publications have confirmed its effectiveness and its place in this glaucoma operation.<\/p>\n\n\n\n<p>The data for our study come from these publications and from the summary presented by Professor Philippe Denis of the Hospices Civils de Lyon.<\/p>\n\n\n\n<p>&nbsp;<\/p>\n\n\n\n<h2 class=\"wp-block-heading\">How it works<\/h2>\n\n\n\n<p>The trabeculum is one of the structures of the iridocorneal angle allowing the filtration of aqueous humor.<\/p>\n\n\n\n<p>The SLT laser allows regeneration of the trabecular meshwork without creating tissue burns as is the case with the Argon laser.<\/p>\n\n\n\n<p>Il procure une baisse tensionnelle identique&nbsp;\u00e0 celle obtenue avec trab\u00e9culectomie Argon sans en avoir les effets thermiques ind\u00e9sirables, ni la fibrose.<br>La baisse tensionnelle est de pr\u00e8s de 30% de la pression initiale ce qui,&nbsp;en terme d&rsquo;efficacit\u00e9,&nbsp;le place favorablement par rapport aux collyres utilis\u00e9s en monoth\u00e9rapie.<\/p>\n\n\n\n<p>C\u2019est un traitement&nbsp;\u00e0 faible \u00e9nergie (pr\u00e8s de 100 fois moindre qu\u2019avec laser Argon) donc non invasif et s\u00e9curisant ce qui autorise les retraitements (ce qui le diff\u00e9rencie encore des lasers thermiques&nbsp;\u00e0 Argon).<\/p>\n\n\n\n<p>&nbsp;<\/p>\n\n\n\n<h2 class=\"wp-block-heading\">Results: decreased eye pressure<\/h2>\n\n\n\n<p>Le Laser SLT permet une baisse de tension oculaire de 20 \u00e0 30% de la pression initiale, &nbsp;ce qui le place favorablement par rapport \u00e0 une monoth\u00e9rapie m\u00e9dicale.<\/p>\n\n\n\n<p>The higher the initial pressure, the more effective the laser will be.<\/p>\n\n\n\n<p>The effect will be judged after 1 month.<\/p>\n\n\n\n<p>It remains effective in the long term since according to studies the pressure drop would still be 20% after 5 years.<\/p>\n\n\n\n<p>A therapeutic escape is nevertheless often observed but it will then be wise to do it again because it retains the same effectiveness in the event of reprocessing.<\/p>\n\n\n\n<p>SLT retreatments are harmless because it is a non-invasive method.<\/p>\n\n\n\n<p>&nbsp;<\/p>\n\n\n\n<h2 class=\"wp-block-heading\">Possible side effects<\/h2>\n\n\n\n<p>Sometimes, pain or rather transient ocular discomfort may be observed after treatment, sometimes moderate post-operative ocular inflammation prevented if necessary by anti-inflammatory eye drops.<\/p>\n\n\n\n<p>Immediate and short-lived postoperative pressure spike is rare.<\/p>\n\n\n\n<p>No long term side effects.<\/p>\n\n\n\n<p>&nbsp;<\/p>\n\n\n\n<h2 class=\"wp-block-heading\">Contraindications<\/h2>\n\n\n\n<p>Congenital glaucoma,<\/p>\n\n\n\n<p>juvenile,<\/p>\n\n\n\n<p>post uveitic,<\/p>\n\n\n\n<p>neovascular,<\/p>\n\n\n\n<p>and closed or very narrow angle.<\/p>\n\n\n\n<p>&nbsp;<\/p>\n\n\n\n<h2 class=\"wp-block-heading\">Conducting glaucoma surgery during an SLT laser session<\/h2>\n\n\n\n<p>The session takes place in a clinic or medical office.<\/p>\n\n\n\n<p>The patient is awake, a few drops of anesthetic eye drops are instilled into the eye just before the session.<\/p>\n\n\n\n<p>Depending on the case, preparatory eye drops are prescribed one hour before and after the session.<\/p>\n\n\n\n<p>The patient sits in front of the laser with the eye held open by a contact lens.<\/p>\n\n\n\n<p>La s\u00e9ance dure environ 1 minute et est indolore, le patient pouvant travailler et&nbsp;reprendre ses activit\u00e9s&nbsp;1\/2 heure apr\u00e8s la s\u00e9ance.<\/p>\n\n\n\n<p>It is usual to offer a 2nd session 2 to 4 weeks after the first.<\/p>\n\n\n\n<p>The final effect on blood pressure is seen after one month.<\/p>\n\n\n\n<p>It will therefore be necessary to continue the previous medical treatment and reduce it after a month depending on the reduction in blood pressure achieved.<\/p>\n\n\n\n<p>Argon Laser Trabeculectomy or SLT is reimbursed by Social Security (and Mutual Insurance Companies) as part of this glaucoma operation.<\/p>\n\n\n\n<p>&nbsp;<\/p>\n\n\n\n<h2 class=\"wp-block-heading\">Place of laser in the treatment of glaucoma<\/h2>\n\n\n\n<p>Il est habituel de commencer par un traitement m\u00e9dical, sauf dans certaines indications o\u00f9&nbsp;le Laser&nbsp;peut \u00eatre propos\u00e9 d&#8217;embl\u00e9e.<\/p>\n\n\n\n<p>Le Laser est indiqu\u00e9 en cas de mauvaise observance ou de mauvaise tol\u00e9rance au&nbsp;traitement par collyres.<\/p>\n\n\n\n<p>It is also indicated to reduce the number of eye drops prescribed.<\/p>\n\n\n\n<p>Il permet \u00e9galement&nbsp;d&rsquo;\u00e9viter ou de retarder le recours&nbsp;\u00e0 la chirurgie ou en cas de r\u00e9sultat d\u00e9cevant de la chirurgie.<\/p>\n\n\n\n<p>Please note that the use of the SLT Laser does not reduce the chances of success of the surgery or the effectiveness of any eye drop treatment that may be prescribed subsequently.<\/p>\n\n\n\n<h2 class=\"wp-block-heading\">Conclusions<\/h2>\n\n\n\n<p>L&rsquo;efficacit\u00e9 du Laser SLT&nbsp;afin d&rsquo;abaisser&nbsp;la tension oculaire \u00e0 long terme a \u00e9t\u00e9 prouv\u00e9e au travers d&rsquo;une centaine d&rsquo;\u00e9tudes internationales.<\/p>\n\n\n\n<p>Elle est \u00e9quivalente&nbsp;\u00e0 l\u2019Argon dans le traitement des glaucomes&nbsp;\u00e0 angle ouvert.<\/p>\n\n\n\n<p>It is equivalent or even more effective than antiglaucomatous eye drops used as monotherapy.<\/p>\n\n\n\n<p>Studies confirm the absence of thermal effects and validate this non-invasive method with an excellent safety profile.<\/p>\n\n\n\n<p>Retreatments are possible without risk of altering the chances of future surgery.<\/p>\n\n\n\n<p>The SLT Laser is therefore the new reference solution for glaucoma surgery.<\/p>\n\n\n\n<figure class=\"wp-block-embed is-type-video is-provider-tiktok wp-block-embed-tiktok\"><div class=\"wp-block-embed__wrapper\">\nhttps:\/\/www.tiktok.com\/@centre.vision.las\/video\/7485675801527045398\n<\/div><\/figure>\n\n\n\n<figure class=\"wp-block-embed is-type-video is-provider-tiktok wp-block-embed-tiktok\"><div class=\"wp-block-embed__wrapper\">\n<blockquote class=\"tiktok-embed\" cite=\"https:\/\/www.tiktok.com\/@centre.vision.las\/video\/7555760420338863392\" data-video-id=\"7555760420338863392\" data-embed-from=\"oembed\" style=\"max-width:605px; min-width:325px;\"> <section> <a target=\"_blank\" title=\"@centre.vision.las\" href=\"https:\/\/www.tiktok.com\/@centre.vision.las?refer=embed\">@centre.vision.las<\/a> <p>Les dangers de l&rsquo;hypertension oculaire \u26a0\ufe0f <a title=\"chirurgier\u00e9fractive\" target=\"_blank\" href=\"https:\/\/www.tiktok.com\/tag\/chirurgier%C3%A9fractive?refer=embed\">#chirurgier\u00e9fractive<\/a> <a title=\"lasik\" target=\"_blank\" href=\"https:\/\/www.tiktok.com\/tag\/lasik?refer=embed\">#lasik<\/a> <a title=\"astigmatisme\" target=\"_blank\" href=\"https:\/\/www.tiktok.com\/tag\/astigmatisme?refer=embed\">#astigmatisme<\/a> <a title=\"soindesyeux\" target=\"_blank\" href=\"https:\/\/www.tiktok.com\/tag\/soindesyeux?refer=embed\">#soindesyeux<\/a><\/p> <a target=\"_blank\" title=\"\u266c son original - Centre Vision Laser\" href=\"https:\/\/www.tiktok.com\/music\/son-original-7555760647485672225?refer=embed\">\u266c son original &#8211; Centre Vision Laser<\/a> <\/section> <\/blockquote> <script async src=\"https:\/\/www.tiktok.com\/embed.js\"><\/script>\n<\/div><\/figure>\n\n\n\n<figure class=\"wp-block-embed is-type-video is-provider-tiktok wp-block-embed-tiktok\"><div class=\"wp-block-embed__wrapper\">\n<blockquote class=\"tiktok-embed\" cite=\"https:\/\/www.tiktok.com\/@centre.vision.las\/video\/7521038711765667105\" data-video-id=\"7521038711765667105\" data-embed-from=\"oembed\" style=\"max-width:605px; min-width:325px;\"> <section> <a target=\"_blank\" title=\"@centre.vision.las\" href=\"https:\/\/www.tiktok.com\/@centre.vision.las?refer=embed\">@centre.vision.las<\/a> <p>La tension oculaire, ou pression intraoculaire, ne provoque pas toujours de sympt\u00f4mes visibles, surtout si elle est l\u00e9g\u00e8rement \u00e9lev\u00e9e. Cependant, si elle devient trop haute, comme dans un glaucome aigu, vous pourriez ressentir des douleurs oculaires, une sensation de pression, une vision floue, des halos autour des lumi\u00e8res, des maux de t\u00eate, ou m\u00eame des naus\u00e9es. Une tension trop basse, plus rare, peut causer une vision d\u00e9form\u00e9e ou une g\u00eane. Souvent, ces signes apparaissent tard, donc un d\u00e9pistage r\u00e9gulier est essentiel pour d\u00e9tecter un probl\u00e8me t\u00f4t. Si vous ressentez ces sympt\u00f4mes, consultez rapidement un ophtalmologue pour \u00e9viter des complications comme une perte de vision. En r\u00e9sum\u00e9, une tension oculaire anormale peut causer douleurs, vision floue ou halos, mais elle est souvent silencieuse au d\u00e9but.<\/p> <a target=\"_blank\" title=\"\u266c son original - Centre Vision Laser\" href=\"https:\/\/www.tiktok.com\/music\/son-original-7521038790102682401?refer=embed\">\u266c son original &#8211; Centre Vision Laser<\/a> <\/section> <\/blockquote> <script async src=\"https:\/\/www.tiktok.com\/embed.js\"><\/script>\n<\/div><\/figure>","protected":false},"excerpt":{"rendered":"<p>Le glaucome \u00e0 angle ouvert peut \u00eatre op\u00e9r\u00e9 par le laser argon ou plus r\u00e9cemment au laser SLT (S\u00e9lectif). Il consiste \u00e0 r\u00e9aliser des impacts dans l\u2019angle entre l\u2019iris et la corn\u00e9e, plus pr\u00e9cis\u00e9ment sur le trab\u00e9culum. Il a pour effet d\u2019\u00e9largir les mailles du trab\u00e9culum lui permettant d\u2019\u00eatre plus perm\u00e9able \u00e0 l\u2019humeur aqueuse et [&hellip;]<\/p>\n","protected":false},"author":2,"featured_media":0,"parent":63,"menu_order":0,"comment_status":"closed","ping_status":"open","template":"","meta":{"om_disable_all_campaigns":false,"inline_featured_image":false,"_monsterinsights_skip_tracking":false,"_monsterinsights_sitenote_active":false,"_monsterinsights_sitenote_note":"","_monsterinsights_sitenote_category":0,"footnotes":""},"class_list":["post-71","page","type-page","status-publish","hentry"],"jetpack_sharing_enabled":true,"_links":{"self":[{"href":"http:\/\/www.vision-laser.fr\/en\/wp-json\/wp\/v2\/pages\/71","targetHints":{"allow":["GET"]}}],"collection":[{"href":"http:\/\/www.vision-laser.fr\/en\/wp-json\/wp\/v2\/pages"}],"about":[{"href":"http:\/\/www.vision-laser.fr\/en\/wp-json\/wp\/v2\/types\/page"}],"author":[{"embeddable":true,"href":"http:\/\/www.vision-laser.fr\/en\/wp-json\/wp\/v2\/users\/2"}],"replies":[{"embeddable":true,"href":"http:\/\/www.vision-laser.fr\/en\/wp-json\/wp\/v2\/comments?post=71"}],"version-history":[{"count":16,"href":"http:\/\/www.vision-laser.fr\/en\/wp-json\/wp\/v2\/pages\/71\/revisions"}],"predecessor-version":[{"id":25000,"href":"http:\/\/www.vision-laser.fr\/en\/wp-json\/wp\/v2\/pages\/71\/revisions\/25000"}],"up":[{"embeddable":true,"href":"http:\/\/www.vision-laser.fr\/en\/wp-json\/wp\/v2\/pages\/63"}],"wp:attachment":[{"href":"http:\/\/www.vision-laser.fr\/en\/wp-json\/wp\/v2\/media?parent=71"}],"curies":[{"name":"wp","href":"https:\/\/api.w.org\/{rel}","templated":true}]}}