{"id":53,"date":"2013-07-15T10:34:42","date_gmt":"2013-07-15T09:34:42","guid":{"rendered":"http:\/\/www.vision-laser.fr\/?page_id=53"},"modified":"2025-11-19T15:44:03","modified_gmt":"2025-11-19T14:44:03","slug":"surveillance-et-complications","status":"publish","type":"page","link":"http:\/\/www.vision-laser.fr\/en\/la-cataracte\/surveillance-et-complications\/","title":{"rendered":"Monitoring and complications"},"content":{"rendered":"<p>D\u00e8s le jour de l\u2019intervention, l\u2019op\u00e9r\u00e9 doit commencer un traitement local qui consiste \u00e0 instiller deux collyres. Le premier est un antibiotique pour pr\u00e9venir toute infection et le second est un anti-inflammatoire. Ces gouttes doivent \u00eatre instill\u00e9es \u00e0 quelques minutes d\u2019intervalles, trois fois par jour, pendant un \u00e0 deux mois.<br>Attention la plupart des collyres ne se conservent pas au-del\u00e0 de 15 jours.<br>Il est aussi habituel de garder une coque de protection sur l\u2019\u0153il op\u00e9r\u00e9 pendant les premi\u00e8res nuits.<br>Une consultation de contr\u00f4le est pr\u00e9vue le lendemain de l\u2019op\u00e9ration, ainsi qu\u2019une deuxi\u00e8me une semaine plus tard.<br>Enfin, ce n\u2019est qu\u2019un mois apr\u00e8s l\u2019op\u00e9ration que le m\u00e9decin pourra juger des r\u00e9sultats visuels d\u00e9finitifs et prescrire si besoin des lunettes.<\/p>\n\n\n\n<h2 class=\"wp-block-heading\">Complications<\/h2>\n\n\n\n<p>Comme tout acte chirurgical, <a href=\"http:\/\/www.vision-laser.fr\/en\/la-cataracte\/loperation\/\">l\u2019op\u00e9ration de la cataracte<\/a> peut \u00eatre la cause de complications. Il n\u2019existe pas de chirurgie \u00e0 risque z\u00e9ro.<br>Celles-ci peuvent appara\u00eetre rapidement suite \u00e0 un probl\u00e8me survenu pendant l\u2019op\u00e9ration ou appara\u00eetre secondairement sans cause r\u00e9ellement identifi\u00e9e dans les jours qui suivent l\u2019op\u00e9ration.<br>Les risques les plus courants sont :<\/p>\n\n\n\n<ul class=\"wp-block-list\">\n<li>corneal edema (often disappears quickly)<\/li>\n\n\n\n<li>Infections (nosocomial or not) sometimes serious require you to follow the pre- and post-operative treatment based on antibiotic eye drops that will be prescribed to you. They often heal without after-effects when taken in time (hence the importance of good post-operative monitoring). These infections appear more readily in certain favorable conditions (diabetic, weakened immune defenses, etc.)<\/li>\n\n\n\n<li>inflammations,<\/li>\n\n\n\n<li>the movement of the implant,<\/li>\n\n\n\n<li>retinal detachment (serious, occurs more often in cases of myopia),<\/li>\n\n\n\n<li>and hemorrhages.<\/li>\n<\/ul>\n\n\n\n<h2 class=\"wp-block-heading\">Post-operative care<\/h2>\n\n\n\n<p>Side effects may occur following the procedure. However, they are neither worrying nor a sign of failure during the operation:<\/p>\n\n\n\n<ul class=\"wp-block-list\">\n<li>The eye may be red.<\/li>\n\n\n\n<li>Vision is often still blurry the day after surgery but will improve within a few days.<\/li>\n\n\n\n<li>You may feel discomfort similar to a foreign body in the eye.<\/li>\n\n\n\n<li>Dans de rares cas, le patient peut ressentir une douleur pendant les heures suivant l\u2019op\u00e9ration, qui dispara\u00eetra rapidement. Une petite sensibilit\u00e9 de l\u2019\u0153il&nbsp;reste tout \u00e0 fait normale pendant la cicatrisation.<\/li>\n<\/ul>\n\n\n\n<p>Les anciennes lunettes peuvent \u00eatre r\u00e9utilis\u00e9es provisoirement. Si le verre du c\u00f4t\u00e9 op\u00e9r\u00e9 g\u00eane la vision, il faut le remplacer provisoirement par un verre neutre chez l\u2019opticien.<br>Il faudra dans un 2\u00e8me temps remplacer le verre correcteur ancien, mais il faut g\u00e9n\u00e9ralement attendre 4 semaines que l\u2019\u0153il soit bien cicatris\u00e9 afin de pouvoir changer le verre.<\/p>\n\n\n\n<figure class=\"wp-block-embed aligncenter is-type-video is-provider-tiktok wp-block-embed-tiktok\"><div class=\"wp-block-embed__wrapper\">\n<blockquote class=\"tiktok-embed\" cite=\"https:\/\/www.tiktok.com\/@centre.vision.las\/video\/7534643398175722784\" data-video-id=\"7534643398175722784\" data-embed-from=\"oembed\" style=\"max-width:605px; min-width:325px;\"> <section> <a target=\"_blank\" title=\"@centre.vision.las\" href=\"https:\/\/www.tiktok.com\/@centre.vision.las?refer=embed\">@centre.vision.las<\/a> <p>Le laser YAG est un laser qui \u00e9met une lumi\u00e8re dans le spectre infrarouge \u00e0 une longueur d\u2019onde de 1064 nm. -&gt; Il a la particularit\u00e9 de g\u00e9n\u00e9rer des impulsions tr\u00e8s courtes avec une tr\u00e8s haute \u00e9nergie, ce qui permet de cr\u00e9er un effet de photodisruption. Contrairement aux lasers thermiques, le laser YAG n\u2019entra\u00eene pas d\u2019\u00e9l\u00e9vation thermique significative au niveau des tissus oculaires. Au lieu de cela, il induit une rupture m\u00e9canique des tissus cibl\u00e9s gr\u00e2ce \u00e0 une augmentation locale soudaine de la pression provoqu\u00e9e par la vaporisation instantan\u00e9e de fluides intraoculaires. Le laser YAG est utilis\u00e9 dans plusieurs situations cliniques, notamment : \u2022 Capsulotomie post\u00e9rieure : C\u2019est l\u2019indication la plus courante. Apr\u00e8s une chirurgie de la cataracte, la capsule post\u00e9rieure du cristallin peut devenir opaque (opacification capsulaire post\u00e9rieure), entra\u00eenant une baisse de la vision. Le laser YAG est utilis\u00e9 pour cr\u00e9er une ouverture dans cette capsule pour restaurer la vision claire. \u2022 Iridotomie p\u00e9riph\u00e9rique : Utilis\u00e9e principalement pour traiter ou pr\u00e9venir un glaucome par fermeture de l\u2019angle. Le laser YAG permet de cr\u00e9er une petite ouverture dans l\u2019iris p\u00e9riph\u00e9rique pour \u00e9galiser les pressions entre les chambres ant\u00e9rieure et post\u00e9rieure de l\u2019\u0153il, emp\u00eachant ainsi une crise aigu\u00eb de glaucome. \u2022 R\u00e9vision de sutures ou autres interventions chirurgicales : Dans certains cas, le laser YAG peut \u00eatre utilis\u00e9 pour couper des sutures ou pour corriger certains aspects de chirurgies pr\u00e9c\u00e9dentes.<\/p> <a target=\"_blank\" title=\"\u266c son original - Centre Vision Laser\" href=\"https:\/\/www.tiktok.com\/music\/son-original-7534646456137911073?refer=embed\">\u266c son original &#8211; Centre Vision Laser<\/a> <\/section> <\/blockquote> <script async src=\"https:\/\/www.tiktok.com\/embed.js\"><\/script>\n<\/div><\/figure>\n\n\n\n<figure class=\"wp-block-embed aligncenter is-type-video is-provider-tiktok wp-block-embed-tiktok\"><div class=\"wp-block-embed__wrapper\">\n<blockquote class=\"tiktok-embed\" cite=\"https:\/\/www.tiktok.com\/@centre.vision.las\/video\/7502832739272445216\" data-video-id=\"7502832739272445216\" data-embed-from=\"oembed\" style=\"max-width:605px; min-width:325px;\"> <section> <a target=\"_blank\" title=\"@centre.vision.las\" href=\"https:\/\/www.tiktok.com\/@centre.vision.las?refer=embed\">@centre.vision.las<\/a> <p>Pourquoi la cataracte secondaire ne revient pas apr\u00e8s un traitement au laser YAG ? La cataracte secondaire, ou opacification de la capsule post\u00e9rieure (PCO), ne revient pas apr\u00e8s un traitement au laser YAG car ce dernier cr\u00e9e une ouverture permanente dans la capsule opacifi\u00e9e. Lors de la capsulotomie YAG, le laser d\u00e9coupe pr\u00e9cis\u00e9ment la membrane trouble, permettant \u00e0 la lumi\u00e8re de passer \u00e0 nouveau. Comme la capsule post\u00e9rieure est une structure statique sans capacit\u00e9 de r\u00e9g\u00e9n\u00e9ration significative, l&rsquo;opacification ne se reforme pas \u00e0 cet endroit. Cependant, un suivi ophtalmologique reste n\u00e9cessaire pour surveiller d&rsquo;autres complications potentielles.<\/p> <a target=\"_blank\" title=\"\u266c son original - Centre Vision Laser\" href=\"https:\/\/www.tiktok.com\/music\/son-original-7502832769609878305?refer=embed\">\u266c son original &#8211; Centre Vision Laser<\/a> <\/section> <\/blockquote> <script async src=\"https:\/\/www.tiktok.com\/embed.js\"><\/script>\n<\/div><\/figure>","protected":false},"excerpt":{"rendered":"<p>D\u00e8s le jour de l\u2019intervention, l\u2019op\u00e9r\u00e9 doit commencer un traitement local qui consiste \u00e0 instiller deux collyres. Le premier est un antibiotique pour pr\u00e9venir toute infection et le second est un anti-inflammatoire. Ces gouttes doivent \u00eatre instill\u00e9es \u00e0 quelques minutes d\u2019intervalles, trois fois par jour, pendant un \u00e0 deux mois.Attention la plupart des collyres ne [&hellip;]<\/p>\n","protected":false},"author":2,"featured_media":0,"parent":35,"menu_order":0,"comment_status":"closed","ping_status":"closed","template":"","meta":{"om_disable_all_campaigns":false,"inline_featured_image":false,"_monsterinsights_skip_tracking":false,"_monsterinsights_sitenote_active":false,"_monsterinsights_sitenote_note":"","_monsterinsights_sitenote_category":0,"footnotes":""},"class_list":["post-53","page","type-page","status-publish","hentry"],"jetpack_sharing_enabled":true,"_links":{"self":[{"href":"http:\/\/www.vision-laser.fr\/en\/wp-json\/wp\/v2\/pages\/53","targetHints":{"allow":["GET"]}}],"collection":[{"href":"http:\/\/www.vision-laser.fr\/en\/wp-json\/wp\/v2\/pages"}],"about":[{"href":"http:\/\/www.vision-laser.fr\/en\/wp-json\/wp\/v2\/types\/page"}],"author":[{"embeddable":true,"href":"http:\/\/www.vision-laser.fr\/en\/wp-json\/wp\/v2\/users\/2"}],"replies":[{"embeddable":true,"href":"http:\/\/www.vision-laser.fr\/en\/wp-json\/wp\/v2\/comments?post=53"}],"version-history":[{"count":11,"href":"http:\/\/www.vision-laser.fr\/en\/wp-json\/wp\/v2\/pages\/53\/revisions"}],"predecessor-version":[{"id":24994,"href":"http:\/\/www.vision-laser.fr\/en\/wp-json\/wp\/v2\/pages\/53\/revisions\/24994"}],"up":[{"embeddable":true,"href":"http:\/\/www.vision-laser.fr\/en\/wp-json\/wp\/v2\/pages\/35"}],"wp:attachment":[{"href":"http:\/\/www.vision-laser.fr\/en\/wp-json\/wp\/v2\/media?parent=53"}],"curies":[{"name":"wp","href":"https:\/\/api.w.org\/{rel}","templated":true}]}}