{"id":48,"date":"2013-07-15T10:32:42","date_gmt":"2013-07-15T09:32:42","guid":{"rendered":"http:\/\/www.vision-laser.fr\/?page_id=48"},"modified":"2020-12-15T11:35:29","modified_gmt":"2020-12-15T10:35:29","slug":"lexamen","status":"publish","type":"page","link":"http:\/\/www.vision-laser.fr\/en\/la-cataracte\/lexamen\/","title":{"rendered":"The cataract screening test"},"content":{"rendered":"<p>The ophthalmologist carries out a complete ophthalmological assessment which includes:<\/p>\n<ul>\n<li>Measures distance and near visual acuity for each eye,<\/li>\n<li>Slit lamp examination to examine the lens and quantify lens opacities and cataracts,<\/li>\n<li>Eye pressure measurement,<\/li>\n<li>Examination of the fundus after dilating the pupil with eye drops.<\/li>\n<\/ul>\n<p class=\"translation-block\">In a second preoperative step, it will be necessary to plan an ultrasound biometry of the eye which will allow to calculate the power of the intraocular implant to replace the opacified lens, as well as some laboratory analyses.<br>\nA consultation with the anesthesiologist will be mandatory, a few days before the operation.<br>\nFinally you will have to read and sign an informed consent document proving that you have received sufficient information, in particular on the surgical risks. Generally, both eyes are operated on a few weeks apart. In some cases the gap is greater because the cataract was much more important on one side.<\/p>","protected":false},"excerpt":{"rendered":"<p>L \u2019ophtalmologiste proc\u00e8de \u00e0 un bilan ophtalmologique complet qui comprend : Mesure l\u2019acuit\u00e9 visuelle de loin et de pr\u00e8s pour chaque \u0153il, Examen \u00e0 la lampe \u00e0 fente pour examiner le cristallin et quantifier opacit\u00e9s cristalliniennes et cataracte, Mesure de la tension oculaire, Examen du fond d&rsquo;\u0153il apr\u00e8s avoir dilat\u00e9 la pupille avec un collyre. [&hellip;]<\/p>\n","protected":false},"author":2,"featured_media":0,"parent":35,"menu_order":0,"comment_status":"closed","ping_status":"closed","template":"","meta":{"om_disable_all_campaigns":false,"inline_featured_image":false,"_monsterinsights_skip_tracking":false,"_monsterinsights_sitenote_active":false,"_monsterinsights_sitenote_note":"","_monsterinsights_sitenote_category":0,"footnotes":""},"class_list":["post-48","page","type-page","status-publish","hentry"],"jetpack_sharing_enabled":true,"_links":{"self":[{"href":"http:\/\/www.vision-laser.fr\/en\/wp-json\/wp\/v2\/pages\/48","targetHints":{"allow":["GET"]}}],"collection":[{"href":"http:\/\/www.vision-laser.fr\/en\/wp-json\/wp\/v2\/pages"}],"about":[{"href":"http:\/\/www.vision-laser.fr\/en\/wp-json\/wp\/v2\/types\/page"}],"author":[{"embeddable":true,"href":"http:\/\/www.vision-laser.fr\/en\/wp-json\/wp\/v2\/users\/2"}],"replies":[{"embeddable":true,"href":"http:\/\/www.vision-laser.fr\/en\/wp-json\/wp\/v2\/comments?post=48"}],"version-history":[{"count":6,"href":"http:\/\/www.vision-laser.fr\/en\/wp-json\/wp\/v2\/pages\/48\/revisions"}],"predecessor-version":[{"id":1235,"href":"http:\/\/www.vision-laser.fr\/en\/wp-json\/wp\/v2\/pages\/48\/revisions\/1235"}],"up":[{"embeddable":true,"href":"http:\/\/www.vision-laser.fr\/en\/wp-json\/wp\/v2\/pages\/35"}],"wp:attachment":[{"href":"http:\/\/www.vision-laser.fr\/en\/wp-json\/wp\/v2\/media?parent=48"}],"curies":[{"name":"wp","href":"https:\/\/api.w.org\/{rel}","templated":true}]}}