{"id":257,"date":"2013-07-15T11:14:22","date_gmt":"2013-07-15T10:14:22","guid":{"rendered":"http:\/\/www.vision-laser.fr\/?page_id=257"},"modified":"2020-12-15T11:26:48","modified_gmt":"2020-12-15T10:26:48","slug":"ovcr","status":"publish","type":"page","link":"http:\/\/www.vision-laser.fr\/en\/dmla-macula-retine\/autres-maladies-maculaires\/ovcr\/","title":{"rendered":"CRVO (central retinal vein occlusion)"},"content":{"rendered":"<h2>CRVO (central retinal vein occlusion)<\/h2>\n<p class=\"translation-block\">This is a condition that most often affects people over 60 years old, and can lead to loss of vision.<br>\nMacular edema is the most common complication, and there is also the appearance of new vessels that can lead to vitreous hemorrhage or glaucoma.<\/p>\n<p class=\"translation-block\">The patient complains of a rapid unilateral decrease in visual acuity, the eye is white and painless.<br>\nAt the fundus, the ophthalmologist can see the distended and tortuous veins that may be associated with a retinal hemorrhage, at the angiography we see a diffusion of the dye in the intraretinal lodges.<\/p>\n<p class=\"translation-block\">Management is based on regular monitoring, Argon laser photocoagulation can treat retinal ischemic areas.<br>\nIntravitreal injection of corticosteroids or ranibizumab in the case of central vein occlusion improves the visual prognosis, in the case of peripheral vein occlusion the benefit has not yet been proven.<\/p>","protected":false},"excerpt":{"rendered":"<p>OVCR Il s\u2019agit d\u2019une affection touchant le plus souvent les personnes de plus de 60 ans, pouvant amener \u00e0 la perte de la vision. L\u2019\u0153d\u00e8me maculaire est la complication la plus fr\u00e9quente, il existe \u00e9galement l\u2019apparition de n\u00e9ovaisseaux pouvant se compliquer en h\u00e9morragie vitr\u00e9enne ou glaucome. Le patient se plaint d\u2019une baisse d\u2019acuit\u00e9 visuelle rapide [&hellip;]<\/p>\n","protected":false},"author":2,"featured_media":0,"parent":85,"menu_order":0,"comment_status":"closed","ping_status":"closed","template":"","meta":{"om_disable_all_campaigns":false,"inline_featured_image":false,"_monsterinsights_skip_tracking":false,"_monsterinsights_sitenote_active":false,"_monsterinsights_sitenote_note":"","_monsterinsights_sitenote_category":0,"footnotes":""},"class_list":["post-257","page","type-page","status-publish","hentry"],"jetpack_sharing_enabled":true,"_links":{"self":[{"href":"http:\/\/www.vision-laser.fr\/en\/wp-json\/wp\/v2\/pages\/257","targetHints":{"allow":["GET"]}}],"collection":[{"href":"http:\/\/www.vision-laser.fr\/en\/wp-json\/wp\/v2\/pages"}],"about":[{"href":"http:\/\/www.vision-laser.fr\/en\/wp-json\/wp\/v2\/types\/page"}],"author":[{"embeddable":true,"href":"http:\/\/www.vision-laser.fr\/en\/wp-json\/wp\/v2\/users\/2"}],"replies":[{"embeddable":true,"href":"http:\/\/www.vision-laser.fr\/en\/wp-json\/wp\/v2\/comments?post=257"}],"version-history":[{"count":7,"href":"http:\/\/www.vision-laser.fr\/en\/wp-json\/wp\/v2\/pages\/257\/revisions"}],"predecessor-version":[{"id":1646,"href":"http:\/\/www.vision-laser.fr\/en\/wp-json\/wp\/v2\/pages\/257\/revisions\/1646"}],"up":[{"embeddable":true,"href":"http:\/\/www.vision-laser.fr\/en\/wp-json\/wp\/v2\/pages\/85"}],"wp:attachment":[{"href":"http:\/\/www.vision-laser.fr\/en\/wp-json\/wp\/v2\/media?parent=257"}],"curies":[{"name":"wp","href":"https:\/\/api.w.org\/{rel}","templated":true}]}}