{"id":255,"date":"2013-07-15T11:14:04","date_gmt":"2013-07-15T10:14:04","guid":{"rendered":"http:\/\/www.vision-laser.fr\/?page_id=255"},"modified":"2020-12-15T11:26:38","modified_gmt":"2020-12-15T10:26:38","slug":"oedeme-maculaire-diabetique","status":"publish","type":"page","link":"http:\/\/www.vision-laser.fr\/en\/dmla-macula-retine\/autres-maladies-maculaires\/oedeme-maculaire-diabetique\/","title":{"rendered":"Diabetic macular edema"},"content":{"rendered":"<h2><span style=\"font-size: 13px;\">It is an accumulation of extracellular fluid in the macular retina causing it to thicken.<\/span><\/h2>\n<p class=\"translation-block\">Edema is the main cause of decreased visual acuity in diabetic patients.<br>\nAt a late stage, cystoid macular edema is called when the accumulation of extracellular fluid occurs in concentric pockets at the foveola. In this case, patients complain of decreased visual acuity associated with metamorphopsia (image distortion) and sometimes a central scotoma.<\/p>\n<p>It will first be necessary to balance the diabetes and\/or associate an anti-inflammatory treatment before considering a treatment such as: Laser, intravitreal injection.<\/p>\n<p class=\"translation-block\">Healing may be partial or total. However, macular edema may develop into a macular hole (see chapter <a href=\"http:\/\/www.vision-laser.fr\/en\/dmla-macula-retine\/autres-maladies-maculaires\/trou-maculaire\/\" target=\"_blank\" rel=\"noopener noreferrer\">macular hole)<\/a>.<\/p>","protected":false},"excerpt":{"rendered":"<p>Il s\u2019agit d\u2019une accumulation de liquide extracellulaire dans la r\u00e9tine maculaire entra\u00eenant son \u00e9paississement. L\u2019\u0153d\u00e8me est la principale cause de diminution de l\u2019acuit\u00e9 visuelle chez les patients diab\u00e9tiques. A un stade tardif, on parle d\u2019\u0153d\u00e8me maculaire cysto\u00efde lorsque l\u2019accumulation du liquide extracellulaire se fait dans des logettes concentriques \u00e0 la fov\u00e9ola. Dans ce cas les [&hellip;]<\/p>\n","protected":false},"author":2,"featured_media":0,"parent":85,"menu_order":0,"comment_status":"closed","ping_status":"closed","template":"","meta":{"om_disable_all_campaigns":false,"inline_featured_image":false,"_monsterinsights_skip_tracking":false,"_monsterinsights_sitenote_active":false,"_monsterinsights_sitenote_note":"","_monsterinsights_sitenote_category":0,"footnotes":""},"class_list":["post-255","page","type-page","status-publish","hentry"],"jetpack_sharing_enabled":true,"_links":{"self":[{"href":"http:\/\/www.vision-laser.fr\/en\/wp-json\/wp\/v2\/pages\/255","targetHints":{"allow":["GET"]}}],"collection":[{"href":"http:\/\/www.vision-laser.fr\/en\/wp-json\/wp\/v2\/pages"}],"about":[{"href":"http:\/\/www.vision-laser.fr\/en\/wp-json\/wp\/v2\/types\/page"}],"author":[{"embeddable":true,"href":"http:\/\/www.vision-laser.fr\/en\/wp-json\/wp\/v2\/users\/2"}],"replies":[{"embeddable":true,"href":"http:\/\/www.vision-laser.fr\/en\/wp-json\/wp\/v2\/comments?post=255"}],"version-history":[{"count":7,"href":"http:\/\/www.vision-laser.fr\/en\/wp-json\/wp\/v2\/pages\/255\/revisions"}],"predecessor-version":[{"id":1644,"href":"http:\/\/www.vision-laser.fr\/en\/wp-json\/wp\/v2\/pages\/255\/revisions\/1644"}],"up":[{"embeddable":true,"href":"http:\/\/www.vision-laser.fr\/en\/wp-json\/wp\/v2\/pages\/85"}],"wp:attachment":[{"href":"http:\/\/www.vision-laser.fr\/en\/wp-json\/wp\/v2\/media?parent=255"}],"curies":[{"name":"wp","href":"https:\/\/api.w.org\/{rel}","templated":true}]}}