{"id":25226,"date":"2026-03-18T15:41:42","date_gmt":"2026-03-18T14:41:42","guid":{"rendered":"https:\/\/www.vision-laser.fr\/?page_id=25226"},"modified":"2026-03-23T15:45:24","modified_gmt":"2026-03-23T14:45:24","slug":"les-avantages-de-la-chirurgie-au-laser","status":"publish","type":"page","link":"http:\/\/www.vision-laser.fr\/en\/les-avantages-de-la-chirurgie-au-laser\/","title":{"rendered":"The benefits of laser surgery"},"content":{"rendered":"<ul class=\"wp-block-list\">\n<li>Becoming independent of glasses and contact lenses: Increasing visual acuity and the quality of vision by treating minor optical defects that cannot be corrected with conventional glasses, thanks to the treatment of the patient's aberrometries through a tailor-made treatment guided by the topography of the cornea.<\/li>\n\n\n\n<li>Contact lens intolerance or history of keratitis: Correct certain diseases of the corneal surface (hereditary dystrophies responsible for recurrent keratitis, Cogan's disease, etc.).<\/li>\n\n\n\n<li>Reduction of the risk of infection associated with regular contact lens wear: (NB: contact lens wearers have a much higher risk of eye infection than after a single laser treatment, which influences the decision to opt for definitive laser treatment when possible).<\/li>\n\n\n\n<li>Easier practice of certain sports: swimming, mountain biking, jogging, etc.<\/li>\n\n\n\n<li>Long-term savings: No more need to regularly replace glasses or contact lenses. Professional requirements demanding good vision without glasses (selection criteria for the navy, police, etc.).<\/li>\n<\/ul>\n\n\n\n<p><strong>The economic advantage:<\/strong><\/p>\n\n\n\n<p>The economic advantage:<\/p>\n\n\n\n<p>Comfort: After the procedure, patients appreciate waking up in the morning without having to wear glasses or contact lenses.<\/p>\n\n\n\n<p>Less dependence: Imperfect vision makes glasses or contact lenses very dependent. You have to think about them constantly, and many people feel uncomfortable when they forget them.<\/p>\n\n\n\n<p>Superior safety compared to contact lenses: Today, we are more aware of the risks associated with contact lenses. A lens is a surface on which bacteria can adhere and multiply. They can then enter the eye and cause scarring. Some people can even lose their sight. The risk of infection is much lower with laser treatment.<\/p>\n\n\n\n<p>More economical in the long run: Glasses and contact lenses represent an ongoing cost. A pair of glasses can cost between \u20ac3,000 and \u20ac15,000 over a lifetime. Contact lenses are even more expensive: their cost is estimated at between \u20ac15,000 and \u20ac30,000, including cleaning products and consultations.<\/p>\n\n\n\n<p>Laser treatment is usually only needed once and costs between \u20ac3,500 and \u20ac4,300 for both eyes. However, this treatment is rarely reimbursed, and not all health insurance plans cover it.<\/p>\n\n\n\n\n\n<figure class=\"wp-block-image aligncenter size-full\"><a href=\"https:\/\/www.vision-laser.fr\/wp-content\/uploads\/2026\/03\/graphique-comparatif-du-cout-estime-sur-une-vie-pour-differentes-solutions-ENGLISH.png\"><img loading=\"lazy\" decoding=\"async\" width=\"589\" height=\"455\" src=\"https:\/\/www.vision-laser.fr\/wp-content\/uploads\/2026\/03\/graphique-comparatif-du-cout-estime-sur-une-vie-pour-differentes-solutions-ENGLISH.png\" alt=\"\" class=\"wp-image-25249\" srcset=\"http:\/\/www.vision-laser.fr\/wp-content\/uploads\/2026\/03\/graphique-comparatif-du-cout-estime-sur-une-vie-pour-differentes-solutions-ENGLISH.png 589w, http:\/\/www.vision-laser.fr\/wp-content\/uploads\/2026\/03\/graphique-comparatif-du-cout-estime-sur-une-vie-pour-differentes-solutions-ENGLISH-300x232.png 300w, http:\/\/www.vision-laser.fr\/wp-content\/uploads\/2026\/03\/graphique-comparatif-du-cout-estime-sur-une-vie-pour-differentes-solutions-ENGLISH-16x12.png 16w\" sizes=\"auto, (max-width: 589px) 100vw, 589px\" \/><\/a><\/figure>\n\n\n\n<p><strong>Le r\u00e9sultat est-il permanent&nbsp;?<\/strong><\/p>\n\n\n\n<p>The eye remains stable after laser treatment. However, it's important to remember that it's a biological organ that can change throughout life. But if your vision has been stable for two years and your myopia is less than -6 diopters, the risk of further vision loss after the procedure is less than 1%.<\/p>\n\n\n\n<figure class=\"wp-block-embed is-type-video is-provider-youtube wp-block-embed-youtube wp-embed-aspect-16-9 wp-has-aspect-ratio\"><div class=\"wp-block-embed__wrapper\">\n<iframe loading=\"lazy\" title=\"TransPKR\" width=\"500\" height=\"281\" src=\"https:\/\/www.youtube.com\/embed\/LDSykOjd48o?feature=oembed\" frameborder=\"0\" allow=\"accelerometer; autoplay; clipboard-write; encrypted-media; gyroscope; picture-in-picture; web-share\" referrerpolicy=\"strict-origin-when-cross-origin\" allowfullscreen><\/iframe>\n<\/div><\/figure>","protected":false},"excerpt":{"rendered":"<p>L&rsquo;avantage \u00e9conomique : Outre sa rapidit\u00e9 et son efficacit\u00e9, cette proc\u00e9dure offre plusieurs autres avantages. Confort : Apr\u00e8s l&rsquo;intervention, les patients appr\u00e9cient de se r\u00e9veiller le matin sans avoir \u00e0 porter de lunettes ni de lentilles de contact. Moins de d\u00e9pendance : Une vision imparfaite rend les lunettes ou les lentilles de contact tr\u00e8s d\u00e9pendantes. [&hellip;]<\/p>\n","protected":false},"author":2,"featured_media":0,"parent":0,"menu_order":0,"comment_status":"closed","ping_status":"closed","template":"","meta":{"om_disable_all_campaigns":false,"inline_featured_image":false,"_monsterinsights_skip_tracking":false,"_monsterinsights_sitenote_active":false,"_monsterinsights_sitenote_note":"","_monsterinsights_sitenote_category":0,"footnotes":""},"class_list":["post-25226","page","type-page","status-publish","hentry"],"jetpack_sharing_enabled":true,"_links":{"self":[{"href":"http:\/\/www.vision-laser.fr\/en\/wp-json\/wp\/v2\/pages\/25226","targetHints":{"allow":["GET"]}}],"collection":[{"href":"http:\/\/www.vision-laser.fr\/en\/wp-json\/wp\/v2\/pages"}],"about":[{"href":"http:\/\/www.vision-laser.fr\/en\/wp-json\/wp\/v2\/types\/page"}],"author":[{"embeddable":true,"href":"http:\/\/www.vision-laser.fr\/en\/wp-json\/wp\/v2\/users\/2"}],"replies":[{"embeddable":true,"href":"http:\/\/www.vision-laser.fr\/en\/wp-json\/wp\/v2\/comments?post=25226"}],"version-history":[{"count":4,"href":"http:\/\/www.vision-laser.fr\/en\/wp-json\/wp\/v2\/pages\/25226\/revisions"}],"predecessor-version":[{"id":25251,"href":"http:\/\/www.vision-laser.fr\/en\/wp-json\/wp\/v2\/pages\/25226\/revisions\/25251"}],"wp:attachment":[{"href":"http:\/\/www.vision-laser.fr\/en\/wp-json\/wp\/v2\/media?parent=25226"}],"curies":[{"name":"wp","href":"https:\/\/api.w.org\/{rel}","templated":true}]}}