{"id":24946,"date":"2025-11-10T11:12:20","date_gmt":"2025-11-10T10:12:20","guid":{"rendered":"https:\/\/www.vision-laser.fr\/?page_id=24946"},"modified":"2025-11-10T11:20:47","modified_gmt":"2025-11-10T10:20:47","slug":"recuperation-visuelle-apres-chirurgie-refractive","status":"publish","type":"page","link":"http:\/\/www.vision-laser.fr\/en\/recuperation-visuelle-apres-chirurgie-refractive\/","title":{"rendered":"Visual Recovery After Refractive Surgery"},"content":{"rendered":"<p class=\"translation-block\">Refractive surgery corrects visual defects such as myopia, hyperopia, and astigmatism, helping patients enjoy clear vision without glasses or contact lenses.\nAmong the most common procedures are LASIK, TransPRK, and PRK, each offering excellent results but differing in recovery speed and postoperative comfort.<\/p>\n\n\n\n<h4 class=\"wp-block-heading\">Speed of Visual Recovery<\/h4>\n\n\n\n<p>The graph below shows how average visual acuity improves over time after each procedure:<\/p>\n\n\n\n\n\n<figure class=\"wp-block-image aligncenter size-large is-resized\"><a href=\"https:\/\/www.vision-laser.fr\/wp-content\/uploads\/2025\/11\/recuperation-transpkr-lasik-EN.png\"><img loading=\"lazy\" decoding=\"async\" width=\"1024\" height=\"683\" src=\"https:\/\/www.vision-laser.fr\/wp-content\/uploads\/2025\/11\/recuperation-transpkr-lasik-EN-1024x683.png\" alt=\"\" class=\"wp-image-24950\" style=\"width:653px;height:auto\" srcset=\"http:\/\/www.vision-laser.fr\/wp-content\/uploads\/2025\/11\/recuperation-transpkr-lasik-EN-1024x683.png 1024w, http:\/\/www.vision-laser.fr\/wp-content\/uploads\/2025\/11\/recuperation-transpkr-lasik-EN-300x200.png 300w, http:\/\/www.vision-laser.fr\/wp-content\/uploads\/2025\/11\/recuperation-transpkr-lasik-EN-768x512.png 768w, http:\/\/www.vision-laser.fr\/wp-content\/uploads\/2025\/11\/recuperation-transpkr-lasik-EN-18x12.png 18w, http:\/\/www.vision-laser.fr\/wp-content\/uploads\/2025\/11\/recuperation-transpkr-lasik-EN.png 1536w\" sizes=\"auto, (max-width: 1024px) 100vw, 1024px\" \/><\/a><\/figure>\n\n\n\n<ul class=\"wp-block-list\">\n<li class=\"translation-block\"><strong>LASIK (red)<\/strong>: recovery is <strong>very fast<\/strong>. Most patients regain functional vision as early as <strong>Day 1<\/strong> after surgery, with near-100% visual acuity within a few days.<\/li>\n\n\n\n<li class=\"translation-block\"><strong>TransPRK (orange)<\/strong>: recovery is <strong>gradual<\/strong>. Vision improves significantly within <strong>a week (Day 7)<\/strong> and continues to stabilize during the <strong>first month<\/strong>.<\/li>\n\n\n\n<li class=\"translation-block\"><strong>PRK (blue)<\/strong>: recovery is <strong>slower but equally effective<\/strong>. Vision improves steadily over several weeks, reaching optimal acuity between <strong>Month 1<\/strong> and <strong>Month 6<\/strong>.<\/li>\n<\/ul>\n\n\n\n<h4 class=\"wp-block-heading\">\ud83d\udca1 <strong>Key Takeaways<\/strong><\/h4>\n\n\n\n<p class=\"translation-block\">All three techniques deliver <strong>excellent long-term visual outcomes<\/strong>.\nThe main differences lie in <strong>how quickly vision recovers<\/strong> and the <strong>comfort level<\/strong> during healing.\nThe choice of the most suitable procedure depends on your <strong>corneal profile, lifestyle<\/strong>, and your <strong>surgeon\u2019s expert recommendation<\/strong>.<\/p>","protected":false},"excerpt":{"rendered":"<p>La chirurgie r\u00e9fractive permet de corriger les d\u00e9fauts visuels tels que la myopie, l\u2019hyperm\u00e9tropie ou l\u2019astigmatisme, et d\u2019offrir une vision nette sans lunettes ni lentilles.Parmi les techniques les plus pratiqu\u00e9es figurent le LASIK, la TransPKR et la PKR, chacune ayant ses sp\u00e9cificit\u00e9s et son rythme de r\u00e9cup\u00e9ration visuelle. &#x1f50d; Vitesse de r\u00e9cup\u00e9ration visuelle Le graphique [&hellip;]<\/p>\n","protected":false},"author":2,"featured_media":0,"parent":0,"menu_order":0,"comment_status":"closed","ping_status":"closed","template":"","meta":{"om_disable_all_campaigns":false,"inline_featured_image":false,"_monsterinsights_skip_tracking":false,"_monsterinsights_sitenote_active":false,"_monsterinsights_sitenote_note":"","_monsterinsights_sitenote_category":0,"footnotes":""},"class_list":["post-24946","page","type-page","status-publish","hentry"],"jetpack_sharing_enabled":true,"_links":{"self":[{"href":"http:\/\/www.vision-laser.fr\/en\/wp-json\/wp\/v2\/pages\/24946","targetHints":{"allow":["GET"]}}],"collection":[{"href":"http:\/\/www.vision-laser.fr\/en\/wp-json\/wp\/v2\/pages"}],"about":[{"href":"http:\/\/www.vision-laser.fr\/en\/wp-json\/wp\/v2\/types\/page"}],"author":[{"embeddable":true,"href":"http:\/\/www.vision-laser.fr\/en\/wp-json\/wp\/v2\/users\/2"}],"replies":[{"embeddable":true,"href":"http:\/\/www.vision-laser.fr\/en\/wp-json\/wp\/v2\/comments?post=24946"}],"version-history":[{"count":3,"href":"http:\/\/www.vision-laser.fr\/en\/wp-json\/wp\/v2\/pages\/24946\/revisions"}],"predecessor-version":[{"id":24951,"href":"http:\/\/www.vision-laser.fr\/en\/wp-json\/wp\/v2\/pages\/24946\/revisions\/24951"}],"wp:attachment":[{"href":"http:\/\/www.vision-laser.fr\/en\/wp-json\/wp\/v2\/media?parent=24946"}],"curies":[{"name":"wp","href":"https:\/\/api.w.org\/{rel}","templated":true}]}}