{"id":220,"date":"2013-07-15T11:03:53","date_gmt":"2013-07-15T10:03:53","guid":{"rendered":"http:\/\/www.vision-laser.fr\/?page_id=220"},"modified":"2025-04-06T22:27:58","modified_gmt":"2025-04-06T21:27:58","slug":"lequipement-du-centre","status":"publish","type":"page","link":"http:\/\/www.vision-laser.fr\/en\/lequipement-du-centre\/","title":{"rendered":"L\u2019\u00e9quipement du centre"},"content":{"rendered":"<div>\n<h2>Le mat\u00e9riel du Centre Vision Laser<\/h2>\n<\/div>\n<div>\n<p>Le centre dispose d&rsquo;\u00e9quipements extr\u00eamement sophistiqu\u00e9s et propose \u00e0 ce jour une plateforme compl\u00e8te.<\/p>\n<\/div>\n<div><\/div>\n<div>\n<div>OCT RTVue-100<\/div>\n<ul>\n<li>OCT RTVue : l&rsquo;OCT \u00ab\u00a0spectral domain\u00a0\u00bb de marque Optovue (mod\u00e8le RTVue-100) qui permet entre autres une analyse fine et pr\u00e9cise de la\u00a0<a href=\"http:\/\/www.vision-laser.fr\/en\/dmla-macula-retine\/\" target=\"_blank\" rel=\"noopener noreferrer\" data-saferedirecturl=\"https:\/\/www.google.com\/url?q=http:\/\/www.vision-laser.fr\/dmla-macula-retine\/&amp;source=gmail&amp;ust=1608202102141000&amp;usg=AFQjCNHLSgv_fJB7w7O9RxX1N60MhUBg_A\"><strong>r\u00e9tine<\/strong>\u00a0<\/a>pour le suivi de la\u00a0<a href=\"http:\/\/www.vision-laser.fr\/en\/dmla-macula-retine\/\" target=\"_blank\" rel=\"noopener noreferrer\" data-saferedirecturl=\"https:\/\/www.google.com\/url?q=http:\/\/www.vision-laser.fr\/dmla-macula-retine\/&amp;source=gmail&amp;ust=1608202102141000&amp;usg=AFQjCNHLSgv_fJB7w7O9RxX1N60MhUBg_A\"><strong>DMLA<\/strong>\u00a0<\/a>avec cartes d\u2019\u00e9paisseur r\u00e9tinienne et scan 3D du disque et de la\u00a0<a href=\"http:\/\/www.vision-laser.fr\/en\/dmla-macula-retine\/\" target=\"_blank\" rel=\"noopener noreferrer\" data-saferedirecturl=\"https:\/\/www.google.com\/url?q=http:\/\/www.vision-laser.fr\/dmla-macula-retine\/&amp;source=gmail&amp;ust=1608202102141000&amp;usg=AFQjCNHLSgv_fJB7w7O9RxX1N60MhUBg_A\"><strong>macula<\/strong><\/a>.<br \/>\nCet appareil est comparable \u00e0 un scanner de l\u2019\u0153il qui permet de voir en coupes tous les \u00e9l\u00e9ments, corn\u00e9e,\u00a0<a href=\"http:\/\/www.vision-laser.fr\/en\/le-glaucome\/les-differents-glaucomes\/glaucome-a-angle-ouvert\/\" target=\"_blank\" rel=\"noopener noreferrer\" data-saferedirecturl=\"https:\/\/www.google.com\/url?q=http:\/\/www.vision-laser.fr\/le-glaucome\/les-differents-glaucomes\/glaucome-a-angle-ouvert\/&amp;source=gmail&amp;ust=1608202102141000&amp;usg=AFQjCNF-03_9RyCGkjh8tL9fvt7l-UepIg\">angle irido-corn\u00e9en<\/a>, vitr\u00e9 et r\u00e9tine. En moins de 2 minutes, sans aucune injection ni instillation de collyre et sans le moindre contact avec l\u2019\u0153il, donc totalement indolore, il donne de fabuleuses images, qui orientent tr\u00e8s rapidement les diagnostics, ce qui entra\u00eene une prise en charge optimale des\u00a0pathologies oculaires. De plus celui-ci est \u00e9quip\u00e9 du module segment ant\u00e9rieur pour l\u2019analyse ultra-fine de la corn\u00e9e avec ses applications d\u00e9velopp\u00e9es dans le chapitre\u00a0<strong><a href=\"http:\/\/www.vision-laser.fr\/en\/chirurgie-refractive\/\" target=\"_blank\" rel=\"noopener noreferrer\" data-saferedirecturl=\"https:\/\/www.google.com\/url?q=http:\/\/www.vision-laser.fr\/chirurgie-refractive\/&amp;source=gmail&amp;ust=1608202102141000&amp;usg=AFQjCNH6E67mMB4UxA94Vjx_-zsNV7BzSw\">refractive surgery<\/a><\/strong>.<\/li>\n<\/ul>\n<\/div>\n<div><\/div>\n<div>\n<div>CV Octopus<a href=\"http:\/\/www.vision-laser.fr\/wp-content\/uploads\/2013\/07\/OCT-RTVue-100.png\"><img decoding=\"async\" class=\"alignright\" src=\"http:\/\/www.vision-laser.fr\/wp-content\/uploads\/2013\/07\/OCT-RTVue-100.png\" alt=\"OCT RTVue-100\" \/><\/a><\/div>\n<div><\/div>\n<div><a href=\"http:\/\/www.vision-laser.fr\/en\/le-glaucome\/\" target=\"_blank\" rel=\"noopener noreferrer\" data-saferedirecturl=\"https:\/\/www.google.com\/url?q=http:\/\/www.vision-laser.fr\/le-glaucome\/&amp;source=gmail&amp;ust=1608202102141000&amp;usg=AFQjCNHFQvPfHy2MzbfTNbmlYI6HO_DHkQ\"><strong>Glaucoma<\/strong>\u00a0<\/a>:<\/div>\n<ul>\n<li>Pachym\u00e8tre pour corr\u00e9ler la mesure de tension oculaire \u00e0 l\u2019\u00e9paisseur de corn\u00e9e.<\/li>\n<li>Champ Visuel informatis\u00e9 Octopus.<\/li>\n<li>OCT RTVue qui permet d\u2019obtenir avec une grande pr\u00e9cision une carte de la t\u00eate du nerf optique et de la couche neuro r\u00e9tinienne permettant un d\u00e9pistage ultra pr\u00e9coce du\u00a0<strong>glaucome<\/strong>.<\/li>\n<li style=\"list-style-type: none;\"><a href=\"http:\/\/www.vision-laser.fr\/wp-content\/uploads\/2013\/07\/CV-Octopus.png\"><br \/>\n<img decoding=\"async\" class=\"alignright\" src=\"http:\/\/www.vision-laser.fr\/wp-content\/uploads\/2013\/07\/CV-Octopus.png\" alt=\"CV Octopus\" \/><\/a><\/li>\n<\/ul>\n<\/div>\n<div><\/div>\n<div>\n<p><a href=\"http:\/\/www.vision-laser.fr\/en\/chirurgie-refractive\/\" target=\"_blank\" rel=\"noopener noreferrer\"><strong>Chirurgie\u00a0r\u00e9fractive<\/strong>:<\/a><\/p>\n<ul>\n<li>\n<div><strong>Orbscan<\/strong>, le topographe pachym\u00e8tre de r\u00e9f\u00e9rence pour mesurer l\u2019\u00e9paisseur de corn\u00e9e, analyser la forme de la corn\u00e9e sur 8000 points en 1 clic de souris et s\u2019assurer de l\u2019\u00e9ligibilit\u00e9\u00a0des candidats \u00e0 la chirurgie r\u00e9fractive<\/div>\n<\/li>\n<\/ul>\n<p>&nbsp;<\/p>\n<ul>\n<li>\n<div><a href=\"http:\/\/www.vision-laser.fr\/en\/chirurgie-refractive\/\" target=\"_blank\" rel=\"noopener noreferrer\"><img decoding=\"async\" class=\"alignright\" src=\"http:\/\/www.vision-laser.fr\/wp-content\/uploads\/2013\/07\/orbscan-300x195.gif\" alt=\"orbscan\" \/><\/a><strong>Topographe Sirius<\/strong>\u00a0permettant un traitement personnalis\u00e9.<br \/>\n<b>Le Schwind Sirius<\/b> est un syst\u00e8me 2 en 1 : une combinaison de cam\u00e9ra Scheimpflug rotative avec un disque de Placido, permettant une analyse en 3 dimensions de la corn\u00e9e totale et du segment ant\u00e9rieur de l\u2019\u0153il.\u00a0<b>Plus de 100.000 points d\u2019analyse<\/b> garantissent la mesure m\u00eame des plus petites irr\u00e9gularit\u00e9s. Il s\u2019agit d\u2019une mesure sans contact, analysant le front d\u2019onde corn\u00e9enne dans son enti\u00e8ret\u00e9 avec la topographie de la face avant et arri\u00e8re de la corn\u00e9e ainsi que de la chambre ant\u00e9rieure. Le Sirius est tr\u00e8s efficace pour un screening du k\u00e9ratoc\u00f4ne et permet des descriptions tr\u00e8s d\u00e9taill\u00e9es de la morphologie et la classification d\u2019un k\u00e9ratoc\u00f4ne. La carte de pachym\u00e9trie corn\u00e9enne de l\u2019\u0153il peut aussi \u00eatre utilis\u00e9e pour les transplantations de la corn\u00e9e.<\/div>\n<\/li>\n<\/ul>\n<\/div>\n<div>\n<ul>\n<li>OCT Optovue et son module segment ant\u00e9rieur, permet une analyse et mesure de corn\u00e9e, avec une pr\u00e9cision extr\u00eamement fine et certifi\u00e9e par la tr\u00e8s stricte FDA am\u00e9ricaine (Foods and Drugs Administration) de 5 microns.<\/li>\n<\/ul>\n<\/div>\n<div>\n<ul>\n<li><strong>\u00a0Le Laser Excimer<\/strong><strong>Schwind AMARIS 1050S<\/strong><\/li>\n<\/ul>\n<p>Apr\u00e8s\u00a0le\u00a0premier\u00a0<strong>laser Visx Star de Johnson&amp;Johnson<\/strong>, le Centre Vision Laser\u00a0 \u00e0 fait l\u2019acquisition\u00a0 d\u2019un nouveau Laser Excimer, le <strong>Schwind AMARIS 1050RS le tout dernier mod\u00e8le de la gamme de lasers Schwind.<\/strong><\/p>\n<p>Ce laser extr\u00eamement performant est\u00a0<strong>le plus rapide au monde<\/strong>. Il est d\u2019ailleurs l\u2019\u00e9quipement choisi par les centres les plus modernes au monde.<\/p>\n<p>Le Schwind Amaris tourne \u00e0 <strong>1050 Hz<\/strong>, la puissance maximale. Le traitement est jusqu\u2019\u00e0 7 fois plus rapide, ce qui permet un confort accru pour le patient.<\/p>\n<p>Ce Laser est dot\u00e9 d\u2019un\u00a0<strong>eyetracker<\/strong>\u00a0le plus performant au monde (l\u2019eyetracker permet de suivre les mouvements de vos yeux durant l\u2019op\u00e9ration, afin de garantir un centrage et une s\u00e9curit\u00e9 optimaux ) de 1050 Hz ce qui veut signifie qu\u2019il est programm\u00e9 pour suivre jusqu\u2019\u00e0 1050 mouvements de l\u2019\u0153il par seconde.<br \/>\n<a href=\"http:\/\/www.vision-laser.fr\/wp-content\/uploads\/2013\/07\/Laser-Excimer-Schwind-AMARIS-750S.jpg\"><img decoding=\"async\" class=\"alignright\" src=\"http:\/\/www.vision-laser.fr\/wp-content\/uploads\/2013\/07\/Laser-Excimer-Schwind-AMARIS-750S.jpg\" alt=\"Laser Excimer Schwind AMARIS 750S\" \/><\/a><\/p>\n<p>Le Laser Excimer Schwind AMARIS 1050 RS permet \u00e9galement une proc\u00e9dure r\u00e9volutionnaire\u00a0<strong>la PKR trans\u00e9piheliale (transPKR)<\/strong>.<\/p>\n<p>De quoi s\u2019agit il ?<\/p>\n<p>La PKR est une op\u00e9ration type laser Excimer de surface qui n\u00e9cessite un pelage de l\u2019\u00e9pith\u00e9lium de surface de la corn\u00e9e. Notre Laser Amaris 1050 est le seul laser avec lequel il est possible de faire une PKR sans intervention sur la corn\u00e9e au pr\u00e9alable, sans\u00a0<strong>aucun contact avec l\u2019\u0153il<\/strong>.<\/p>\n<p><strong>\u00a0L\u2019aberrom\u00e8tre Schwind Ocular Wavefront Analyzer<\/strong><\/p>\n<p>L&rsquo;aberrom\u00e8tre Schwind Ocular Wavefront Analyzer qui d\u00e9tecte et analyse les erreurs visuelles dans les moindres d\u00e9tails.<a href=\"http:\/\/www.vision-laser.fr\/wp-content\/uploads\/2013\/07\/Ocular-Wavefront-Analyzer_Close-up_V2.jpg\"><img loading=\"lazy\" decoding=\"async\" class=\"alignright\" src=\"http:\/\/www.vision-laser.fr\/wp-content\/uploads\/2013\/07\/Ocular-Wavefront-Analyzer_Close-up_V2-300x258.jpg\" alt=\"Ocular Wavefront Analyzer_Close up_V2\" width=\"210\" height=\"181\" \/><\/a><\/p>\n<p>Les premi\u00e8res g\u00e9n\u00e9rations d\u2019aberrom\u00e8tres \u00e9tudiaient environ 300 points.<br \/>\nCelui-ci appartient \u00e0 la g\u00e9n\u00e9ration des aberrom\u00e8tres multifonctions. Les caract\u00e9ristiques optiques de l\u2019\u0153il entier sont enregistr\u00e9es en m\u00eame temps :<br \/>\nle front d\u2019onde oculaire pour l\u2019\u0153il entier, la capacit\u00e9 d\u2019accommodation, les courbures de la corn\u00e9e et le diam\u00e8tre de la pupille.<\/p>\n<p>Notre aberrom\u00e8tre \u00e9tudie plus de 1000 points sur l\u2019\u0153il et envoie ensuite la cartographie r\u00e9alis\u00e9e directement dans le laser (Schwind Amaris 1050 RS) pour guider un traitement personnalis\u00e9 point par point de votre corn\u00e9e.<\/p>\n<p><strong>Vous l&rsquo;aurez compris, le Centre Vision Laser est d\u00e9sormais dot\u00e9 du meilleur \u00e9quipement pour permettre une<\/strong><b>\u00a0op\u00e9ration 100\/100 laser avec des \u00e9quipements\u00a0de tr\u00e8s haute technologie.<\/b><\/div>\n<p><strong>\u00a0<\/strong><\/p>","protected":false},"excerpt":{"rendered":"<p>Le mat\u00e9riel du Centre Vision Laser Le centre dispose d&rsquo;\u00e9quipements extr\u00eamement sophistiqu\u00e9s et propose \u00e0 ce jour une plateforme compl\u00e8te. OCT RTVue-100 OCT RTVue : l&rsquo;OCT \u00ab\u00a0spectral domain\u00a0\u00bb de marque Optovue (mod\u00e8le RTVue-100) qui permet entre autres une analyse fine et pr\u00e9cise de la\u00a0r\u00e9tine\u00a0pour le suivi de la\u00a0DMLA\u00a0avec cartes d\u2019\u00e9paisseur r\u00e9tinienne et scan 3D du [&hellip;]<\/p>\n","protected":false},"author":2,"featured_media":0,"parent":0,"menu_order":0,"comment_status":"closed","ping_status":"closed","template":"","meta":{"om_disable_all_campaigns":false,"inline_featured_image":false,"_monsterinsights_skip_tracking":false,"_monsterinsights_sitenote_active":false,"_monsterinsights_sitenote_note":"","_monsterinsights_sitenote_category":0,"footnotes":""},"class_list":["post-220","page","type-page","status-publish","hentry"],"jetpack_sharing_enabled":true,"_links":{"self":[{"href":"http:\/\/www.vision-laser.fr\/en\/wp-json\/wp\/v2\/pages\/220","targetHints":{"allow":["GET"]}}],"collection":[{"href":"http:\/\/www.vision-laser.fr\/en\/wp-json\/wp\/v2\/pages"}],"about":[{"href":"http:\/\/www.vision-laser.fr\/en\/wp-json\/wp\/v2\/types\/page"}],"author":[{"embeddable":true,"href":"http:\/\/www.vision-laser.fr\/en\/wp-json\/wp\/v2\/users\/2"}],"replies":[{"embeddable":true,"href":"http:\/\/www.vision-laser.fr\/en\/wp-json\/wp\/v2\/comments?post=220"}],"version-history":[{"count":46,"href":"http:\/\/www.vision-laser.fr\/en\/wp-json\/wp\/v2\/pages\/220\/revisions"}],"predecessor-version":[{"id":664,"href":"http:\/\/www.vision-laser.fr\/en\/wp-json\/wp\/v2\/pages\/220\/revisions\/664"}],"wp:attachment":[{"href":"http:\/\/www.vision-laser.fr\/en\/wp-json\/wp\/v2\/media?parent=220"}],"curies":[{"name":"wp","href":"https:\/\/api.w.org\/{rel}","templated":true}]}}