{"id":212,"date":"2013-07-15T11:02:44","date_gmt":"2013-07-15T10:02:44","guid":{"rendered":"http:\/\/www.vision-laser.fr\/?page_id=212"},"modified":"2024-12-17T14:48:13","modified_gmt":"2024-12-17T13:48:13","slug":"chirurgie-refractive","status":"publish","type":"page","link":"http:\/\/www.vision-laser.fr\/en\/chirurgie-refractive\/","title":{"rendered":"Refractive Surgery"},"content":{"rendered":"<h2>Refractive surgery: presbyopia, myopia operation for refractive errors of the eye<\/h2>\n<p class=\"translation-block\">This <strong>laser surgery<\/strong> consists of deeply reshaping the corneal curvature using an excimer laser and thus correcting <a href=\"http:\/\/www.vision-laser.fr\/en\/les-defauts-visuels\/\" target=\"_blank\" rel=\"noopener noreferrer\">the refractive errors of the eye<\/a> (<strong>presbyopia, myopia, <strong>astigmatism<\/strong>, <strong>hyperopia<\/strong>).<br>\nThis eye operation therefore makes it possible to do without a correction system (glasses or <a href=\"http:\/\/www.vision-laser.fr\/en\/lentilles-de-contact\/\" target=\"_self\">contact lenses<\/a>).<\/p>\n<p class=\"translation-block\">This operation takes less than \u00bd hour (less than half a minute of laser per eye), under anesthesia with eye drops.<br>\nIt consists of two stages:<\/p>\n<p class=\"translation-block\"><strong>1. Cutting a corneal flap on the surface:<\/strong><br>\nThe preliminary cutting of a thin strip in the thickness of the cornea can be done either with a <strong>Femtosecond laser<\/strong> (100% laser operation) or with a <strong>Microkeratome<\/strong> (classic Lasik).<\/p>\n<p class=\"translation-block\"><strong>2. Treatment of visual defect by Excimer laser:<\/strong><br>\nThe Excimer laser allows to modify the surface of the cornea with micrometric precision in order to correct most refractive errors: myopia, hyperopia, astigmatism and presbyopia (<strong>presby-lasik<\/strong>).<\/p>\n<p>When the laser procedure is complete, the flap is put back in place by the surgeon.<\/p>\n<p>&nbsp;<\/p>","protected":false},"excerpt":{"rendered":"<p>La chirurgie r\u00e9fractive : l&rsquo;op\u00e9ration presbytie, myopie pour les d\u00e9fauts de r\u00e9fraction de l&rsquo;oeil Cette chirurgie laser\u00a0consiste\u00a0\u00e0 remodeler\u00a0en profondeur la courbure corn\u00e9enne \u00e0 l&rsquo;aide d&rsquo;un laser excimer et ainsi corriger les erreurs de r\u00e9fraction de l&rsquo;\u0153il (op\u00e9ration presbytie, myopie, astigmatisme, hyperm\u00e9tropie). Cette op\u00e9ration des yeux permet donc de se passer de syst\u00e8me de correction (lunettes [&hellip;]<\/p>\n","protected":false},"author":2,"featured_media":0,"parent":0,"menu_order":0,"comment_status":"closed","ping_status":"closed","template":"","meta":{"om_disable_all_campaigns":false,"inline_featured_image":false,"_monsterinsights_skip_tracking":false,"_monsterinsights_sitenote_active":false,"_monsterinsights_sitenote_note":"","_monsterinsights_sitenote_category":0,"footnotes":""},"class_list":["post-212","page","type-page","status-publish","hentry"],"jetpack_sharing_enabled":true,"_links":{"self":[{"href":"http:\/\/www.vision-laser.fr\/en\/wp-json\/wp\/v2\/pages\/212","targetHints":{"allow":["GET"]}}],"collection":[{"href":"http:\/\/www.vision-laser.fr\/en\/wp-json\/wp\/v2\/pages"}],"about":[{"href":"http:\/\/www.vision-laser.fr\/en\/wp-json\/wp\/v2\/types\/page"}],"author":[{"embeddable":true,"href":"http:\/\/www.vision-laser.fr\/en\/wp-json\/wp\/v2\/users\/2"}],"replies":[{"embeddable":true,"href":"http:\/\/www.vision-laser.fr\/en\/wp-json\/wp\/v2\/comments?post=212"}],"version-history":[{"count":17,"href":"http:\/\/www.vision-laser.fr\/en\/wp-json\/wp\/v2\/pages\/212\/revisions"}],"predecessor-version":[{"id":12798,"href":"http:\/\/www.vision-laser.fr\/en\/wp-json\/wp\/v2\/pages\/212\/revisions\/12798"}],"wp:attachment":[{"href":"http:\/\/www.vision-laser.fr\/en\/wp-json\/wp\/v2\/media?parent=212"}],"curies":[{"name":"wp","href":"https:\/\/api.w.org\/{rel}","templated":true}]}}