{"id":203,"date":"2013-07-15T11:02:30","date_gmt":"2013-07-15T10:02:30","guid":{"rendered":"http:\/\/www.vision-laser.fr\/?page_id=203"},"modified":"2024-12-18T17:54:09","modified_gmt":"2024-12-18T16:54:09","slug":"notice-daide-a-la-manipulation-des-lentilles","status":"publish","type":"page","link":"http:\/\/www.vision-laser.fr\/en\/lentilles-de-contact\/notice-daide-a-la-manipulation-des-lentilles\/","title":{"rendered":"Instructions for handling lenses"},"content":{"rendered":"<figure class=\"wp-block-image alignfull size-full\"><img loading=\"lazy\" decoding=\"async\" width=\"485\" height=\"728\" src=\"http:\/\/www.vision-laser.fr\/wp-content\/uploads\/2013\/07\/notice-aide-lentilles.jpg\" alt=\"\" class=\"wp-image-546\" srcset=\"http:\/\/www.vision-laser.fr\/wp-content\/uploads\/2013\/07\/notice-aide-lentilles.jpg 485w, http:\/\/www.vision-laser.fr\/wp-content\/uploads\/2013\/07\/notice-aide-lentilles-199x300.jpg 199w\" sizes=\"auto, (max-width: 485px) 100vw, 485px\" \/><\/figure>\n\n\n\n<h2 class=\"wp-block-heading\">Lens Care<\/h2>\n\n\n\n<p>To store contact lenses, there are often solutions that offer a case as well as a disinfection and preservation solution. This often involves placing the lens in the case filled with this solution.<\/p>\n\n\n\n<p>While disposable lenses do not require cleaning, other types require regular cleaning and disinfection in order to maintain clear vision and avoid discomfort and infections by various microorganisms such as bacteria, fungi, and Acanthamoeba, which form a biofilm on the surface of the lens.<\/p>\n\n\n\n<p>Il existe un certain nombre de produits qui peuvent \u00eatre utilis\u00e9s pour r\u00e9aliser ces t\u00e2ches&nbsp;:<\/p>\n\n\n\n<ul class=\"wp-block-list\">\n<li>Multi-Purpose Solution \u2013 The most widespread and popular cleaning solution for contact lenses. Used for rinsing, disinfecting, cleaning and storing lenses. Using this product eliminates the need for protein removing enzyme tablets in most cases.<\/li>\n\n\n\n<li>Saline solution \u2013 Used for rinsing lenses after cleaning and preparing them for insertion. Saline solutions do not disinfect lenses.<\/li>\n\n\n\n<li>Hydrogen peroxide solution \u2013 used for disinfecting lenses, and available in \u201ctwo-step\u201d or \u201cone-step\u201d.<\/li>\n\n\n\n<li>Enzymatic Cleaner \u2013 Used for cleaning protein deposits from lenses, most often weekly, if daily cleaning is not sufficient.<\/li>\n<\/ul>","protected":false},"excerpt":{"rendered":"<p>Entretien des lentilles Pour stocker des lentilles de contact, il existe souvent des solutions proposant un \u00e9tui ainsi qu&rsquo;une solution de d\u00e9sinfection et de conservation. Il s&rsquo;agit souvent de mettre la lentille dans l&rsquo;\u00e9tui rempli de cette solution. Si les lentilles jetables ne n\u00e9cessitent pas de nettoyage, d&rsquo;autres types exigent un nettoyage r\u00e9gulier et la [&hellip;]<\/p>\n","protected":false},"author":2,"featured_media":0,"parent":147,"menu_order":0,"comment_status":"closed","ping_status":"closed","template":"","meta":{"om_disable_all_campaigns":false,"inline_featured_image":false,"_monsterinsights_skip_tracking":false,"_monsterinsights_sitenote_active":false,"_monsterinsights_sitenote_note":"","_monsterinsights_sitenote_category":0,"footnotes":""},"class_list":["post-203","page","type-page","status-publish","hentry"],"jetpack_sharing_enabled":true,"_links":{"self":[{"href":"http:\/\/www.vision-laser.fr\/en\/wp-json\/wp\/v2\/pages\/203","targetHints":{"allow":["GET"]}}],"collection":[{"href":"http:\/\/www.vision-laser.fr\/en\/wp-json\/wp\/v2\/pages"}],"about":[{"href":"http:\/\/www.vision-laser.fr\/en\/wp-json\/wp\/v2\/types\/page"}],"author":[{"embeddable":true,"href":"http:\/\/www.vision-laser.fr\/en\/wp-json\/wp\/v2\/users\/2"}],"replies":[{"embeddable":true,"href":"http:\/\/www.vision-laser.fr\/en\/wp-json\/wp\/v2\/comments?post=203"}],"version-history":[{"count":12,"href":"http:\/\/www.vision-laser.fr\/en\/wp-json\/wp\/v2\/pages\/203\/revisions"}],"predecessor-version":[{"id":12845,"href":"http:\/\/www.vision-laser.fr\/en\/wp-json\/wp\/v2\/pages\/203\/revisions\/12845"}],"up":[{"embeddable":true,"href":"http:\/\/www.vision-laser.fr\/en\/wp-json\/wp\/v2\/pages\/147"}],"wp:attachment":[{"href":"http:\/\/www.vision-laser.fr\/en\/wp-json\/wp\/v2\/media?parent=203"}],"curies":[{"name":"wp","href":"https:\/\/api.w.org\/{rel}","templated":true}]}}