{"id":17380,"date":"2025-05-06T15:46:46","date_gmt":"2025-05-06T14:46:46","guid":{"rendered":"https:\/\/www.vision-laser.fr\/?page_id=17380"},"modified":"2025-05-26T10:29:43","modified_gmt":"2025-05-26T09:29:43","slug":"laser-femtoseconde-ldc-crystal-line-de-ziemer","status":"publish","type":"page","link":"http:\/\/www.vision-laser.fr\/en\/laser-femtoseconde-ldc-crystal-line-de-ziemer\/","title":{"rendered":"FEMTOSECOND LDC Crystal LINE laser from Ziemer"},"content":{"rendered":"<figure style=\"margin-top:var(--wp--preset--spacing--40);margin-right:var(--wp--preset--spacing--40);margin-bottom:var(--wp--preset--spacing--40);margin-left:var(--wp--preset--spacing--40)\" class=\"wp-block-video\"><video height=\"576\" style=\"aspect-ratio: 1024 \/ 576;\" width=\"1024\" controls src=\"http:\/\/www.vision-laser.fr\/wp-content\/uploads\/2025\/05\/Z-lazik-patient-FR.mp4\"><\/video><\/figure>\n\n\n\n<p class=\"translation-block\">This surgery, performed exclusively with laser, is called <strong>femto-LASIK<\/strong>.<\/p>\n\n\n\n<p class=\"translation-block\">The <strong>Ziemer LDV Crystal Line (Made in Swiss)<\/strong> laser is a <strong>femtosecond laser<\/strong> capable of creating a very thin corneal flap of 110 micrometers, using calibrated energy applied to extremely precise locations on the cornea (micron scale).<\/p>\n\n\n\n<p>This laser helps avoid rare complications that can occur in certain centers that still use a mechanical microkeratome.<\/p>\n\n\n\n<figure class=\"wp-block-image aligncenter size-large is-resized\"><img decoding=\"async\" src=\"https:\/\/rambam.be\/wp-content\/uploads\/2020\/03\/Ziemer-62045_ebenen_RZ_RGB_small_25p-2-780x1024.jpg\" alt=\"\" class=\"wp-image-33317\" style=\"width:394px;height:auto\"\/><\/figure>","protected":false},"excerpt":{"rendered":"<p>Cette chirurgie, r\u00e9alis\u00e9e exclusivement au laser, est appel\u00e9e femto-LASIK. Le laser Ziemer LDV Crystal Line (Made in Swiss) est un laser femtoseconde capable de cr\u00e9er un volet corn\u00e9en tr\u00e8s fin de 110 microm\u00e8tres, en utilisant une \u00e9nergie calibr\u00e9e appliqu\u00e9e \u00e0 des emplacements extr\u00eamement pr\u00e9cis de la corn\u00e9e (\u00e9chelle du micron). Ce laser permet d&rsquo;\u00e9viter des [&hellip;]<\/p>\n","protected":false},"author":2,"featured_media":0,"parent":0,"menu_order":0,"comment_status":"closed","ping_status":"closed","template":"","meta":{"om_disable_all_campaigns":false,"inline_featured_image":false,"_monsterinsights_skip_tracking":false,"_monsterinsights_sitenote_active":false,"_monsterinsights_sitenote_note":"","_monsterinsights_sitenote_category":0,"footnotes":""},"class_list":["post-17380","page","type-page","status-publish","hentry"],"jetpack_sharing_enabled":true,"_links":{"self":[{"href":"http:\/\/www.vision-laser.fr\/en\/wp-json\/wp\/v2\/pages\/17380","targetHints":{"allow":["GET"]}}],"collection":[{"href":"http:\/\/www.vision-laser.fr\/en\/wp-json\/wp\/v2\/pages"}],"about":[{"href":"http:\/\/www.vision-laser.fr\/en\/wp-json\/wp\/v2\/types\/page"}],"author":[{"embeddable":true,"href":"http:\/\/www.vision-laser.fr\/en\/wp-json\/wp\/v2\/users\/2"}],"replies":[{"embeddable":true,"href":"http:\/\/www.vision-laser.fr\/en\/wp-json\/wp\/v2\/comments?post=17380"}],"version-history":[{"count":5,"href":"http:\/\/www.vision-laser.fr\/en\/wp-json\/wp\/v2\/pages\/17380\/revisions"}],"predecessor-version":[{"id":17805,"href":"http:\/\/www.vision-laser.fr\/en\/wp-json\/wp\/v2\/pages\/17380\/revisions\/17805"}],"wp:attachment":[{"href":"http:\/\/www.vision-laser.fr\/en\/wp-json\/wp\/v2\/media?parent=17380"}],"curies":[{"name":"wp","href":"https:\/\/api.w.org\/{rel}","templated":true}]}}