{"id":141,"date":"2013-07-15T10:57:49","date_gmt":"2013-07-15T09:57:49","guid":{"rendered":"http:\/\/www.vision-laser.fr\/?page_id=141"},"modified":"2020-12-08T11:38:51","modified_gmt":"2020-12-08T10:38:51","slug":"vision-des-couleurs-et-daltonisme","status":"publish","type":"page","link":"http:\/\/www.vision-laser.fr\/en\/20-maladies-frequentes\/vision-des-couleurs-et-daltonisme\/","title":{"rendered":"Color Vision and Color Blindness"},"content":{"rendered":"<h2 class=\"translation-block\"><span style=\"font-size: 13px\">The eye may have color vision disorders called \"<\/span><strong style=\"font-size: 13px\">dyschromatopsia<\/strong><span style=\"font-size: 13px\">\". The most common form is <span style=\"font-size: 13px\">color blindness<\/strong><span style=\"font-size: 13px\">.<\/span><\/h2>\n<p>It should be noted, however, that color blindness only corresponds to the hereditary aspect of color vision anomalies. The other aspect concerns acquired deficiencies in color perception.<\/p>\n<p>&nbsp;<\/p>\n<p class=\"translation-block\"><strong>1- Normal color vision:<\/strong><br>\nThe eye is capable, thanks to 3 types of specific retinal cells called cones, of perceiving the fundamental colors red, green and blue.<br>\nThese signals are then transmitted by the optical pathways to the brain in the form of messages coded by antagonistic red-green and blue-yellow pairs.<br>\nThe brain then develops the colored sensation at the level of the visual cortex and then other brain centers make us aware of the colored perception.<\/p>\n<p>&nbsp;<\/p>\n<p><strong>2- Hereditary dyschromatopsia: color blindness<\/strong><\/p>\n<p>&nbsp;<\/p>\n<p class=\"translation-block\"><strong><em>The different forms of color blindness:<\/em><\/strong><br>\nThe color blind person does not have the 3 normal channels to form colors.<br>\n\u2013 either one of the channels is absent, then the color blind person is \"dichromate\", he only forms colors using 2 channels.<\/p>\n<ul>\n<li>if red is missing, the subject is called protanope,<\/li>\n<li>if green is missing, it is deuteranope (the most common),<\/li>\n<li>if blue is missing (extremely rare), it is tritanope.<\/li>\n<\/ul>\n<p>\u2013 either one of the channels is present but deficient, the color blind person is then an \u201cabnormal trichromat\u201d:<\/p>\n<ul>\n<li>if red is deficient, it is called protanomaly,<\/li>\n<li>if it is green, it is deuteranomalous,<\/li>\n<li>if it is blue, it is tritanoma.<\/li>\n<\/ul>\n<p>&nbsp;<\/p>\n<p class=\"translation-block\"><strong><em>The color blind person's handicap:<\/em><\/strong><br>\nThe greater the anomaly, the greater the discomfort of the wearer.<br>\nIn the abnormal trichromat, the errors are barely visible in everyday life. On the other hand, in the dichromat, there are significant color confusions that make him totally unfit for any professional task with a strong color implication.<br>\nIt is common to say that color blind people confuse green with red, in reality, their perception of the colored world is very far from that of the normal trichromat in the sense that their environment has only two dominant colors (usually blue and yellow), but with a large number of shades.<\/p>\n<p>&nbsp;<\/p>\n<p class=\"translation-block\"><strong><em>The transmission of color blindness:<\/em><\/strong><br>\nIn the two most common forms (red and green deficiencies), the transmission of the anomaly is hereditary and passes through the X sex chromosome.<br>\nWe can therefore perfectly statistically predict the risks incurred by the descendants of dyschromatic subjects and find carriers of the deficient genes in their ancestors.<br>\nIn France, the proportion of color blind people is approximately 8% in men and 0.45% in women.<\/p>\n<p>&nbsp;<\/p>\n<p class=\"translation-block\"><strong><em>Screening and Professional Impact:<\/em><\/strong><br>\nIt is important that young people with color blindness know about their anomaly before the decisive phases of their educational and professional orientation, as certain professions are closed to them (for example, we can cite the professions of airline pilot, air traffic controller)<\/p>\n<p>This screening is often done by school medicine using colored plates called pseudo isochromatic, intended to \"trap\" the deficit. However, only the Ophthalmologist has the means and skills necessary for the qualitative and quantitative diagnosis of dyschromatopsia.<\/p>\n<p>This precise diagnosis is the essential prerequisite for sound advice on future professional orientation.<\/p>\n<p>&nbsp;<\/p>\n<p class=\"translation-block\"><strong>3- Acquired dyschromatopsia<\/strong><br>\nIn certain eye or general diseases (glaucoma, diabetes, etc.), color vision can be altered in a way that is often imperceptible to the patient.<br>\nThe discovery of these anomalies allows the ophthalmologist, in certain circumstances, using specific tests, to make or support a diagnosis.<br>\nThese anomalies often appear at a very early stage of the disease. Their discovery then allows rapid intervention in the implementation of treatment.<br>\nUnlike hereditary dyschromatopsia which is immutable, acquired anomalies are variable over the course of the disease that caused them and are indirectly curable by treating the causal disease (for example in electronics).<\/p>\n<p>&nbsp;<\/p>\n<p class=\"translation-block\"><strong>Treatment:<\/strong><br>\nThere is no treatment for this anomaly yet.<br>\nInjecting the deficient gene into the retina of affected monkeys has allowed their color blindness to be corrected.<\/p>\n<p class=\"translation-block\"><em>Source: SNOF<br>\n<\/em><a href=\"http:\/\/www.snof.org\/vue\/couleurs1.html\" target=\"_blank\" rel=\"noopener noreferrer\">http:\/\/www.snof.org\/vue\/couleurs1 .html<\/a><br>\n<a href=\"http:\/\/www.snof.org\/vue\/coulanthony.html\" target=\"_blank\" rel=\"noopener noreferrer\">http:\/\/www.snof.org\/vue\/coulanthony.html<\/a><\/p>\n<p class=\"translation-block\"><em>To find out more:<br> <\/em><a href=\"http:\/\/fr.wikipedia.org\/wiki\/Colorblindness\" target=\"_blank\" rel=\"noopener noreferrer\">fr.wikipedia. org\/wiki\/Colorblindness<br> <\/a> <a href=\"http:\/\/www.daltonisme.com\" target=\"_blank\" rel=\"noopener noreferrer\">www.daltonisme.com<\/a><\/p>","protected":false},"excerpt":{"rendered":"<p>L\u2019\u0153il peut pr\u00e9senter des troubles de la vision des couleurs appel\u00e9es \u00abdyschromatopsies\u00bb. Le daltonisme en est la forme la plus courante. Il faut savoir toutefois que le daltonisme ne correspond qu&rsquo;\u00e0 l&rsquo;aspect h\u00e9r\u00e9ditaire des anomalies de la vision des couleurs. L&rsquo;autre aspect concerne les d\u00e9ficiences acquises de la perception color\u00e9e. &nbsp; 1- La vision des [&hellip;]<\/p>\n","protected":false},"author":2,"featured_media":0,"parent":102,"menu_order":0,"comment_status":"closed","ping_status":"closed","template":"","meta":{"om_disable_all_campaigns":false,"inline_featured_image":false,"_monsterinsights_skip_tracking":false,"_monsterinsights_sitenote_active":false,"_monsterinsights_sitenote_note":"","_monsterinsights_sitenote_category":0,"footnotes":""},"class_list":["post-141","page","type-page","status-publish","hentry"],"jetpack_sharing_enabled":true,"_links":{"self":[{"href":"http:\/\/www.vision-laser.fr\/en\/wp-json\/wp\/v2\/pages\/141","targetHints":{"allow":["GET"]}}],"collection":[{"href":"http:\/\/www.vision-laser.fr\/en\/wp-json\/wp\/v2\/pages"}],"about":[{"href":"http:\/\/www.vision-laser.fr\/en\/wp-json\/wp\/v2\/types\/page"}],"author":[{"embeddable":true,"href":"http:\/\/www.vision-laser.fr\/en\/wp-json\/wp\/v2\/users\/2"}],"replies":[{"embeddable":true,"href":"http:\/\/www.vision-laser.fr\/en\/wp-json\/wp\/v2\/comments?post=141"}],"version-history":[{"count":12,"href":"http:\/\/www.vision-laser.fr\/en\/wp-json\/wp\/v2\/pages\/141\/revisions"}],"predecessor-version":[{"id":1854,"href":"http:\/\/www.vision-laser.fr\/en\/wp-json\/wp\/v2\/pages\/141\/revisions\/1854"}],"up":[{"embeddable":true,"href":"http:\/\/www.vision-laser.fr\/en\/wp-json\/wp\/v2\/pages\/102"}],"wp:attachment":[{"href":"http:\/\/www.vision-laser.fr\/en\/wp-json\/wp\/v2\/media?parent=141"}],"curies":[{"name":"wp","href":"https:\/\/api.w.org\/{rel}","templated":true}]}}