{"id":123,"date":"2013-07-15T10:54:27","date_gmt":"2013-07-15T09:54:27","guid":{"rendered":"http:\/\/www.vision-laser.fr\/?page_id=123"},"modified":"2026-02-16T18:14:17","modified_gmt":"2026-02-16T17:14:17","slug":"keratites","status":"publish","type":"page","link":"http:\/\/www.vision-laser.fr\/en\/20-maladies-frequentes\/keratites\/","title":{"rendered":"Keratitis"},"content":{"rendered":"<h2 class=\"wp-block-heading\">Keratitis<\/h2>\n\n\n\n<p>Il s\u2019agit de l\u2019inflammation de la <strong>corn\u00e9e<\/strong>.<br>Elles accompagnent ou s&rsquo;accompagnent volontiers d&rsquo;une <a href=\"http:\/\/www.vision-laser.fr\/en\/20-maladies-frequentes\/conjonctivites\/\" target=\"_blank\" rel=\"noopener noreferrer\"><strong>conjonctivite<\/strong><\/a>, on parle alors de <strong>k\u00e9rato-conjonctivite<\/strong>.<br>L&rsquo;origine des k\u00e9ratites est tr\u00e8s diverse : infectieuse (bact\u00e9rienne, virale, mycosique), allergique, post-traumatique&#8230;<\/p>\n\n\n\n<p>&nbsp;<\/p>\n\n\n\n<p><strong>Symptoms :<\/strong><br>Douleurs et rougeurs oculaires, une baisse de la vue, une g\u00eane \u00e0 la lumi\u00e8re (photophobie) et une sensation de corps \u00e9tranger.<\/p>\n\n\n\n<p>&nbsp;<\/p>\n\n\n\n<p><strong>L\u2019interrogatoire :<\/strong><br>En premier lieu, on \u00e9liminera une k\u00e9ratite traumatique ou d\u2019exposition : projection d\u2019un corps \u00e9tranger, de cendre, de produits chimiques caustiques, ainsi que le port mal adapt\u00e9 de lentilles de contact.<br>Ensuite la recherche diagnostique s\u2019orientera vers des causes bact\u00e9riennes ou virales ou vers un terrain allergique.<\/p>\n\n\n\n<p>&nbsp;<\/p>\n\n\n\n<p><strong>Examen&nbsp;:<\/strong><br>La k\u00e9ratite sera mise en \u00e9vidence par un test \u00e0 la <strong>fluoresc\u00e9ine<\/strong> : le m\u00e9decin mettra un collyre color\u00e9 qui se fixera sur la l\u00e9sion de k\u00e9ratite et en donnera la forme et l\u2019\u00e9tendue.<br>Elle peut \u00eatre fine ponctu\u00e9e tr\u00e8s superficielle, ou plus profonde nodulaire.<br>Elle est souvent associ\u00e9e \u00e0 une <a href=\"http:\/\/www.vision-laser.fr\/en\/20-maladies-frequentes\/conjonctivites\/\" target=\"_blank\" rel=\"noopener noreferrer\">conjonctivite<\/a>.<br>Enfin, une baisse de l&rsquo;acuit\u00e9 visuelle, inconstante, pourra \u00eatre objectiv\u00e9e, elle est fonction de la s\u00e9v\u00e9rit\u00e9 de la k\u00e9ratite.<\/p>\n\n\n\n<p>&nbsp;<\/p>\n\n\n\n<p><strong>Evolution&nbsp;:<\/strong><br>Les principales cons\u00e9quences des k\u00e9ratites sont :<br>&#8211; l\u2019ulc\u00e8re corn\u00e9en avec \u00e9volution rare et extr\u00eame vers la perforation de la corn\u00e9e avec fonte purulente de l\u2019\u0153il,<br>&#8211; la perte d\u00e9finitive de la r\u00e9gularit\u00e9 de la surface corn\u00e9enne, plus ou moins localis\u00e9e, qui d\u00e9forme la vue.<\/p>\n\n\n\n<p>&nbsp;<\/p>\n\n\n\n<p><strong><em>Some special forms:<\/em><\/strong><\/p>\n\n\n\n<p>&nbsp;<\/p>\n\n\n\n<p><strong>La k\u00e9ratite d&rsquo;exposition&nbsp;:<\/strong><br>Elle survient lorsque l\u2019\u0153il est mal prot\u00e9g\u00e9 par les paupi\u00e8res, soit parce que celles-ci sont d\u00e9form\u00e9es ou mal positionn\u00e9es. Les causes les plus fr\u00e9quentes sont les projections ext\u00e9rieures, l&rsquo;ectropion ou le <a href=\"http:\/\/www.vision-laser.fr\/en\/20-maladies-frequentes\/chalazion-et-orgelet\/\">chalazion<\/a> et la paralysie du nerf VII (paralysie de Bell, paralysie faciale a frigore).<\/p>\n\n\n\n<p>It first presents with a superficial punctate lesion or as a more significant abrasion, depending on the nature of the causative agent. Treated early, there are no consequences. Over time, epithelial erosion is possible. Superinfection can then occur and lead to scarring or loss of the eye.<\/p>\n\n\n\n<p>La lubrification de l\u2019\u0153il est tr\u00e8s importante. On prescrira des larmes artificielles sous forme de collyre ou de gel. Lorsque l&rsquo;anomalie des paupi\u00e8res est permanente, une correction chirurgicale doit \u00eatre envisag\u00e9. Lorsqu&rsquo;elle est temporaire, comme dans la paralysie de Bell, la lubrification et\/ou&nbsp;un pansement oculaire sur les paupi\u00e8res&nbsp;sont efficaces.<br>Si elle s&rsquo;av\u00e8rent insuffisantes, une tarsorraphie (fermeture des paupi\u00e8res avec un point de suture) temporaire est tr\u00e8s utile.<\/p>\n\n\n\n<p>&nbsp;<\/p>\n\n\n\n<p><strong>La k\u00e9ratite bact\u00e9rienne&nbsp;:<\/strong><br>La k\u00e9ratite bact\u00e9rienne est la plupart du temps associ\u00e9e \u00e0 un traumatisme mineur de la corn\u00e9e ou au port de <strong><a href=\"http:\/\/www.vision-laser.fr\/en\/lentilles-de-contact\/\">lentilles de contact<\/a><\/strong>. Les risques d&rsquo;ulc\u00e8res corn\u00e9ens sont d&rsquo;autant plus \u00e9lev\u00e9s si les lentilles de contact sont port\u00e9s tr\u00e8s longtemps, pendant le sommeil ou mal entretenues.<\/p>\n\n\n\n<p>\u00c0 l&rsquo;examen, on note la pr\u00e9sence d&rsquo;une opacit\u00e9 blanch\u00e2tre focale ou diffuse avec \u0153d\u00e8me adjacent. Il y a bien s\u00fbr une congestion ciliaire et uv\u00e9ite avec ou sans hypopion, selon la s\u00e9v\u00e9rit\u00e9 de l&rsquo;infection.<br>Le Pseudomonas et le Staphylococcus aureus sont les germes les plus souvent en cause chez les porteurs de lentilles de contact. D&rsquo;autres organismes fr\u00e9quents comme les streptocoques, le pneumocoque et le gonocoque sont parfois retrouv\u00e9s.<br>La k\u00e9ratite bact\u00e9rienne est tr\u00e8s s\u00e9rieuse: elle peut entra\u00eener une perforation oculaire si caus\u00e9e par un germe virulent. De plus, elle peut laisser une cicatrice corn\u00e9enne d\u00e9bilitante.<br>Une consultation urgente en Ophtalmologie est donc indiqu\u00e9e. Des pr\u00e9l\u00e8vements pour culture seront faits et un traitement avec antibiotiques d\u00e9but\u00e9.<\/p>\n\n\n\n<p>&nbsp;<\/p>\n\n\n\n<p><strong>La k\u00e9ratite herp\u00e9tique&nbsp;:<\/strong><br>L&rsquo;herp\u00e8s virus peut causer de nombreux types d&rsquo;atteintes oculaires: bl\u00e9pharite, <a href=\"http:\/\/www.vision-laser.fr\/en\/20-maladies-frequentes\/conjonctivites\/\" target=\"_blank\" rel=\"noopener noreferrer\">conjonctivite<\/a>, <a href=\"http:\/\/www.vision-laser.fr\/en\/20-maladies-frequentes\/keratites\/\" target=\"_blank\" rel=\"noopener noreferrer\">k\u00e9ratite <\/a>et <a href=\"http:\/\/www.vision-laser.fr\/en\/20-maladies-frequentes\/uveite\/\" target=\"_blank\" rel=\"noopener noreferrer\">uv\u00e9ite<\/a>. Comme au niveau buccal, il a tendance \u00e0 r\u00e9cidiver avec souvent des cons\u00e9quences s\u00e9rieuses.<br>La k\u00e9ratite peut pr\u00e9senter diff\u00e9rentes formes&nbsp;: parfois k\u00e9ratite superficielle ponctiforme. Cependant, il sera le plus facilement reconnaissable lorsqu&rsquo;il se pr\u00e9sente sous la forme d&rsquo;un dendrite: petite l\u00e9sion ulc\u00e9r\u00e9e ayant de nombreuses ramifications et ressemblant \u00e0 un arbre.<br>Il peut aussi attaquer les couches plus profondes de la corn\u00e9e et causer un oed\u00e8me accompagn\u00e9 ou non de n\u00e9crose. Ces l\u00e9sions stromales inflammatoires peuvent laisser des cicatrices et entra\u00eener une perte permanente de vision.<br>La k\u00e9ratite herp\u00e9tique doit donc \u00eatre consid\u00e9r\u00e9e comme une infection tr\u00e8s s\u00e9rieuse n\u00e9cessitant une prise en charge ophtalmologique urgente.<br>Il faut \u00e9viter les collyres cortison\u00e9s. Un traitement anti-viral en collyre ou pommade sera alors entrepris.<\/p>\n\n\n\n<p>&nbsp;<\/p>\n\n\n\n<p><strong>Autre k\u00e9ratite virale&nbsp;: la k\u00e9ratite \u00e0 ad\u00e9novirus :<\/strong><br>Toujours associ\u00e9e \u00e0 une conjonctivite, elle se pr\u00e9sente d&rsquo;abord par de fines ponctuations superficielles captant la fluoresc\u00e9ine. Avec le temps, ces ponctuations deviennent plus profondes et forment des opacit\u00e9s sous \u00e9pith\u00e9liales. Ceci cause une baisse de vision variable et une photophobie.<br>S&rsquo;il y a baisse de vision, une consultation en ophtalmologie est recommand\u00e9e.<\/p>\n\n\n\n<figure class=\"wp-block-embed is-type-video is-provider-youtube wp-block-embed-youtube wp-embed-aspect-16-9 wp-has-aspect-ratio\"><div class=\"wp-block-embed__wrapper\">\n<iframe loading=\"lazy\" title=\"La k\u00e9ratite, qu&#039;est-ce que c&#039;est ?\" width=\"500\" height=\"281\" src=\"https:\/\/www.youtube.com\/embed\/1c87rGxEgQE?feature=oembed\" frameborder=\"0\" allow=\"accelerometer; autoplay; clipboard-write; encrypted-media; gyroscope; picture-in-picture; web-share\" referrerpolicy=\"strict-origin-when-cross-origin\" allowfullscreen><\/iframe>\n<\/div><\/figure>","protected":false},"excerpt":{"rendered":"<p>Les k\u00e9ratites Il s\u2019agit de l\u2019inflammation de la corn\u00e9e.Elles accompagnent ou s&rsquo;accompagnent volontiers d&rsquo;une conjonctivite, on parle alors de k\u00e9rato-conjonctivite.L&rsquo;origine des k\u00e9ratites est tr\u00e8s diverse : infectieuse (bact\u00e9rienne, virale, mycosique), allergique, post-traumatique&#8230; &nbsp; Sympt\u00f4mes&nbsp;:Douleurs et rougeurs oculaires, une baisse de la vue, une g\u00eane \u00e0 la lumi\u00e8re (photophobie) et une sensation de corps \u00e9tranger. &nbsp; [&hellip;]<\/p>\n","protected":false},"author":2,"featured_media":0,"parent":102,"menu_order":0,"comment_status":"closed","ping_status":"closed","template":"","meta":{"om_disable_all_campaigns":false,"inline_featured_image":false,"_monsterinsights_skip_tracking":false,"_monsterinsights_sitenote_active":false,"_monsterinsights_sitenote_note":"","_monsterinsights_sitenote_category":0,"footnotes":""},"class_list":["post-123","page","type-page","status-publish","hentry"],"jetpack_sharing_enabled":true,"_links":{"self":[{"href":"http:\/\/www.vision-laser.fr\/en\/wp-json\/wp\/v2\/pages\/123","targetHints":{"allow":["GET"]}}],"collection":[{"href":"http:\/\/www.vision-laser.fr\/en\/wp-json\/wp\/v2\/pages"}],"about":[{"href":"http:\/\/www.vision-laser.fr\/en\/wp-json\/wp\/v2\/types\/page"}],"author":[{"embeddable":true,"href":"http:\/\/www.vision-laser.fr\/en\/wp-json\/wp\/v2\/users\/2"}],"replies":[{"embeddable":true,"href":"http:\/\/www.vision-laser.fr\/en\/wp-json\/wp\/v2\/comments?post=123"}],"version-history":[{"count":17,"href":"http:\/\/www.vision-laser.fr\/en\/wp-json\/wp\/v2\/pages\/123\/revisions"}],"predecessor-version":[{"id":25164,"href":"http:\/\/www.vision-laser.fr\/en\/wp-json\/wp\/v2\/pages\/123\/revisions\/25164"}],"up":[{"embeddable":true,"href":"http:\/\/www.vision-laser.fr\/en\/wp-json\/wp\/v2\/pages\/102"}],"wp:attachment":[{"href":"http:\/\/www.vision-laser.fr\/en\/wp-json\/wp\/v2\/media?parent=123"}],"curies":[{"name":"wp","href":"https:\/\/api.w.org\/{rel}","templated":true}]}}