{"id":12213,"date":"2024-11-12T15:02:14","date_gmt":"2024-11-12T14:02:14","guid":{"rendered":"https:\/\/www.vision-laser.fr\/?page_id=12213"},"modified":"2026-01-05T15:15:10","modified_gmt":"2026-01-05T14:15:10","slug":"tarifs","status":"publish","type":"page","link":"http:\/\/www.vision-laser.fr\/en\/tarifs\/","title":{"rendered":"Rates"},"content":{"rendered":"<p>Procedure performed with the following lasers:<\/p>\n\n\n\n<ul class=\"wp-block-list\">\n<li>Excimer 1050 RS by SCHWIND<\/li>\n\n\n\n<li>ET Crystalineby ZIEMER<\/li>\n<\/ul>\n\n\n\n<div class=\"wp-block-group has-global-padding is-layout-constrained wp-block-group-is-layout-constrained\">\n<figure class=\"wp-block-table is-style-stripes has-small-font-size\"><table class=\"has-fixed-layout\"><tbody><tr><td class=\"translation-block\">Preoperative consultation<br><em><sub>(Not reimbursed by Social Security, but may be reimbursed by Mutual Insurance Companies depending on the conditions of your contract. An invoice will be given to you)<\/sub><\/em><\/td><td class=\"has-text-align-right\" data-align=\"right\">100\u20ac<\/td><\/tr><tr><td>TransPKR \u2013 a 100% laser-based \u2018no-touch\u2019 technique<\/td><td class=\"has-text-align-right\" data-align=\"right\">\u20ac1,300 per eye \/ \u20ac2,200 for both eyes<\/td><\/tr><tr><td>PKR<\/td><td class=\"has-text-align-right\" data-align=\"right\">\u20ac1,200 per eye \/ \u20ac2,000 for both eyes<\/td><\/tr><tr><td>FEMTO LASIK with corneal flap performed using the ZIEMER Chrystal Line femtosecond laser followed by photoablation with the SCHWIND AMARIS 1050 RS <\/td><td class=\"has-text-align-right\" data-align=\"right\">\u20ac2,000 per eye \/ \u20ac2,800 for both eyes<\/td><\/tr><tr><td>PresbyLASIK (PresbyMAX technique)<\/td><td class=\"has-text-align-right\" data-align=\"right\">\u20ac2,200 per eye \/ \u20ac3,600 for both eyes<\/td><\/tr><tr><td>With TOPO LINK treatment<\/td><td class=\"has-text-align-right\" data-align=\"right\">An additional \u20ac100 per eye<\/td><\/tr><tr><td>PTK (Phototherapeutic Keratectomy)<\/td><td class=\"has-text-align-right\" data-align=\"right\">800\u20ac per eye<\/td><\/tr><tr><td>Cross linking<\/td><td class=\"has-text-align-right\" data-align=\"right\">1000\u20ac per eye<\/td><\/tr><\/tbody><\/table><\/figure>\n<\/div>\n\n\n\n<p>Available options<\/p>\n\n\n\n<ul class=\"wp-block-list\">\n<li>Monocular<\/li>\n\n\n\n<li>Hybrid PresbyMAX<\/li>\n\n\n\n<li>Micromonovision technique<\/li>\n<\/ul>\n\n\n\n<p class=\"translation-block\">The choice of technique is made by mutual agreement with the surgeon, after a comprehensive assessment of the patient (ocular parameters and daily visual needs).\nBecause every patient is unique.<\/p>\n\n\n\n<hr class=\"wp-block-separator has-alpha-channel-opacity\"\/>\n\n\n\n<h3 class=\"wp-block-heading\">Post-operative follow-up<\/h3>\n\n\n\n<p class=\"translation-block\">Follow-up consultations are <strong>free for the first 3 months<\/strong> after the procedure.<\/p>\n\n\n\n<p class=\"translation-block\">In general, <strong>2 to 3 post-operative appointments<\/strong> are sufficient.\nHowever, the number of visits is <strong>not limited<\/strong>: the patient is seen as many times as necessary to achieve a <strong>stable, optimal vision independent of glasses or contact lenses<\/strong>.<\/p>\n\n\n\n<p><strong>Typical follow-up schedule:<\/strong><\/p>\n\n\n\n<ol class=\"wp-block-list\">\n<li>The day after (FemtoLASIK or PresbyLASIK) or on the 3rd day (TransPKR and PKR)<\/li>\n\n\n\n<li>Occasionally in the second week<\/li>\n\n\n\n<li>At 1 month, to assess the final outcome<\/li>\n<\/ol>\n\n\n\n<p class=\"translation-block\">Thereafter, a routine check-up with your ophthalmologist is sufficient, on average <strong>every 1 to 3 years<\/strong>, depending on the case.<\/p>\n\n\n\n<p><\/p>\n\n\n\n<p><strong>Quotes and Coverage: What your mutual insurance can cover!<\/strong><\/p>\n\n\n\n<p class=\"translation-block\">Get a <strong>price information quote<\/strong> for your refractive surgery now.<\/p>\n\n\n\n<p>&#x1f4cc; <strong><a href=\"https:\/\/www.vision-laser.fr\/en\/devis\/\" title=\"Devis\">Click here to request your quote<\/a><\/strong> This document will allow you to ask your mutual insurance company about its coverage. <\/p>\n\n\n\n<p>This document will allow you to ask your mutual insurance company about its potential coverage.<\/p>\n\n\n\n<p>&#x26a0;&#xfe0f; <strong>Only a dedicated consultation<\/strong> will confirm your eligibility for laser treatment and determine the most appropriate technique for your case.<\/p>\n\n\n\n<p>We apply very strict safety criteria to ensure optimal results. On average, out of 10 candidates who wish to go without glasses, only 2 to 3 are offered surgery.<\/p>","protected":false},"excerpt":{"rendered":"<p>Intervention r\u00e9alis\u00e9 avec les lasers : Consultation pr\u00e9op\u00e9ratoire(Non rembours\u00e9 par la S\u00e9curit\u00e9 Sociale, mais qui peut l\u2019\u00eatre par les Mutuelles selon les conditions de votre contrat. Une facture vous sera remise) 100\u20ac TransPKR &#8211; technique 100% laser \u00ab\u00a0NO TOUCH\u00a0\u00bb 1300 \u20ac par \u0153il \/ 2200 \u20ac pour les deux yeux PKR 1200 \u20ac par \u0153il [&hellip;]<\/p>\n","protected":false},"author":2,"featured_media":0,"parent":0,"menu_order":0,"comment_status":"closed","ping_status":"closed","template":"","meta":{"om_disable_all_campaigns":false,"inline_featured_image":false,"_monsterinsights_skip_tracking":false,"_monsterinsights_sitenote_active":false,"_monsterinsights_sitenote_note":"","_monsterinsights_sitenote_category":0,"footnotes":""},"class_list":["post-12213","page","type-page","status-publish","hentry"],"jetpack_sharing_enabled":true,"_links":{"self":[{"href":"http:\/\/www.vision-laser.fr\/en\/wp-json\/wp\/v2\/pages\/12213","targetHints":{"allow":["GET"]}}],"collection":[{"href":"http:\/\/www.vision-laser.fr\/en\/wp-json\/wp\/v2\/pages"}],"about":[{"href":"http:\/\/www.vision-laser.fr\/en\/wp-json\/wp\/v2\/types\/page"}],"author":[{"embeddable":true,"href":"http:\/\/www.vision-laser.fr\/en\/wp-json\/wp\/v2\/users\/2"}],"replies":[{"embeddable":true,"href":"http:\/\/www.vision-laser.fr\/en\/wp-json\/wp\/v2\/comments?post=12213"}],"version-history":[{"count":29,"href":"http:\/\/www.vision-laser.fr\/en\/wp-json\/wp\/v2\/pages\/12213\/revisions"}],"predecessor-version":[{"id":25068,"href":"http:\/\/www.vision-laser.fr\/en\/wp-json\/wp\/v2\/pages\/12213\/revisions\/25068"}],"wp:attachment":[{"href":"http:\/\/www.vision-laser.fr\/en\/wp-json\/wp\/v2\/media?parent=12213"}],"curies":[{"name":"wp","href":"https:\/\/api.w.org\/{rel}","templated":true}]}}