{"id":1163,"date":"2016-04-27T10:34:28","date_gmt":"2016-04-27T09:34:28","guid":{"rendered":"http:\/\/www.vision-laser.fr\/?page_id=1163"},"modified":"2020-12-16T11:58:33","modified_gmt":"2020-12-16T10:58:33","slug":"operation-laser-de-myopie","status":"publish","type":"page","link":"http:\/\/www.vision-laser.fr\/en\/operation-laser-de-myopie\/","title":{"rendered":"Op\u00e9ration des yeux au laser (myopie, hyperm\u00e9tropie, astigmatisme et presbytie)<br\/> au Centre Vision Laser Paris Ouest"},"content":{"rendered":"<div style=\"text-align: center;\"><a href=\"http:\/\/www.vision-laser.fr\/wp-content\/uploads\/2016\/04\/cvlpo-rgv-last-550-300x186.jpg\"><img decoding=\"async\" class=\"alignnone\" src=\"http:\/\/www.vision-laser.fr\/wp-content\/uploads\/2016\/04\/cvlpo-rgv-last-550-300x186-300x186.jpg\" alt=\"cvlpo-rgv-last-550-300x186\" \/><\/a><\/div>\n<p>&nbsp;<\/p>\n<p>Bienvenue au Centre Vision Laser Paris Ouest, sp\u00e9cialis\u00e9 dans les op\u00e9rations au laser pour la correction de la myopie, astigmatisme, hyperm\u00e9tropie et presbytie.<\/p>\n<p>Dot\u00e9 d&rsquo;un plateau technique ultra performant, le Centre r\u00e9alise les op\u00e9rations les plus pratiqu\u00e9es en chirurgie r\u00e9fractive:<\/p>\n<ul>\n<li><a href=\"http:\/\/www.vision-laser.fr\/chirurgie-refractive\/lasik-et-autres-techniques\/\" target=\"_blank\" rel=\"noopener noreferrer\">Lasik<\/a><\/li>\n<li><a href=\"http:\/\/www.vision-laser.fr\/chirurgie-refractive\/procedure-pour-etre-opere\/\" target=\"_blank\" rel=\"noopener noreferrer\">Laser femto-seconde<\/a><\/li>\n<li>PKR<\/li>\n<li>Trans-PKR, la seule intervention r\u00e9ellement 100% laser et sans aucun contact avec l\u2019\u0153il du patient.<\/li>\n<\/ul>\n<h2>Palmar\u00e8s Le Point des meilleures cliniques de France pour la chirurgie de la myopie<\/h2>\n<p>Le Centre Vision Laser Paris Ouest est le seul Centre de la r\u00e9gion parisienne class\u00e9e dans le\u00a0journal Le Point des ann\u00e9es 2013, 2014 et 2015 aux Palmar\u00e8s des meilleures cliniques fran\u00e7aises pour la chirurgie de la myopie avec la note de\u00a018,52 sur 20.<\/p>\n<p>&nbsp;<\/p>\n<p>Pour prendre RDV ou pour tout renseignement suppl\u00e9mentaire, veuillez remplir le formulaire de contact ci-dessous. Nous vous recontacterons dans les plus brefs d\u00e9lais.<\/p>\n<p>&nbsp;<\/p>\n<p>&nbsp;<\/p>\n<p>[formidable id=3]<\/p>\n<h3>Nous contacter:<\/h3>\n<ul>\n<li style=\"list-style-type: none;\">\n<ul>\n<li style=\"list-style-type: none;\">\n<ul>\n<li>01 42 42 26 15<\/li>\n<li>Depuis l&rsquo;\u00e9tranger: 0033 1 42 42 26 15<\/li>\n<\/ul>\n<\/li>\n<\/ul>\n<\/li>\n<\/ul>\n<h3>Adresse:<\/h3>\n<p>69 Boulevard de la R\u00e9publique 92250 La Garenne Colombes &#8211; FRANCE<\/p>\n<p>Pour visiter le reste de notre site, retournez sur la page d&rsquo;accueil:\u00a0<a href=\"http:\/\/www.vision-laser.fr\/\" target=\"_blank\" rel=\"noopener noreferrer\">http:\/\/www.vision-laser.fr\/<\/a><\/p>\n","protected":false},"excerpt":{"rendered":"<p>&nbsp; Bienvenue au Centre Vision Laser Paris Ouest, sp\u00e9cialis\u00e9 dans les op\u00e9rations au laser pour la correction de la myopie, astigmatisme, hyperm\u00e9tropie et presbytie. Dot\u00e9 d&rsquo;un plateau technique ultra performant, le Centre r\u00e9alise les op\u00e9rations les plus pratiqu\u00e9es en chirurgie r\u00e9fractive: Lasik Laser femto-seconde PKR Trans-PKR, la seule intervention r\u00e9ellement 100% laser et sans aucun [&hellip;]<\/p>\n","protected":false},"author":2,"featured_media":0,"parent":0,"menu_order":0,"comment_status":"closed","ping_status":"closed","template":"","meta":{"om_disable_all_campaigns":false,"inline_featured_image":false,"_monsterinsights_skip_tracking":false,"_monsterinsights_sitenote_active":false,"_monsterinsights_sitenote_note":"","_monsterinsights_sitenote_category":0,"footnotes":""},"class_list":["post-1163","page","type-page","status-publish","hentry"],"jetpack_sharing_enabled":true,"_links":{"self":[{"href":"http:\/\/www.vision-laser.fr\/en\/wp-json\/wp\/v2\/pages\/1163","targetHints":{"allow":["GET"]}}],"collection":[{"href":"http:\/\/www.vision-laser.fr\/en\/wp-json\/wp\/v2\/pages"}],"about":[{"href":"http:\/\/www.vision-laser.fr\/en\/wp-json\/wp\/v2\/types\/page"}],"author":[{"embeddable":true,"href":"http:\/\/www.vision-laser.fr\/en\/wp-json\/wp\/v2\/users\/2"}],"replies":[{"embeddable":true,"href":"http:\/\/www.vision-laser.fr\/en\/wp-json\/wp\/v2\/comments?post=1163"}],"version-history":[{"count":41,"href":"http:\/\/www.vision-laser.fr\/en\/wp-json\/wp\/v2\/pages\/1163\/revisions"}],"predecessor-version":[{"id":1911,"href":"http:\/\/www.vision-laser.fr\/en\/wp-json\/wp\/v2\/pages\/1163\/revisions\/1911"}],"wp:attachment":[{"href":"http:\/\/www.vision-laser.fr\/en\/wp-json\/wp\/v2\/media?parent=1163"}],"curies":[{"name":"wp","href":"https:\/\/api.w.org\/{rel}","templated":true}]}}