{"id":109,"date":"2013-07-15T10:52:23","date_gmt":"2013-07-15T09:52:23","guid":{"rendered":"http:\/\/www.vision-laser.fr\/?page_id=109"},"modified":"2025-11-19T15:40:38","modified_gmt":"2025-11-19T14:40:38","slug":"corps-flottants-oculaires","status":"publish","type":"page","link":"http:\/\/www.vision-laser.fr\/en\/20-maladies-frequentes\/corps-flottants-oculaires\/","title":{"rendered":"Eye floaters"},"content":{"rendered":"<p class=\"translation-block\"><span style=\"font-size: 13px\">Eye floaters are the visual appearance of dark spots in the form of dots, spots, \"<strong>floaters<\/strong>\" or spider webs that appear to move or even change shape in the visual field when the gaze changes direction.<\/span><\/p>\n\n\n\n<p>They are often variable in their intensity and form and more frequent during periods of fatigue or in strong light.<\/p>\n\n\n\n<p>They correspond to small gelatinous masses that form in the vitreous substance of the eye (gelatinous substance of the eye located in front of the retina behind).<\/p>\n\n\n\n<p>Floaters are usually not serious, but are often a source of discomfort and worry for the patient.<\/p>\n\n\n\n<p>Dans la grande majorit\u00e9 des cas, ils sont tout&nbsp;\u00e0 fait b\u00e9nins, Parfois ils sont secondaires \u00e0 des d\u00e9chirures de la r\u00e9tine \u00e0 une inflammation, et sont souvent alors accompagn\u00e9s de ph\u00e9nom\u00e8nes lumineux, \u00e9clairs, phosph\u00e8nes.<\/p>\n\n\n\n<p class=\"translation-block\">Only an ophthalmological examination of the fundus and the retinal periphery can determine the severity or benignity of ocular floaters. It is therefore advisable in the presence of floaters of recent appearance, especially in myopia and if they are accompanied by luminous phenomena, to consult your <strong>ophthalmologist<\/strong> promptly for an examination of the fundus.<\/p>\n\n\n\n<p>There is no radically effective treatment for intravitreal floaters, but additional treatments can significantly reduce the discomfort.<\/p>\n\n\n\n<p>If there is associated retinal damage, it should be treated quickly.<\/p>\n\n\n\n<figure class=\"wp-block-embed aligncenter is-type-video is-provider-tiktok wp-block-embed-tiktok\"><div class=\"wp-block-embed__wrapper\">\n<blockquote class=\"tiktok-embed\" cite=\"https:\/\/www.tiktok.com\/@centre.vision.las\/video\/7513584328778026273\" data-video-id=\"7513584328778026273\" data-embed-from=\"oembed\" style=\"max-width:605px; min-width:325px;\"> <section> <a target=\"_blank\" title=\"@centre.vision.las\" href=\"https:\/\/www.tiktok.com\/@centre.vision.las?refer=embed\">@centre.vision.las<\/a> <p>Qu\u2019est-ce que les corps flottants ? Les corps flottants sont de petites condensations du corps vitr\u00e9 qui peuvent \u00eatre per\u00e7ues lorsque vous regardez un fond lumineux, comme un mur blanc ou un ciel bleu et peuvent se pr\u00e9senter sous diff\u00e9rentes formes (petits points, cercles, lignes, toiles d\u2019araign\u00e9e, filaments\u2026). Le sympt\u00f4me de \u00ab mouches volantes \u00bb est en fait l\u2019ombre de ces corps flottants (des d\u00e9bris cellulaires et des fibrilles de collag\u00e8ne densifi\u00e9) qui se projette sur la r\u00e9tine (=couche sensorielle tapissant le fond de votre \u0153il.) et\/ou l\u2019ombre de la hyalo\u00efde post\u00e9rieur d\u00e9tach\u00e9e. Les corps flottants peuvent \u00eatre bilat\u00e9raux ou unilat\u00e9raux, uniques ou multiples. Ils touchent le plus souvent les patients de plus de 55 ans, mais le ph\u00e9nom\u00e8ne de vieillissement du vitr\u00e9 d\u00e9bute vers 25 ans. Apr\u00e8s 55 ans, les corps flottants sont fr\u00e9quemment associ\u00e9s \u00e0 un d\u00e9collement post\u00e9rieur du vitr\u00e9. En dessous de 55 ans, ils peuvent appara\u00eetre spontan\u00e9ment sans d\u00e9collement post\u00e9rieur du vitr\u00e9 notamment chez le myope.<\/p> <a target=\"_blank\" title=\"\u266c son original - Centre Vision Laser\" href=\"https:\/\/www.tiktok.com\/music\/son-original-7513586806261156640?refer=embed\">\u266c son original &#8211; Centre Vision Laser<\/a> <\/section> <\/blockquote> <script async src=\"https:\/\/www.tiktok.com\/embed.js\"><\/script>\n<\/div><\/figure>","protected":false},"excerpt":{"rendered":"<p>Les corps flottants oculaires correspondent \u00e0 l&rsquo;apparition visuelle de t\u00e2ches sombres se pr\u00e9sentant sous la forme de points, de t\u00e2ches, de \u00ab\u00a0mouches volantes\u00a0\u00bb&nbsp;ou de toiles d&rsquo;araign\u00e9e et qui semblent se d\u00e9placer, voire changer de forme, dans le champ visuel quand le regard change de direction. Ils sont souvent variables dans leur intensit\u00e9 et leur forme [&hellip;]<\/p>\n","protected":false},"author":2,"featured_media":0,"parent":102,"menu_order":0,"comment_status":"closed","ping_status":"open","template":"","meta":{"om_disable_all_campaigns":false,"inline_featured_image":false,"_monsterinsights_skip_tracking":false,"_monsterinsights_sitenote_active":false,"_monsterinsights_sitenote_note":"","_monsterinsights_sitenote_category":0,"footnotes":""},"class_list":["post-109","page","type-page","status-publish","hentry"],"jetpack_sharing_enabled":true,"_links":{"self":[{"href":"http:\/\/www.vision-laser.fr\/en\/wp-json\/wp\/v2\/pages\/109","targetHints":{"allow":["GET"]}}],"collection":[{"href":"http:\/\/www.vision-laser.fr\/en\/wp-json\/wp\/v2\/pages"}],"about":[{"href":"http:\/\/www.vision-laser.fr\/en\/wp-json\/wp\/v2\/types\/page"}],"author":[{"embeddable":true,"href":"http:\/\/www.vision-laser.fr\/en\/wp-json\/wp\/v2\/users\/2"}],"replies":[{"embeddable":true,"href":"http:\/\/www.vision-laser.fr\/en\/wp-json\/wp\/v2\/comments?post=109"}],"version-history":[{"count":8,"href":"http:\/\/www.vision-laser.fr\/en\/wp-json\/wp\/v2\/pages\/109\/revisions"}],"predecessor-version":[{"id":24993,"href":"http:\/\/www.vision-laser.fr\/en\/wp-json\/wp\/v2\/pages\/109\/revisions\/24993"}],"up":[{"embeddable":true,"href":"http:\/\/www.vision-laser.fr\/en\/wp-json\/wp\/v2\/pages\/102"}],"wp:attachment":[{"href":"http:\/\/www.vision-laser.fr\/en\/wp-json\/wp\/v2\/media?parent=109"}],"curies":[{"name":"wp","href":"https:\/\/api.w.org\/{rel}","templated":true}]}}