{"id":105,"date":"2013-07-15T10:51:48","date_gmt":"2013-07-15T09:51:48","guid":{"rendered":"http:\/\/www.vision-laser.fr\/?page_id=105"},"modified":"2026-04-15T15:17:41","modified_gmt":"2026-04-15T14:17:41","slug":"chalazion-et-orgelet","status":"publish","type":"page","link":"http:\/\/www.vision-laser.fr\/en\/20-maladies-frequentes\/chalazion-et-orgelet\/","title":{"rendered":"Chalazion and stye"},"content":{"rendered":"<p class=\"translation-block\"><span style=\"font-size: 13px\">A <\/span><strong style=\"font-size: 13px\">chalazion<\/strong><span style=\"font-size: 13px\"> is a small tumor of the <\/span><strong style=\"font-size: 13px\">upper or lower eyelid<\/strong><span style=\"font-size: 13px\"> of inflammatory origin, due to the obstruction of a palpebral gland, the Meibomian gland. It can affect children or adults at any age.<\/span><\/p>\n\n\n\n<p class=\"translation-block\">It is sometimes more common in <strong>diabetic<\/strong> patients, but some non-diabetic people can have them repeatedly.<\/p>\n\n\n\n<p>Le chalazion est en g\u00e9n\u00e9ral peu douloureux, mais il peut se surinfecter devenant alors tr\u00e8s inflammatoire, douloureux et&nbsp;donnant \u00e0 la paupi\u00e8re&nbsp;un aspect rouge et boursoufl\u00e9.<\/p>\n\n\n\n<p class=\"translation-block\">Treatment consists of the rapid application of <strong>eye drops<\/strong> and <strong>antibiotic and anti-inflammatory ointments<\/strong> but sometimes <strong>surgical treatment<\/strong> is necessary (simple incision inside the eyelid after local anesthesia).<\/p>\n\n\n\n<p>The chalazion is benign but its recurring nature can become exasperating for the patient.<\/p>\n\n\n\n<p class=\"translation-block\">It is distinguished from a <strong>stye<\/strong> which corresponds to the <strong>infection<\/strong> of the hair follicle of an eyelash, which is generally closer to the outer edge of the eyelid, often with a small white head that never requires an incision but also heals with ointments.<\/p>\n\n\n\n<figure class=\"wp-block-embed is-type-video is-provider-tiktok wp-block-embed-tiktok\"><div class=\"wp-block-embed__wrapper\">\n<blockquote class=\"tiktok-embed\" cite=\"https:\/\/www.tiktok.com\/@centre.vision.las\/video\/7579670391900163360\" data-video-id=\"7579670391900163360\" data-embed-from=\"oembed\" style=\"max-width:605px; min-width:325px;\"> <section> <a target=\"_blank\" title=\"@centre.vision.las\" href=\"https:\/\/www.tiktok.com\/@centre.vision.las?refer=embed\">@centre.vision.las<\/a> <p>Ne jamais percer un chalazion \u2014 et voici la raison. Un chalazion est une petite inflammation d\u2019une glande de la paupi\u00e8re qui s\u2019est bouch\u00e9e. M\u00eame s\u2019il ressemble \u00e0 un simple \u201cbouton\u201d, il ne doit surtout pas \u00eatre perc\u00e9. Pourquoi ? \u2022 Cela peut provoquer une infection importante de la paupi\u00e8re. \u2022 L\u2019inflammation peut s\u2019aggraver et devenir douloureuse. \u2022 Vous risquez des cicatrices ou une d\u00e9formation de la paupi\u00e8re. \u2022 Dans de rares cas, l\u2019infection peut se propager plus profond\u00e9ment vers l\u2019\u0153il, ce qui n\u00e9cessite une prise en charge urgente. Le traitement d\u2019un chalazion repose sur des compresses chaudes, une bonne hygi\u00e8ne, et parfois un traitement m\u00e9dical prescrit par un professionnel de sant\u00e9. En cas de doute ou si la g\u00eane persiste, il faut consulter \u2014 pas improviser. Les yeux sont sensibles : mieux vaut les prot\u00e9ger que les ab\u00eemer. <a title=\"chirurgier\u00e9fractive\" target=\"_blank\" href=\"https:\/\/www.tiktok.com\/tag\/chirurgier%C3%A9fractive?refer=embed\">#chirurgier\u00e9fractive<\/a> <a title=\"soindesyeux\" target=\"_blank\" href=\"https:\/\/www.tiktok.com\/tag\/soindesyeux?refer=embed\">#soindesyeux<\/a> <a title=\"sant\u00e9desyeux\" target=\"_blank\" href=\"https:\/\/www.tiktok.com\/tag\/sant%C3%A9desyeux?refer=embed\">#sant\u00e9desyeux<\/a> <a title=\"centrevisionlaser\" target=\"_blank\" href=\"https:\/\/www.tiktok.com\/tag\/centrevisionlaser?refer=embed\">#centrevisionlaser<\/a><\/p> <a target=\"_blank\" title=\"\u266c son original - Centre Vision Laser\" href=\"https:\/\/www.tiktok.com\/music\/son-original-7579670371939453729?refer=embed\">\u266c son original &#8211; Centre Vision Laser<\/a> <\/section> <\/blockquote> <script async src=\"https:\/\/www.tiktok.com\/embed.js\"><\/script>\n<\/div><\/figure>","protected":false},"excerpt":{"rendered":"<p>Un chalazion est une petite tumeur de la paupi\u00e8re sup\u00e9rieure ou inf\u00e9rieure, d&rsquo;origine inflammatoire, d\u00fbe \u00e0 l&rsquo;obstruction d&rsquo;une glande palp\u00e9brale, la glande de Meibomius. Il peut toucher l&rsquo;enfant ou l&rsquo;adulte \u00e0 tous les \u00e2ges de la vie. Il est parfois plus fr\u00e9quent sur terrain diab\u00e9tique, mais certaines personnes non diab\u00e9tiques peuvent en faire \u00e0 r\u00e9p\u00e9tition. [&hellip;]<\/p>\n","protected":false},"author":2,"featured_media":0,"parent":102,"menu_order":0,"comment_status":"closed","ping_status":"open","template":"","meta":{"om_disable_all_campaigns":false,"inline_featured_image":false,"_monsterinsights_skip_tracking":false,"_monsterinsights_sitenote_active":false,"_monsterinsights_sitenote_note":"","_monsterinsights_sitenote_category":0,"footnotes":""},"class_list":["post-105","page","type-page","status-publish","hentry"],"jetpack_sharing_enabled":true,"_links":{"self":[{"href":"http:\/\/www.vision-laser.fr\/en\/wp-json\/wp\/v2\/pages\/105","targetHints":{"allow":["GET"]}}],"collection":[{"href":"http:\/\/www.vision-laser.fr\/en\/wp-json\/wp\/v2\/pages"}],"about":[{"href":"http:\/\/www.vision-laser.fr\/en\/wp-json\/wp\/v2\/types\/page"}],"author":[{"embeddable":true,"href":"http:\/\/www.vision-laser.fr\/en\/wp-json\/wp\/v2\/users\/2"}],"replies":[{"embeddable":true,"href":"http:\/\/www.vision-laser.fr\/en\/wp-json\/wp\/v2\/comments?post=105"}],"version-history":[{"count":9,"href":"http:\/\/www.vision-laser.fr\/en\/wp-json\/wp\/v2\/pages\/105\/revisions"}],"predecessor-version":[{"id":25278,"href":"http:\/\/www.vision-laser.fr\/en\/wp-json\/wp\/v2\/pages\/105\/revisions\/25278"}],"up":[{"embeddable":true,"href":"http:\/\/www.vision-laser.fr\/en\/wp-json\/wp\/v2\/pages\/102"}],"wp:attachment":[{"href":"http:\/\/www.vision-laser.fr\/en\/wp-json\/wp\/v2\/media?parent=105"}],"curies":[{"name":"wp","href":"https:\/\/api.w.org\/{rel}","templated":true}]}}