{"id":1043,"date":"2015-03-16T14:14:00","date_gmt":"2015-03-16T13:14:00","guid":{"rendered":"http:\/\/www.vision-laser.fr\/?page_id=1043"},"modified":"2025-10-27T13:30:52","modified_gmt":"2025-10-27T12:30:52","slug":"correction-des-defauts-visuels-lhypermetropie","status":"publish","type":"page","link":"http:\/\/www.vision-laser.fr\/en\/les-defauts-visuels\/correction-des-defauts-visuels-lhypermetropie\/","title":{"rendered":"Correction of visual defects: hyperopia"},"content":{"rendered":"<h2 class=\"wp-block-heading\">What is hyperopia?<\/h2>\n\n\n\n<p>In hyperopia, the eye is too short and the light rays are focused behind the retina: we see blurry up close or even far away and this causes fatigue. The young patient does not notice this immediately because the accommodation efforts of his lens - still flexible - allow him to compensate for this hyperopia.<\/p>\n\n\n\n<h2 class=\"wp-block-heading\">Correction of hyperopia<\/h2>\n\n\n\n<p class=\"translation-block\">Hyperopia can be easily treated by refractive surgery (up to 6 diopters) whether or not it is associated with <a title=\"Correction of visual defects: astigmatism\" href=\"http:\/\/www.vision-laser.fr\/en\/les-defauts-visuels\/correction-des-defauts-visuels-lastigmatisme\/\" target=\"_self\">astigmatism<\/a> or <a title=\"Correction of visual defects: presbyopia\" href=\"http:\/\/www.vision-laser.fr\/en\/correction-des-defauts-visuels-la-presbytie\/\" target=\"_self\">presbyopia<\/a>.<br>The conditions, risks and precautions for hyperopia surgery are similar to those for myopia.<br>As with all refractive surgery, there is no such thing as zero risk, but overall, serious complications are exceptional, especially when a complete and rigorous eligibility assessment was carried out beforehand to ensure the absence of any possible contraindications.<br>All procedures are applicable for the treatment of hyperopia: Lasik, femtosecond laser and Trans PKR, the only truly 100% laser operation without any contact with the patient's eye.<\/p>\n\n\n\n\n\n<figure class=\"wp-block-embed is-type-video is-provider-youtube wp-block-embed-youtube wp-embed-aspect-16-9 wp-has-aspect-ratio\"><div class=\"wp-block-embed__wrapper\">\n<iframe loading=\"lazy\" title=\"Farsightedness (hyperopia)\" width=\"500\" height=\"281\" src=\"https:\/\/www.youtube.com\/embed\/U_lPJNG-PHI?feature=oembed\" frameborder=\"0\" allow=\"accelerometer; autoplay; clipboard-write; encrypted-media; gyroscope; picture-in-picture; web-share\" referrerpolicy=\"strict-origin-when-cross-origin\" allowfullscreen><\/iframe>\n<\/div><\/figure>\n\n\n\n<p><\/p>","protected":false},"excerpt":{"rendered":"<p>Qu\u2019est-ce que l&rsquo;hyperm\u00e9tropie Dans l\u2019hyperm\u00e9tropie, l\u2019\u0153il est trop court et les rayons lumineux sont focalis\u00e9s derri\u00e8re la r\u00e9tine : on voit flou de pr\u00e8s voire m\u00eame de loin et cela occasionne de la fatigue. Le patient jeune ne s\u2019en aper\u00e7oit pas imm\u00e9diatement car les efforts d\u2019accommodation de son cristallin &#8211; encore souple \u2013 lui permettent [&hellip;]<\/p>\n","protected":false},"author":2,"featured_media":0,"parent":146,"menu_order":0,"comment_status":"closed","ping_status":"closed","template":"","meta":{"om_disable_all_campaigns":false,"inline_featured_image":false,"_monsterinsights_skip_tracking":false,"_monsterinsights_sitenote_active":false,"_monsterinsights_sitenote_note":"","_monsterinsights_sitenote_category":0,"footnotes":""},"class_list":["post-1043","page","type-page","status-publish","hentry"],"jetpack_sharing_enabled":true,"_links":{"self":[{"href":"http:\/\/www.vision-laser.fr\/en\/wp-json\/wp\/v2\/pages\/1043","targetHints":{"allow":["GET"]}}],"collection":[{"href":"http:\/\/www.vision-laser.fr\/en\/wp-json\/wp\/v2\/pages"}],"about":[{"href":"http:\/\/www.vision-laser.fr\/en\/wp-json\/wp\/v2\/types\/page"}],"author":[{"embeddable":true,"href":"http:\/\/www.vision-laser.fr\/en\/wp-json\/wp\/v2\/users\/2"}],"replies":[{"embeddable":true,"href":"http:\/\/www.vision-laser.fr\/en\/wp-json\/wp\/v2\/comments?post=1043"}],"version-history":[{"count":18,"href":"http:\/\/www.vision-laser.fr\/en\/wp-json\/wp\/v2\/pages\/1043\/revisions"}],"predecessor-version":[{"id":24917,"href":"http:\/\/www.vision-laser.fr\/en\/wp-json\/wp\/v2\/pages\/1043\/revisions\/24917"}],"up":[{"embeddable":true,"href":"http:\/\/www.vision-laser.fr\/en\/wp-json\/wp\/v2\/pages\/146"}],"wp:attachment":[{"href":"http:\/\/www.vision-laser.fr\/en\/wp-json\/wp\/v2\/media?parent=1043"}],"curies":[{"name":"wp","href":"https:\/\/api.w.org\/{rel}","templated":true}]}}