{"id":102,"date":"2013-07-15T10:51:10","date_gmt":"2013-07-15T09:51:10","guid":{"rendered":"http:\/\/www.vision-laser.fr\/?page_id=102"},"modified":"2024-11-12T19:38:40","modified_gmt":"2024-11-12T18:38:40","slug":"20-maladies-frequentes","status":"publish","type":"page","link":"http:\/\/www.vision-laser.fr\/en\/20-maladies-frequentes\/","title":{"rendered":"20 common diseases"},"content":{"rendered":"<div>\n<p class=\"translation-block\">Of all the medical disciplines, the most developed in antiquity was <strong>Ophthalmology<\/strong>.<\/p>\n<\/div>\n<p>It is also one of the specialties that has seen the most spectacular progress in recent years.<\/p>\n<p class=\"translation-block\"><a href=\"http:\/\/www.vision-laser.fr\/en\/les-defauts-visuels\/\" target=\"_self\"><strong>refractive disorders<\/strong> <\/a>(Myopia, astigmatism, hyperopia, presbyopia) are the subject of several chapters on this site, and <a href=\"http:\/\/www.vision-laser.fr\/en\/chirurgie-refractive\/\" target=\"_self\">Refractive Laser Surgery<\/a> is the specialty of the Hauts-de-France Vision Laser Center.<\/p>\n<p class=\"translation-block\">Apart from the major <strong>pathologies<\/strong> (<a href=\"http:\/\/www.vision-laser.fr\/en\/la-cataracte\/\" target=\"_self\">Cataract<\/a>, <a href=\"http:\/\/www.vision-laser.fr\/en\/le-glaucome\/\" target=\"_self\">glaucoma<\/a>, <a href=\"http:\/\/www.vision-laser.fr\/en\/dmla-macula-retine\/\" target=\"_self\">AMD<\/a>) which are the subject of detailed chapters on this site, we have selected around twenty common <strong>eye diseases<\/strong> which we present to you:<\/p>\n<p class=\"translation-block\">\u2013 <a href=\"http:\/\/www.vision-laser.fr\/en\/20-morbides-frequentes\/canal-lacrymal-du-nourrisson-bouche\/\" target=\"_blank\" rel=\"noopener noreferrer\">TEAR CANAL OF CLOGGED INFANT<br> <\/a>\u2013 <a href=\"http:\/\/www.vision-laser.fr\/en\/20-m\u00e9dies-frequentes\/chalazion-et-orgelet\/\" target=\"_blank\" rel=\"noopener noreferrer \">CHALAZION AND STYE<br> <\/a>\u2013 <a href=\"http:\/\/www.vision-laser.fr\/en\/20-m\u00e9dies-frequentes\/dacryocystitis\/\" target=\"_blank\" rel=\"noopener noreferrer\">DACRYOCYSTITIS<br> <\/a>\u2013 <a href=\"http:\/\/www.vision-laser.fr\/en\/20-maladies-frequentes\/detachment-de-retine\/\" target=\"_blank\" rel=\"noopener noreferrer\">RETINA DETACHMENT<br>\n<\/a> \u2013 <a href=\"http:\/\/www.vision-laser.fr\/en\/20-maladies-frequentes\/decollement-du-vitre\/\" target=\"_blank\" rel=\"noopener noreferrer\">VITREOUS DETACHMENT<br>\n<\/a>\u2013 <a href=\"http:\/\/www.vision-laser.fr\/en\/20-maladies-frequentes\/conjonctivites\/\" target=\"_blank\" rel=\"noopener noreferrer\">CONJUNCTIVITIS<br>\n<\/a> \u2013 <a href=\"http:\/\/www.vision-laser.fr\/en\/20-maladies-frequentes\/corps-flottants-oculaires\/\" target=\"_blank\" rel=\"noopener noreferrer\">EYE FLOATERS<br>\n<\/a>\u2013 <a href=\"http:\/\/www.vision-laser.fr\/en\/20-maladies-frequentes\/diabete\/\" target=\"_self\">DIABETES<br>\n<\/a>\u2013 <a href=\"http:\/\/www.vision-laser.fr\/en\/20-maladies-frequentes\/fatigue-visuelle-sur-ecran\/\" target=\"_self \">VISUAL FATIGUE ON SCREEN<br>\n<\/a>\u2013 <a href=\"http:\/\/www.vision-laser.fr\/en\/20-maladies-frequentes\/hta\/\" target=\"_blank\" rel=\"noopener noreferrer \">HTA<br>\n\u2013 KERATITIS<br>\n<\/a>\u2013\u00a0<a href=\"http:\/\/www.vision-laser.fr\/en\/20-maladies-frequentes\/keratoconus\/\" target=\"_blank\" rel=\"noopener noreferrer\">KERATOCONE<br>\n<\/a>\u2013 <a href=\"http:\/\/www.vision-laser.fr\/en\/20-maladies-frequentes\/migraines-ophtalmiques\/\" target=\"_blank\" rel=\"noopener noreferrer\">OPHTHALMIC MIGRAINES<br>\n<\/a>\u2013 <a href=\"http:\/\/www.vision-laser.fr\/en\/20-maladies-frequentes\/nevrites-optiques\/\" target=\"_blank\" rel=\"noopener noreferrer\">OPTIC NEURITIS<br>\n<\/a>\u2013 <a href=\"http:\/\/www.vision-laser.fr\/en\/20-maladies-frequentes\/pinguecula-et-pterygion\/\" target=\"_blank\" rel=\"noopener noreferrer\">PINGUECULA AND PTERYGION<br> <\/a>\u2013 <a href=\"http:\/\/www.vision-laser.fr\/en\/20-m\u00e9dies-frequentes\/secheresse-ocular\/\" target=\"_blank\" rel=\"noopener noreferrer\">DRY EYE<br> <\/a>\u2013 <a href=\"http:\/\/www.vision-laser.fr\/en\/20-m\u00e9dies-frequentes\/strabismus\/\" target=\"_blank\" rel=\"noopener noreferrer\">STRABISMUS<br> <\/a>\u2013 <a href=\"http:\/\/www.vision-laser.fr\/en\/20-m\u00e9dies-frequentes\/uveite\/\" target=\"_blank \" rel=\"noopener noreferrer\">UVEITE<br> <\/a>\u2013 <a href=\"http:\/\/www.vision-laser.fr\/en\/20-maladies-frequentes\/vision-des-couleurs-et-daltonisme\/\" target=\"_blank\" rel=\"noopener noreferrer\">VISION OF COLORS AND COLOR BLINDNESS<br>\n<\/a>\u2013 <a href=\"http:\/\/www.vision-laser.fr\/en\/20-maladies-frequentes\/zoster-ophtalmique\/\" target=\"_blank\" rel=\"noopener noreferrer\">ZOSTER OPHTHALMIC<\/a><\/p>\n<h2><\/h2>\n<p>&nbsp;<\/p>","protected":false},"excerpt":{"rendered":"<p>\u00a0De toutes les disciplines m\u00e9dicales, la plus d\u00e9velopp\u00e9e dans l\u2019antiquit\u00e9 fut l\u2019Ophtalmologie. C&rsquo;est aussi une des sp\u00e9cialit\u00e9s\u00a0qui a connu ces derni\u00e8res ann\u00e9es les progr\u00e8s les plus spectaculaires. Les troubles de la r\u00e9fraction (Myopie, astigmatisme, hyperm\u00e9tropie, presbytie)\u00a0 font l&rsquo;objet de plusieurs chapitres de ce site, et la chirurgie Laser r\u00e9fractive est la sp\u00e9cialit\u00e9 du Centre Vision [&hellip;]<\/p>\n","protected":false},"author":2,"featured_media":0,"parent":0,"menu_order":0,"comment_status":"closed","ping_status":"open","template":"","meta":{"om_disable_all_campaigns":false,"inline_featured_image":false,"_monsterinsights_skip_tracking":false,"_monsterinsights_sitenote_active":false,"_monsterinsights_sitenote_note":"","_monsterinsights_sitenote_category":0,"footnotes":""},"class_list":["post-102","page","type-page","status-publish","hentry"],"jetpack_sharing_enabled":true,"_links":{"self":[{"href":"http:\/\/www.vision-laser.fr\/en\/wp-json\/wp\/v2\/pages\/102","targetHints":{"allow":["GET"]}}],"collection":[{"href":"http:\/\/www.vision-laser.fr\/en\/wp-json\/wp\/v2\/pages"}],"about":[{"href":"http:\/\/www.vision-laser.fr\/en\/wp-json\/wp\/v2\/types\/page"}],"author":[{"embeddable":true,"href":"http:\/\/www.vision-laser.fr\/en\/wp-json\/wp\/v2\/users\/2"}],"replies":[{"embeddable":true,"href":"http:\/\/www.vision-laser.fr\/en\/wp-json\/wp\/v2\/comments?post=102"}],"version-history":[{"count":23,"href":"http:\/\/www.vision-laser.fr\/en\/wp-json\/wp\/v2\/pages\/102\/revisions"}],"predecessor-version":[{"id":12221,"href":"http:\/\/www.vision-laser.fr\/en\/wp-json\/wp\/v2\/pages\/102\/revisions\/12221"}],"wp:attachment":[{"href":"http:\/\/www.vision-laser.fr\/en\/wp-json\/wp\/v2\/media?parent=102"}],"curies":[{"name":"wp","href":"https:\/\/api.w.org\/{rel}","templated":true}]}}